{"id":4375,"date":"2022-02-08T14:01:41","date_gmt":"2022-02-08T17:01:41","guid":{"rendered":"http:\/\/editora.ufrrj.br\/?post_type=product&#038;p=4375"},"modified":"2026-03-25T00:12:42","modified_gmt":"2026-03-25T03:12:42","slug":"algebra-linear-basica-com-geometria-analitica-2","status":"publish","type":"product","link":"https:\/\/editora.ufrrj.br\/portal\/produto\/algebra-linear-basica-com-geometria-analitica-2\/","title":{"rendered":"\u00c1lgebra Linear B\u00e1sica com geometria anal\u00edtica"},"content":{"rendered":"<p>A \u00e1lgebra linear \u00e9 uma parte da matem\u00e1tica muito importante para alunos de gradua\u00e7\u00e3o dos cursos de Matem\u00e1tica, F\u00edsica, Qu\u00edmica, Ci\u00eancias da Computa\u00e7\u00e3o, Sistemas de Informa\u00e7\u00e3o, Ci\u00eancias Econ\u00f4micas e das diversas Engenharias. Al\u00e9m disso, outros alunos de gradua\u00e7\u00e3o e de p\u00f3s-gradua\u00e7\u00e3o das \u00e1reas t\u00e9cnicas tamb\u00e9m necessitam dessa ferramenta.<\/p>\n<p>O pr\u00e9-requisito para esse livro \u00e9 o ensino fundamental, e, para alguns exemplos feitos aqui, o ensino m\u00e9dio. Por isso, ele funciona como um primeiro livro de geometria anal\u00edtica e de \u00e1lgebra linear. Sendo assim, a \u00e1lgebra linear b\u00e1sica para o ensino do c\u00e1lculo, de inform\u00e1tica e para aqueles que precisam dar prosseguimento ao estudo de \u00e1lgebra linear que se estuda no ensino m\u00e9dio.<\/p>\n<p>Esse livro come\u00e7a com a geometria anal\u00edtica e conduz o leitor, sempre tendo \u00e0 m\u00e3o os conceitos geom\u00e9tricos de reta, plano e espa\u00e7o, vistos no primeiro cap\u00edtulo, aos conceitos mais abstratos de espa\u00e7o vetorial real e de autovalores e autovetores. S\u00e3o feitos muitos exemplos para suavizar essa passagem do concreto ao abstrato. Os cap\u00edtulos est\u00e3o interligados e cada um deles usa os anteriores, mostrando sempre a liga\u00e7\u00e3o da geometria anal\u00edtica com os sistemas lineares, esses com os espa\u00e7os vetoriais e finalmente, das transforma\u00e7\u00f5es lineares com todos esses t\u00f3picos.<\/p>\n<p>Autor: Paulo Cesar Parga Rodrigues<\/p>\n<p>ISBN: 978-85-8067-106-3<\/p>\n<p>Ano: 2019<\/p>\n<p>5\u00ba Edi\u00e7\u00e3o<\/p>\n","protected":false},"excerpt":{"rendered":"<p>Autor: Paulo Cesar Parga Rodrigues<\/p>\n","protected":false},"featured_media":4376,"template":"","meta":{"_acf_changed":false},"product_brand":[],"product_cat":[21,10],"product_tag":[148,150,149],"class_list":{"0":"post-4375","1":"product","2":"type-product","3":"status-publish","4":"has-post-thumbnail","6":"product_cat-exatas","7":"product_cat-lancamento","8":"product_tag-algebra-linear","9":"product_tag-ciencias-exatas","10":"product_tag-geometria-analitica","11":"product_shipping_class-retirar-no-local","13":"first","14":"instock","15":"featured","16":"shipping-taxable","17":"purchasable","18":"product-type-simple"},"acf":[],"_links":{"self":[{"href":"https:\/\/editora.ufrrj.br\/portal\/wp-json\/wp\/v2\/product\/4375","targetHints":{"allow":["GET"]}}],"collection":[{"href":"https:\/\/editora.ufrrj.br\/portal\/wp-json\/wp\/v2\/product"}],"about":[{"href":"https:\/\/editora.ufrrj.br\/portal\/wp-json\/wp\/v2\/types\/product"}],"wp:featuredmedia":[{"embeddable":true,"href":"https:\/\/editora.ufrrj.br\/portal\/wp-json\/wp\/v2\/media\/4376"}],"wp:attachment":[{"href":"https:\/\/editora.ufrrj.br\/portal\/wp-json\/wp\/v2\/media?parent=4375"}],"wp:term":[{"taxonomy":"product_brand","embeddable":true,"href":"https:\/\/editora.ufrrj.br\/portal\/wp-json\/wp\/v2\/product_brand?post=4375"},{"taxonomy":"product_cat","embeddable":true,"href":"https:\/\/editora.ufrrj.br\/portal\/wp-json\/wp\/v2\/product_cat?post=4375"},{"taxonomy":"product_tag","embeddable":true,"href":"https:\/\/editora.ufrrj.br\/portal\/wp-json\/wp\/v2\/product_tag?post=4375"}],"curies":[{"name":"wp","href":"https:\/\/api.w.org\/{rel}","templated":true}]}}