{"id":4370,"date":"2022-02-08T13:35:30","date_gmt":"2022-02-08T16:35:30","guid":{"rendered":"http:\/\/editora.ufrrj.br\/?post_type=product&#038;p=4370"},"modified":"2024-04-30T15:58:48","modified_gmt":"2024-04-30T18:58:48","slug":"educacao-integral-e-a-agroecologia-no-ensino-fundamental","status":"publish","type":"product","link":"https:\/\/editora.ufrrj.br\/portal\/produto\/educacao-integral-e-a-agroecologia-no-ensino-fundamental\/","title":{"rendered":"Educa\u00e7\u00e3o integral e a agroecologia no ensino fundamental"},"content":{"rendered":"<p>Em 1992, a Universidade Federal Rural do Rio de Janeiro (UFRRJ) optou por implantar um Centro de Aten\u00e7\u00e3o \u00e0 Crian\u00e7a e ao Adolescente (CAIC) com o objetivo de atender aos alunos dos Cursos de Licenciatura da Universidade e \u00e0s crian\u00e7as do Munic\u00edpio de Serop\u00e9dica. Esse Centro fazia parte de um projeto do Governo Federal cuja finalidade era promover a\u00e7\u00f5es integradas de educa\u00e7\u00e3o, sa\u00fade, assist\u00eancia e promo\u00e7\u00e3o social relativas \u00e0 crian\u00e7a e ao adolescente, bem como sua integra\u00e7\u00e3o na comunidade.<\/p>\n<p>Este livro \u00e9 um aprofundamento dos estudos do Curso de Mestrado em Educa\u00e7\u00e3o Agr\u00edcola, realizado no Programa de P\u00f3s-Gradua\u00e7\u00e3o em Educa\u00e7\u00e3o Agr\u00edcola da UFRRJ. Utiliza dados qualitativos prim\u00e1rios (entrevistas semiestruturadas) e secund\u00e1rios (documentos oficiais) para analisar o hist\u00f3rico da implanta\u00e7\u00e3o do CAIC Paulo Dacorso Filho (1994-1997) e propor a sua transforma\u00e7\u00e3o em um Centro de Ensino e Pesquisa Aplicado \u00e0 Educa\u00e7\u00e3o Agroecol\u00f3gica, administrado unicamente pela UFRRJ. Os principais temas abordados s\u00e3o: o contexto educacional das d\u00e9cadas de 1980 e 1990; o processo de municipaliza\u00e7\u00e3o no Brasil; os programas educacionais de tempo integral de maior visibilidade nas d\u00e9cadas de 1980 e 1990; a educa\u00e7\u00e3o integral e a agroecologia. Os referidos temas foram selecionados por sua estreita rela\u00e7\u00e3o com este objeto de estudo. Os resultados sugerem que o modelo de gest\u00e3o, tripartite, dificultou o funcionamento do CAIC Paulo Dacorso Filho, por confrontarem o projeto pedag\u00f3gico proposto pela UFRRJ. Por exemplo, a alta rotatividade de professores que dificultou sua forma\u00e7\u00e3o continuada, as perdas salariais para os funcion\u00e1rios estaduais, a descontinuidade no fornecimento da merenda escolar, entre outros.<\/p>\n<p>Dessa forma, propomos a transforma\u00e7\u00e3o do CAIC Paulo Dacorso Filho em um Centro de Ensino e Pesquisa Aplicado \u00e0 Educa\u00e7\u00e3o Agroecol\u00f3gica, cujos objetivos e diretrizes estejam aliados aos interesses da UFRRJ no que se refere ao Ensino, Pesquisa e Extens\u00e3o, e que tenha a vertente agroecol\u00f3gica como base das experi\u00eancias curriculares. Propomos, ainda, que esta unidade educacional seja um local para forma\u00e7\u00e3o de professores da rede municipal e estadual, bem como um campo de pr\u00e1tica adicional para a forma\u00e7\u00e3o de alunos de gradua\u00e7\u00e3o da UFRRJ. Por fim, que ele ofere\u00e7a \u00e0 comunidade um ensino de qualidade e contribua para a constru\u00e7\u00e3o do pensamento cr\u00edtico e redu\u00e7\u00e3o das desigualdades sociais.<\/p>\n<p>Autoras: Marilia Massard da Fonseca e Suemy Yukizaki<\/p>\n<p>ISBN: 978-85-8067-109-4<\/p>\n<p>Ano: 2019<\/p>\n<p>1\u00ba Edi\u00e7\u00e3o<\/p>\n","protected":false},"excerpt":{"rendered":"<p>Autoras: Marilia Massard da Fonseca e Suemy Yukizaki<\/p>\n","protected":false},"featured_media":4372,"template":"","meta":{"_acf_changed":false},"product_brand":[],"product_cat":[23,22,10,104],"product_tag":[145,147,146,144],"class_list":{"0":"post-4370","1":"product","2":"type-product","3":"status-publish","4":"has-post-thumbnail","6":"product_cat-ciencias-sociais-e-politicas","7":"product_cat-educacao","8":"product_cat-lancamento","9":"product_cat-serie-rural-em-foco","10":"product_tag-caic","11":"product_tag-educacao","12":"product_tag-ensino-fundamental","13":"product_tag-rural-em-foco","14":"product_shipping_class-retirar-no-local","16":"first","17":"instock","18":"featured","19":"shipping-taxable","20":"purchasable","21":"product-type-simple"},"acf":[],"_links":{"self":[{"href":"https:\/\/editora.ufrrj.br\/portal\/wp-json\/wp\/v2\/product\/4370","targetHints":{"allow":["GET"]}}],"collection":[{"href":"https:\/\/editora.ufrrj.br\/portal\/wp-json\/wp\/v2\/product"}],"about":[{"href":"https:\/\/editora.ufrrj.br\/portal\/wp-json\/wp\/v2\/types\/product"}],"wp:featuredmedia":[{"embeddable":true,"href":"https:\/\/editora.ufrrj.br\/portal\/wp-json\/wp\/v2\/media\/4372"}],"wp:attachment":[{"href":"https:\/\/editora.ufrrj.br\/portal\/wp-json\/wp\/v2\/media?parent=4370"}],"wp:term":[{"taxonomy":"product_brand","embeddable":true,"href":"https:\/\/editora.ufrrj.br\/portal\/wp-json\/wp\/v2\/product_brand?post=4370"},{"taxonomy":"product_cat","embeddable":true,"href":"https:\/\/editora.ufrrj.br\/portal\/wp-json\/wp\/v2\/product_cat?post=4370"},{"taxonomy":"product_tag","embeddable":true,"href":"https:\/\/editora.ufrrj.br\/portal\/wp-json\/wp\/v2\/product_tag?post=4370"}],"curies":[{"name":"wp","href":"https:\/\/api.w.org\/{rel}","templated":true}]}}