{"id":4365,"date":"2021-12-22T13:03:48","date_gmt":"2021-12-22T16:03:48","guid":{"rendered":"http:\/\/editora.ufrrj.br\/?post_type=product&#038;p=4365"},"modified":"2023-07-14T16:13:18","modified_gmt":"2023-07-14T19:13:18","slug":"ensaios-de-teorias-criticas-da-sociedade","status":"publish","type":"product","link":"https:\/\/editora.ufrrj.br\/portal\/produto\/ensaios-de-teorias-criticas-da-sociedade\/","title":{"rendered":"Ensaios de teorias cr\u00edticas da sociedade"},"content":{"rendered":"<p>Quando o s\u00e9culo XX termina? A quest\u00e3o que abre esse livro dialoga com Eric Hobsbawm (1995), para quem os s\u00e9culos terminam a partir de grandes eventos hist\u00f3ricos que colocam em xeque concep\u00e7\u00f5es hegem\u00f4nicas sobre a sociedade. Com a pandemia do novo coronav\u00edrus (SARS-COV-2), que se processa em n\u00edvel global, alguns intelectuais t\u00eam sugerido que talvez o ano de 2020 marque efetivamente o final do s\u00e9culo XX. Seguindo essa leitura, surgem algumas quest\u00f5es: quais s\u00e3o as caracter\u00edsticas do in\u00edcio desse novo s\u00e9culo? Se a grande marca do s\u00e9culo XX foi a tecnologia que ganhou escala mundial e acelerou o tempo, qual ser\u00e1 a tend\u00eancia a marcar o s\u00e9culo XXI? Essas quest\u00f5es n\u00e3o s\u00e3o f\u00e1ceis de serem respondidas, mas acreditamos que o presente e o futuro (o mundo p\u00f3s-pandemia) dependem das disputas de novos projetos de sociedade que se desenham desde j\u00e1, para os quais essas quest\u00f5es s\u00e3o inescap\u00e1veis. Ainda que seja dif\u00edcil prever a dire\u00e7\u00e3o das mudan\u00e7as sociais, procuramos registrar nesse livro em que s\u00e3o reunidas leituras cr\u00edticas da sociedade contempor\u00e2nea que, se n\u00e3o ajudam a ler diretamente os efeitos sociais e pol\u00edticos da pandemia, buscam compreender melhor os desafios estruturais que temos pela frente, apontando para poss\u00edveis sujeitos transformadores da nossa sociedade.<\/p>\n<p>Organizadores: Adriana Amaral Ferreira e Henrique Pereira Braga<\/p>\n<p>ISBN: 978-65-86859-17-1<\/p>\n<p>Ano: 2021<\/p>\n<p>1\u00ba Edi\u00e7\u00e3o<\/p>\n","protected":false},"excerpt":{"rendered":"<p>Organizadores: Adriana Amaral Ferreira e Henrique Pereira Braga<\/p>\n","protected":false},"featured_media":4366,"template":"","meta":{"_acf_changed":false},"product_brand":[],"product_cat":[23,59,10,102],"product_tag":[142,139,140,141,143],"class_list":{"0":"post-4365","1":"product","2":"type-product","3":"status-publish","4":"has-post-thumbnail","6":"product_cat-ciencias-sociais-e-politicas","7":"product_cat-ebooks","8":"product_cat-lancamento","9":"product_cat-serie-instituto-rural","10":"product_tag-ciencia-politica","11":"product_tag-ciencias-sociais","12":"product_tag-politica","13":"product_tag-sociedade","14":"product_tag-sociologia","16":"first","17":"instock","18":"featured","19":"shipping-taxable","20":"purchasable","21":"product-type-variable"},"acf":[],"_links":{"self":[{"href":"https:\/\/editora.ufrrj.br\/portal\/wp-json\/wp\/v2\/product\/4365","targetHints":{"allow":["GET"]}}],"collection":[{"href":"https:\/\/editora.ufrrj.br\/portal\/wp-json\/wp\/v2\/product"}],"about":[{"href":"https:\/\/editora.ufrrj.br\/portal\/wp-json\/wp\/v2\/types\/product"}],"wp:featuredmedia":[{"embeddable":true,"href":"https:\/\/editora.ufrrj.br\/portal\/wp-json\/wp\/v2\/media\/4366"}],"wp:attachment":[{"href":"https:\/\/editora.ufrrj.br\/portal\/wp-json\/wp\/v2\/media?parent=4365"}],"wp:term":[{"taxonomy":"product_brand","embeddable":true,"href":"https:\/\/editora.ufrrj.br\/portal\/wp-json\/wp\/v2\/product_brand?post=4365"},{"taxonomy":"product_cat","embeddable":true,"href":"https:\/\/editora.ufrrj.br\/portal\/wp-json\/wp\/v2\/product_cat?post=4365"},{"taxonomy":"product_tag","embeddable":true,"href":"https:\/\/editora.ufrrj.br\/portal\/wp-json\/wp\/v2\/product_tag?post=4365"}],"curies":[{"name":"wp","href":"https:\/\/api.w.org\/{rel}","templated":true}]}}