{"id":436,"date":"2016-08-31T19:17:07","date_gmt":"2016-08-31T22:17:07","guid":{"rendered":"http:\/\/editora.ufrrj.br\/?post_type=product&#038;p=436"},"modified":"2023-07-26T10:00:28","modified_gmt":"2023-07-26T13:00:28","slug":"funcoes-e-estrutura-da-cobertura-arborea-urbana","status":"publish","type":"product","link":"https:\/\/editora.ufrrj.br\/portal\/produto\/funcoes-e-estrutura-da-cobertura-arborea-urbana\/","title":{"rendered":"Fun\u00e7\u00f5es e Estrutura da Cobertura Arb\u00f3rea Urbana"},"content":{"rendered":"<p>A elabora\u00e7\u00e3o deste texto foi motivada pela percep\u00e7\u00e3o de tr\u00eas fatos, todos com o mesmo grau import\u00e2ncia. O primeiro \u00e9 de que o conhecimento dos benef\u00edcios e das potencialidades de \u00e1rvores e florestas no espa\u00e7o urbano ainda \u00e9 muito pequeno em nosso pa\u00eds, o que tem dificultado o seu uso de maneira mais intensiva, bem como a estima que a popula\u00e7\u00e3o nutre por estes elementos. Mesmo com o esfor\u00e7o dos (poucos) grupos que se ocupam deste setor, nos meios governamental e n\u00e3o governamental, os efeitos positivos destes componentes permanecem pouco conhecidos. A popula\u00e7\u00e3o, e mesmo uma fra\u00e7\u00e3o consider\u00e1vel de t\u00e9cnicos, ainda n\u00e3o disp\u00f5e de meios acess\u00edveis de divulga\u00e7\u00e3o a este respeito, que permitam n\u00e3o s\u00f3 o manejo adequado, como tamb\u00e9m sua valoriza\u00e7\u00e3o, prote\u00e7\u00e3o e acompanhamento, por parte dos habitantes. Isto explica, em grande parte, a \u00eanfase. Dada na obra a estas potencialidades. Ainda causa surpresa a descoberta de todos os efeitos que a cobertura arb\u00f3rea pode gerar para a qualidade de vida nestes centros e as evid\u00eancias cient\u00edficas mais recentes, ligadas por exemplo \u00e0 sa\u00fade mental, confirmam isto de forma contundente. Neste caso, desconhecer \u00e9 desperdi\u00e7ar potencialidades. O segundo se refere \u00e0 constata\u00e7\u00e3o de que este tema est\u00e1 atravessando um debate fico no Brasil isto dever\u00e1 ter conseq\u00fc\u00eancias importantes para a sua condu\u00e7\u00e3o no futuro. O assunto tem uma natureza complexa e se isto for desconsiderado corremos o risco de desenvolver m\u00e9todos e procedimento fragmentados e isolados de seu contexto. \u00c1rvores e florestas urbanas se constituem em elementos naturais que interagem de forma intensiva e permanente com popula\u00e7\u00f5es humanas e com o ambiente f\u00edsico biol\u00f3gico. Isto significa que a cobertura arb\u00f3rea deve focar as diferentes especialidades ligadas ao tem sem deixar de se debru\u00e7ar sobre vis\u00f5es mais gerais e abrangentes, integrando e incorporando \u00e1reas de conhecimento. Acreditamos que o sucesso dos trabalhos com estes elementos est\u00e1 associado ao di\u00e1logo entre disciplinas aparentemente distantes, como Hist\u00f3ria e Arboricultura, Arquitetura e Biologia da Conserva\u00e7\u00e3o. O debate a respeito de conceitos que permitam este di\u00e1logo \u00ea muito importante e poder subsidiar, no futuro, estes trabalhos. Finalmente, o terceiro se refere \u00e0 viv\u00eancia\/conviv\u00eancia e ao meu aprendizado nas atividades de ensino, extens\u00e3o, nos projetos desenvolvidos nos munic\u00edpios e bairros. Este tema passou a ser discutido nas escolas apenas nas \u00faltimas duas d\u00e9cadas e a disponibilidade de um texto como este poder\u00e1 dar mais instrumentos para a prepara\u00e7\u00e3o do aluno e mesmo para profissionais formados em per\u00edodos em que este a base conceitual as tema n\u00e3o era abordado. A preocupa\u00e7\u00e3o em discutir atual e rela\u00e7\u00f5es com o ambiente f\u00edsico-biol\u00f3gico e antr\u00f3pico dever\u00e3o permitir outros passos adiante, com maior consist\u00eancia, visando aprofundar o seu planejamento e manejo. Espero que a sua leitura traga tamb\u00e9m motiva\u00e7\u00f5es para novas reflex\u00f5es e a\u00e7\u00f5es mais positivas para a vida nas cidades.<\/p>\n<p>Autor: Luiz Mauro S. Magalh\u00e3es<\/p>\n<p>ISBN: 85-85720-39-5<\/p>\n<p>Ano, P\u00e1g., Peso: 2004, 74p., 195 gramas<\/p>\n","protected":false},"excerpt":{"rendered":"<p>Autor: Luiz Mauro S. Magalh\u00e3es<\/p>\n","protected":false},"featured_media":645,"template":"","meta":{"_acf_changed":false},"product_brand":[],"product_cat":[25,24,22,19,20],"product_tag":[],"class_list":{"0":"post-436","1":"product","2":"type-product","3":"status-publish","4":"has-post-thumbnail","6":"product_cat-arquitetura","7":"product_cat-biologia","8":"product_cat-educacao","9":"product_cat-historia","10":"product_cat-recursos-florestais","12":"first","13":"outofstock","14":"sale","15":"shipping-taxable","16":"purchasable","17":"product-type-simple"},"acf":[],"_links":{"self":[{"href":"https:\/\/editora.ufrrj.br\/portal\/wp-json\/wp\/v2\/product\/436","targetHints":{"allow":["GET"]}}],"collection":[{"href":"https:\/\/editora.ufrrj.br\/portal\/wp-json\/wp\/v2\/product"}],"about":[{"href":"https:\/\/editora.ufrrj.br\/portal\/wp-json\/wp\/v2\/types\/product"}],"wp:featuredmedia":[{"embeddable":true,"href":"https:\/\/editora.ufrrj.br\/portal\/wp-json\/wp\/v2\/media\/645"}],"wp:attachment":[{"href":"https:\/\/editora.ufrrj.br\/portal\/wp-json\/wp\/v2\/media?parent=436"}],"wp:term":[{"taxonomy":"product_brand","embeddable":true,"href":"https:\/\/editora.ufrrj.br\/portal\/wp-json\/wp\/v2\/product_brand?post=436"},{"taxonomy":"product_cat","embeddable":true,"href":"https:\/\/editora.ufrrj.br\/portal\/wp-json\/wp\/v2\/product_cat?post=436"},{"taxonomy":"product_tag","embeddable":true,"href":"https:\/\/editora.ufrrj.br\/portal\/wp-json\/wp\/v2\/product_tag?post=436"}],"curies":[{"name":"wp","href":"https:\/\/api.w.org\/{rel}","templated":true}]}}