{"id":434,"date":"2016-08-31T19:06:38","date_gmt":"2016-08-31T22:06:38","guid":{"rendered":"http:\/\/editora.ufrrj.br\/?post_type=product&#038;p=434"},"modified":"2023-07-26T09:59:15","modified_gmt":"2023-07-26T12:59:15","slug":"gestao-de-relacionamento-com-fornecedores-uma-analise-de-industria-automotiva","status":"publish","type":"product","link":"https:\/\/editora.ufrrj.br\/portal\/produto\/gestao-de-relacionamento-com-fornecedores-uma-analise-de-industria-automotiva\/","title":{"rendered":"Gest\u00e3o de Relacionamento com Fornecedores: uma an\u00e1lise de industria automotiva"},"content":{"rendered":"<p>Neste livro procuramos abordar as transforma\u00e7\u00f5es experimentadas por essa que \u00e9 a maior ind\u00fastria do mundo. A ind\u00fastria automobil\u00edstica \u00e9, por si, uma verdadeira escola de gest\u00e3o.<\/p>\n<p>Adotamos uma vis\u00e3o evolutiva sobre o que chamamos de concep\u00e7\u00f5es do neg\u00f3cio automobil\u00edstico, ou sobre como importantes empresas dessa ind\u00fastria se organizaram em diferentes momentos da hist\u00f3ria para atingir seus objetivos. A concep\u00e7\u00e3o do neg\u00f3cio demonstra como que a empresa est\u00e1 se preparando para o processo de gest\u00e3o do valor, isto \u00e9, \u00e0 adequa\u00e7\u00e3o da gest\u00e3o do neg\u00f3cio \u00e0 evolu\u00e7\u00e3o dos interesses dos shareholders e stakeholders.<\/p>\n<p>Assumimos que ele est\u00e1 na que pode ser chamada de quarta fase do processo de gest\u00e3o do valor. Processo que representa um movimento cont\u00ednuo e vigoroso de busca de competitividade entre as empresas desde o tempo da produ\u00e7\u00e3o artesanal no final do s\u00e9culo XIX, passando por distintas fases, conforme mostra a Figura abaixo.<\/p>\n<p>&nbsp;<\/p>\n<p><img decoding=\"async\" src=\"http:\/\/www.marcobauhaus.com.br\/images\/stories\/bauhausimagens\/imagem013.jpg\" border=\"0\" \/><\/p>\n<p>&nbsp;<\/p>\n<p>A produ\u00e7\u00e3o modular \u00e9 o paradigma que destacamos nesta quarta fase. \u00c9 um processo cont\u00ednuo e evolutivo, repleto de momentos marcantes para a consolida\u00e7\u00e3o das ci\u00eancias administrativas e mesmo do sistema econ\u00f4mico capitalista. Desde seus prim\u00f3rdios no final do s\u00e9culo XIX at\u00e9 hoje, toda transi\u00e7\u00e3o de uma fase de gest\u00e3o de valor para outra no neg\u00f3cio automobil\u00edstico, esteve envolvida em profundas transforma\u00e7\u00f5es sociais, pol\u00edticas, econ\u00f4micas e culturais no mundo.<br \/>\nAl\u00e9m da an\u00e1lise de modelo de neg\u00f3cio, o livro aborda detalhadamente a produ\u00e7\u00e3o Modular (A F\u00e1brica dentro da F\u00e1brica), a \u00canfase em Parcerias, o Desenvolvimento de Fornecedores; o fornecimento global e as novas tend\u00eancias na gest\u00e3o do processo produtivo.<\/p>\n<p>Autores: Marcos Antonio Ferreira de Souza e Francisco Paulo Melo Neto<\/p>\n<p>ISBN: 85-85720-36-0<\/p>\n<p>Ano, P\u00e1g., Peso: 2004, 161p., 190 gramas<\/p>\n<p>&nbsp;<\/p>\n","protected":false},"excerpt":{"rendered":"<p>Autores: Marcos Antonio Ferreira de Souza e Francisco Paulo Melo Neto<\/p>\n","protected":false},"featured_media":646,"template":"","meta":{"_acf_changed":false},"product_brand":[],"product_cat":[12,22],"product_tag":[],"class_list":{"0":"post-434","1":"product","2":"type-product","3":"status-publish","4":"has-post-thumbnail","6":"product_cat-administracao","7":"product_cat-educacao","9":"first","10":"outofstock","11":"sale","12":"shipping-taxable","13":"purchasable","14":"product-type-simple"},"acf":[],"_links":{"self":[{"href":"https:\/\/editora.ufrrj.br\/portal\/wp-json\/wp\/v2\/product\/434","targetHints":{"allow":["GET"]}}],"collection":[{"href":"https:\/\/editora.ufrrj.br\/portal\/wp-json\/wp\/v2\/product"}],"about":[{"href":"https:\/\/editora.ufrrj.br\/portal\/wp-json\/wp\/v2\/types\/product"}],"wp:featuredmedia":[{"embeddable":true,"href":"https:\/\/editora.ufrrj.br\/portal\/wp-json\/wp\/v2\/media\/646"}],"wp:attachment":[{"href":"https:\/\/editora.ufrrj.br\/portal\/wp-json\/wp\/v2\/media?parent=434"}],"wp:term":[{"taxonomy":"product_brand","embeddable":true,"href":"https:\/\/editora.ufrrj.br\/portal\/wp-json\/wp\/v2\/product_brand?post=434"},{"taxonomy":"product_cat","embeddable":true,"href":"https:\/\/editora.ufrrj.br\/portal\/wp-json\/wp\/v2\/product_cat?post=434"},{"taxonomy":"product_tag","embeddable":true,"href":"https:\/\/editora.ufrrj.br\/portal\/wp-json\/wp\/v2\/product_tag?post=434"}],"curies":[{"name":"wp","href":"https:\/\/api.w.org\/{rel}","templated":true}]}}