{"id":430,"date":"2016-08-31T18:01:54","date_gmt":"2016-08-31T21:01:54","guid":{"rendered":"http:\/\/editora.ufrrj.br\/?post_type=product&#038;p=430"},"modified":"2023-07-26T10:00:34","modified_gmt":"2023-07-26T13:00:34","slug":"guia-de-fontes-da-regiao-metropolitana-do-rio-de-janeiro-catalogo-de-teses-1970-2009","status":"publish","type":"product","link":"https:\/\/editora.ufrrj.br\/portal\/produto\/guia-de-fontes-da-regiao-metropolitana-do-rio-de-janeiro-catalogo-de-teses-1970-2009\/","title":{"rendered":"Guia de Fontes da Regi\u00e3o Metropolitana do Rio de Janeiro, cat\u00e1logo de teses 1970-2009"},"content":{"rendered":"<p>Autor: Nelson Rojas de Carvalho (orgs.)<\/p>\n<p>ISBN: 978-85-85720-79-7<\/p>\n<p>Ano, P\u00e1g., Peso: 2010, 478p., 540 gramas<\/p>\n","protected":false},"excerpt":{"rendered":"<p>Guia de Fontes da Regi\u00e3o Metropolitana do Rio de Janeiro, destaca-se pelo fato de atualizar e complementar trabalho anterior, realizado pelo IUPERJ e publicado em 1992. A presente obra enfatiza as pesquisas na Baixada Fluminense e em outros munic\u00edpios da Regi\u00e3o Metropolitana, excetuando-se a capital, produzidos pelas principais Universidades e Institutos de Pesquisa, especialmente nas \u00e1reas de Ci\u00eancias Humanas e Sociais aplicadas. Por outro lado, a import\u00e2ncia da divulga\u00e7\u00e3o destes trabalhos em forma de guia de fontes, revela a essencialidade da organiza\u00e7\u00e3o de publica\u00e7\u00f5es semelhantes, atualizadas com regularidade, cobrindo todas as demais \u00e1reas do conhecimento e todas as regi\u00f5es geogr\u00e1ficas de abrang\u00eancia do fazer universit\u00e1rio, atrav\u00e9s das teses e disserta\u00e7\u00f5es produzidas nos cursos de p\u00f3sgradua\u00e7\u00e3o<\/p>\n","protected":false},"featured_media":647,"template":"","meta":{"_acf_changed":false},"product_brand":[],"product_cat":[22],"product_tag":[],"class_list":{"0":"post-430","1":"product","2":"type-product","3":"status-publish","4":"has-post-thumbnail","6":"product_cat-educacao","8":"first","9":"instock","10":"sale","11":"shipping-taxable","12":"purchasable","13":"product-type-simple"},"acf":[],"_links":{"self":[{"href":"https:\/\/editora.ufrrj.br\/portal\/wp-json\/wp\/v2\/product\/430","targetHints":{"allow":["GET"]}}],"collection":[{"href":"https:\/\/editora.ufrrj.br\/portal\/wp-json\/wp\/v2\/product"}],"about":[{"href":"https:\/\/editora.ufrrj.br\/portal\/wp-json\/wp\/v2\/types\/product"}],"wp:featuredmedia":[{"embeddable":true,"href":"https:\/\/editora.ufrrj.br\/portal\/wp-json\/wp\/v2\/media\/647"}],"wp:attachment":[{"href":"https:\/\/editora.ufrrj.br\/portal\/wp-json\/wp\/v2\/media?parent=430"}],"wp:term":[{"taxonomy":"product_brand","embeddable":true,"href":"https:\/\/editora.ufrrj.br\/portal\/wp-json\/wp\/v2\/product_brand?post=430"},{"taxonomy":"product_cat","embeddable":true,"href":"https:\/\/editora.ufrrj.br\/portal\/wp-json\/wp\/v2\/product_cat?post=430"},{"taxonomy":"product_tag","embeddable":true,"href":"https:\/\/editora.ufrrj.br\/portal\/wp-json\/wp\/v2\/product_tag?post=430"}],"curies":[{"name":"wp","href":"https:\/\/api.w.org\/{rel}","templated":true}]}}