{"id":426,"date":"2016-08-31T17:46:13","date_gmt":"2016-08-31T20:46:13","guid":{"rendered":"http:\/\/editora.ufrrj.br\/?post_type=product&#038;p=426"},"modified":"2023-07-26T10:00:03","modified_gmt":"2023-07-26T13:00:03","slug":"habitacao-rural-uma-proposta-de-racionalizacao-pela-autoconstrucao","status":"publish","type":"product","link":"https:\/\/editora.ufrrj.br\/portal\/produto\/habitacao-rural-uma-proposta-de-racionalizacao-pela-autoconstrucao\/","title":{"rendered":"Habita\u00e7\u00e3o Rural: uma proposta de racionaliza\u00e7\u00e3o pela autoconstru\u00e7\u00e3o"},"content":{"rendered":"<p>O livro aborda o estudo da habita\u00e7\u00e3o rural no Brasil a partir do conceito de desenvolvimento rural integrado, onde se consideram todos os aspectos relacionados com a vida no campo de forma a permitir um aumento substantivo da qualidade de vida da fam\u00edlia rual brasileira.\u00a0A Proposta de auto constru\u00e7\u00e3o visa garantir a participa\u00e7\u00e3o democr\u00e1tica da popula\u00e7\u00e3o nas escolhas e decis\u00f5es sobre os modelos de habita\u00e7\u00e3o mais convenientes para o atendimento de suas necessidades espec\u00edficas, tornando-se importante instrumento de desenvolvimento comunit\u00e1rio. O estudo procura sistematizar as diversas fases que comp\u00f5em o processo de produ\u00e7\u00e3o de habita\u00e7\u00f5es pelo autoconstru\u00e7\u00e3o dirigida atrav\u00e9s do sistema de ajuda m\u00fatua, no sentido de racionalizar todos os recursos &#8211; humanos, econ\u00f4micos, financeiros, t\u00e9cnicos, institucionais, legais &#8211; envolvidos no desenvolvimento dessas fases de modo a adequ\u00e1-las \u00e0 realidade rural.<\/p>\n<p>Autor: Carlos Eduardo da Silva<\/p>\n<p>ISBN: 85-87720-04-2<\/p>\n<p>Ano, P\u00e1g., Peso: 1995, 147p., 214 gramas<\/p>\n","protected":false},"excerpt":{"rendered":"<p>Carlos Eduardo da Silva (Autor)<\/p>\n","protected":false},"featured_media":648,"template":"","meta":{"_acf_changed":false},"product_brand":[],"product_cat":[25],"product_tag":[],"class_list":{"0":"post-426","1":"product","2":"type-product","3":"status-publish","4":"has-post-thumbnail","6":"product_cat-arquitetura","8":"first","9":"instock","10":"sale","11":"shipping-taxable","12":"purchasable","13":"product-type-simple"},"acf":[],"_links":{"self":[{"href":"https:\/\/editora.ufrrj.br\/portal\/wp-json\/wp\/v2\/product\/426","targetHints":{"allow":["GET"]}}],"collection":[{"href":"https:\/\/editora.ufrrj.br\/portal\/wp-json\/wp\/v2\/product"}],"about":[{"href":"https:\/\/editora.ufrrj.br\/portal\/wp-json\/wp\/v2\/types\/product"}],"wp:featuredmedia":[{"embeddable":true,"href":"https:\/\/editora.ufrrj.br\/portal\/wp-json\/wp\/v2\/media\/648"}],"wp:attachment":[{"href":"https:\/\/editora.ufrrj.br\/portal\/wp-json\/wp\/v2\/media?parent=426"}],"wp:term":[{"taxonomy":"product_brand","embeddable":true,"href":"https:\/\/editora.ufrrj.br\/portal\/wp-json\/wp\/v2\/product_brand?post=426"},{"taxonomy":"product_cat","embeddable":true,"href":"https:\/\/editora.ufrrj.br\/portal\/wp-json\/wp\/v2\/product_cat?post=426"},{"taxonomy":"product_tag","embeddable":true,"href":"https:\/\/editora.ufrrj.br\/portal\/wp-json\/wp\/v2\/product_tag?post=426"}],"curies":[{"name":"wp","href":"https:\/\/api.w.org\/{rel}","templated":true}]}}