{"id":414,"date":"2016-08-31T16:46:47","date_gmt":"2016-08-31T19:46:47","guid":{"rendered":"http:\/\/editora.ufrrj.br\/?post_type=product&#038;p=414"},"modified":"2023-07-26T10:19:09","modified_gmt":"2023-07-26T13:19:09","slug":"instalacoes-eletricas-dicas-tecnicas","status":"publish","type":"product","link":"https:\/\/editora.ufrrj.br\/portal\/produto\/instalacoes-eletricas-dicas-tecnicas\/","title":{"rendered":"Instala\u00e7\u00f5es El\u00e9tricas, dicas t\u00e9cnicas"},"content":{"rendered":"<p>Atualmente, o fato de existir grande escassez de m\u00e3o-de-obra especializada a n\u00edvel t\u00e9cnico e uma grande demanda do mercado por estes profissionais, principalmente na sub\u00e1rea de Instala\u00e7\u00f5es El\u00e9tricas, tem nos encorajado a escrever este pequeno manual que visa orientar a eletricistas e pessoas que, de um modo geral, estejam envolvidas com obras civis e, em especial, com Instala\u00e7\u00f5es El\u00e9tricas. Assim, tentaremos preencher uma lacuna deixada por outros autores, que embora utilizem a mesma metodologia de c\u00e1lculo, que vamos adotar (at\u00e9 mesmo porque em Ci\u00eancias Exatas e Tecnol\u00f3gicas o processo de c\u00e1lculo, via de regra, \u00e9 sempre o mesmo, por\u00e9m o enfoque \u00e9 diferente), pois este livro \u00e9 centrado em obras pequenas, principalmente por ser escrito para iniciantes. Estaremos abordando desde os fundamentos f\u00edsicos da eletricidade, sua gera\u00e7\u00e3o, distribui\u00e7\u00e3o, aplica\u00e7\u00e3o at\u00e9 seu uso racional, uma vez que neste come\u00e7o de s\u00e9culo j\u00e1 nos mostra uma perspectiva de escassez energ\u00e9tica e nos impulsiona mais e mais para o uso de fontes alternativas. Esperamos que o leitor goste do tratamento que daremos ao assunto, que n\u00e3o exigir\u00e1 profundos conhecimentos de f\u00edsica nem de Matem\u00e1tica, entretanto, para a compreens\u00e3o dos conceitos mais elementares de Instala\u00e7\u00f5es El\u00e9tricas ser\u00e1 necess\u00e1rio um pouco de conhecimento destas disciplinas, para alcan\u00e7ar os dos objetivos a que este Manual se prop\u00f5e.<\/p>\n<p>Autor: Fernando Carneiro Peixoto de Oliveira<\/p>\n<p>ISBN: 85-85720-38-7<\/p>\n<p>Ano, P\u00e1g., Peso: 2004, 185p., 240 gramas<\/p>\n","protected":false},"excerpt":{"rendered":"<p>Autor: Fernando Carneiro Peixoto de Oliveira<\/p>\n","protected":false},"featured_media":654,"template":"","meta":{"_acf_changed":false},"product_brand":[],"product_cat":[25,21],"product_tag":[],"class_list":{"0":"post-414","1":"product","2":"type-product","3":"status-publish","4":"has-post-thumbnail","6":"product_cat-arquitetura","7":"product_cat-exatas","9":"first","10":"instock","11":"sale","12":"shipping-taxable","13":"purchasable","14":"product-type-simple"},"acf":[],"_links":{"self":[{"href":"https:\/\/editora.ufrrj.br\/portal\/wp-json\/wp\/v2\/product\/414","targetHints":{"allow":["GET"]}}],"collection":[{"href":"https:\/\/editora.ufrrj.br\/portal\/wp-json\/wp\/v2\/product"}],"about":[{"href":"https:\/\/editora.ufrrj.br\/portal\/wp-json\/wp\/v2\/types\/product"}],"wp:featuredmedia":[{"embeddable":true,"href":"https:\/\/editora.ufrrj.br\/portal\/wp-json\/wp\/v2\/media\/654"}],"wp:attachment":[{"href":"https:\/\/editora.ufrrj.br\/portal\/wp-json\/wp\/v2\/media?parent=414"}],"wp:term":[{"taxonomy":"product_brand","embeddable":true,"href":"https:\/\/editora.ufrrj.br\/portal\/wp-json\/wp\/v2\/product_brand?post=414"},{"taxonomy":"product_cat","embeddable":true,"href":"https:\/\/editora.ufrrj.br\/portal\/wp-json\/wp\/v2\/product_cat?post=414"},{"taxonomy":"product_tag","embeddable":true,"href":"https:\/\/editora.ufrrj.br\/portal\/wp-json\/wp\/v2\/product_tag?post=414"}],"curies":[{"name":"wp","href":"https:\/\/api.w.org\/{rel}","templated":true}]}}