{"id":411,"date":"2016-08-31T14:38:46","date_gmt":"2016-08-31T17:38:46","guid":{"rendered":"http:\/\/editora.ufrrj.br\/?post_type=product&#038;p=411"},"modified":"2023-09-13T10:42:48","modified_gmt":"2023-09-13T13:42:48","slug":"interferencia-antropica-na-bacia-hidrografica-do-rio-paraiba-do-sul-medio-paraiba-rj-problemas-e-solucoes","status":"publish","type":"product","link":"https:\/\/editora.ufrrj.br\/portal\/produto\/interferencia-antropica-na-bacia-hidrografica-do-rio-paraiba-do-sul-medio-paraiba-rj-problemas-e-solucoes\/","title":{"rendered":"Interfer\u00eancia Antr\u00f3pica na Bacia Hidrogr\u00e1fica do Rio Para\u00edba do Sul (m\u00e9dio Para\u00edba \u2013 RJ): Problemas e solu\u00e7\u00f5es"},"content":{"rendered":"<p>A polui\u00e7\u00e3o dos rios no Brasil \u00e9 crescente, comprometendo a fauna e o abastecimento de \u00e1gua pot\u00e1vel a popula\u00e7\u00e3o. Assim, o tema principal deste livro \u00e9 diagnosticas a interfer\u00eancia antr\u00f3pica em diversos munic\u00edpios do Estado do Rio de Janeiro, ao longo do Rio Para\u00edba do Sul. Entretanto, al\u00e9m de apontar os problemas regionais \u00e9 apresentada a aplica\u00e7\u00e3o da Agenda 21 na APA Palmares, no munic\u00edpio de Paty do Alferes \u2013 RJ, em um estudo de caso abordando um projeto de Educa\u00e7\u00e3o Ambiental em um Col\u00e9gio de rede estadual, com atividades extraclasses, visando \u00e0 preserva\u00e7\u00e3o do Ambiente.<\/p>\n<p>Organizador: Paulo C\u00e9sar R. Cassino<\/p>\n<p>ISBN: 978-85-8067-047-9<\/p>\n<p>Ano, Pag., Peso: 2014, 179, 260 gramas<\/p>\n","protected":false},"excerpt":{"rendered":"<p>Organizador: Paulo C\u00e9sar R. Cassino<\/p>\n","protected":false},"featured_media":655,"template":"","meta":{"_acf_changed":false},"product_brand":[],"product_cat":[66],"product_tag":[],"class_list":{"0":"post-411","1":"product","2":"type-product","3":"status-publish","4":"has-post-thumbnail","6":"product_cat-geografia-area","8":"first","9":"instock","10":"sale","11":"shipping-taxable","12":"purchasable","13":"product-type-simple"},"acf":[],"_links":{"self":[{"href":"https:\/\/editora.ufrrj.br\/portal\/wp-json\/wp\/v2\/product\/411","targetHints":{"allow":["GET"]}}],"collection":[{"href":"https:\/\/editora.ufrrj.br\/portal\/wp-json\/wp\/v2\/product"}],"about":[{"href":"https:\/\/editora.ufrrj.br\/portal\/wp-json\/wp\/v2\/types\/product"}],"wp:featuredmedia":[{"embeddable":true,"href":"https:\/\/editora.ufrrj.br\/portal\/wp-json\/wp\/v2\/media\/655"}],"wp:attachment":[{"href":"https:\/\/editora.ufrrj.br\/portal\/wp-json\/wp\/v2\/media?parent=411"}],"wp:term":[{"taxonomy":"product_brand","embeddable":true,"href":"https:\/\/editora.ufrrj.br\/portal\/wp-json\/wp\/v2\/product_brand?post=411"},{"taxonomy":"product_cat","embeddable":true,"href":"https:\/\/editora.ufrrj.br\/portal\/wp-json\/wp\/v2\/product_cat?post=411"},{"taxonomy":"product_tag","embeddable":true,"href":"https:\/\/editora.ufrrj.br\/portal\/wp-json\/wp\/v2\/product_tag?post=411"}],"curies":[{"name":"wp","href":"https:\/\/api.w.org\/{rel}","templated":true}]}}