{"id":408,"date":"2016-08-31T13:41:05","date_gmt":"2016-08-31T16:41:05","guid":{"rendered":"http:\/\/editora.ufrrj.br\/?post_type=product&#038;p=408"},"modified":"2023-07-26T09:59:57","modified_gmt":"2023-07-26T12:59:57","slug":"internato-na-formacao-agricola","status":"publish","type":"product","link":"https:\/\/editora.ufrrj.br\/portal\/produto\/internato-na-formacao-agricola\/","title":{"rendered":"Internato na forma\u00e7\u00e3o agr\u00edcola"},"content":{"rendered":"<p>O livro se destina a educadores, psic\u00f3logos, cientistas sociais e ao p\u00fablico em geral. Os textos s\u00e3o introduzidos por um panorama do quantitativo de vagas de alojamento tutelado ofertadas atualmente pelos institutos Federais de Educa\u00e7\u00e3o, Ci\u00eancias e Tecnologias Brasileiros, evidenciando a perman\u00eancia desta modalidade de atendimento estudantil. Volta e meia, a gest\u00e3o educacional altera a designa\u00e7\u00e3o dada ao processo psicossocial em jogo, mas a no\u00e7\u00e3o geral de internato permanece. As pesquisas relatadas no livro foram realizadas em escolas de origem agr\u00edcola, situadas no Norte, Nordeste, Sudeste e Centro-Oeste do Brasil, conduzidas por profissionais que trabalham diretamente no atendimento de alunos e ocorridos no \u00e2mbito de um programa de p\u00f3s-gradua\u00e7\u00e3o em educa\u00e7\u00e3o agr\u00edcola. O \u00faltimo cap\u00edtulo apresenta um di\u00e1logo fecundo e produtivo com os autores cl\u00e1ssicos da discuss\u00e3o sobre institui\u00e7\u00f5es totais e tem import\u00e2ncia acentuada em v\u00e1rios dom\u00ednios das ci\u00eancias sociais.<\/p>\n<p>Autores: Rosa Cristina Monteiro, S\u00edlvio Maria Melo Gon\u00e7alves (organizadoras)<\/p>\n<p>ISBN: 978-85-8067-044-8<\/p>\n<p>Ano, P\u00e1g., Peso: 2012, 128p., 190gramas<\/p>\n","protected":false},"excerpt":{"rendered":"<p>Autores: Rosa Cristina Monteiro, S\u00edlvio Maria Melo Gon\u00e7alves (organizadoras)<\/p>\n","protected":false},"featured_media":656,"template":"","meta":{"_acf_changed":false},"product_brand":[],"product_cat":[13,22],"product_tag":[],"class_list":{"0":"post-408","1":"product","2":"type-product","3":"status-publish","4":"has-post-thumbnail","6":"product_cat-agronomia","7":"product_cat-educacao","9":"first","10":"instock","11":"sale","12":"shipping-taxable","13":"purchasable","14":"product-type-simple"},"acf":[],"_links":{"self":[{"href":"https:\/\/editora.ufrrj.br\/portal\/wp-json\/wp\/v2\/product\/408","targetHints":{"allow":["GET"]}}],"collection":[{"href":"https:\/\/editora.ufrrj.br\/portal\/wp-json\/wp\/v2\/product"}],"about":[{"href":"https:\/\/editora.ufrrj.br\/portal\/wp-json\/wp\/v2\/types\/product"}],"wp:featuredmedia":[{"embeddable":true,"href":"https:\/\/editora.ufrrj.br\/portal\/wp-json\/wp\/v2\/media\/656"}],"wp:attachment":[{"href":"https:\/\/editora.ufrrj.br\/portal\/wp-json\/wp\/v2\/media?parent=408"}],"wp:term":[{"taxonomy":"product_brand","embeddable":true,"href":"https:\/\/editora.ufrrj.br\/portal\/wp-json\/wp\/v2\/product_brand?post=408"},{"taxonomy":"product_cat","embeddable":true,"href":"https:\/\/editora.ufrrj.br\/portal\/wp-json\/wp\/v2\/product_cat?post=408"},{"taxonomy":"product_tag","embeddable":true,"href":"https:\/\/editora.ufrrj.br\/portal\/wp-json\/wp\/v2\/product_tag?post=408"}],"curies":[{"name":"wp","href":"https:\/\/api.w.org\/{rel}","templated":true}]}}