{"id":401,"date":"2016-08-31T13:33:42","date_gmt":"2016-08-31T13:33:42","guid":{"rendered":"http:\/\/editora.ufrrj.br\/?post_type=product&#038;p=401"},"modified":"2019-10-31T15:42:08","modified_gmt":"2019-10-31T18:42:08","slug":"introducao-historica-a-biologia-comparada-com-especial-referencia-a-biografia-iv-de-descartes-leibriz-1628-a-1716","status":"publish","type":"product","link":"https:\/\/editora.ufrrj.br\/portal\/produto\/introducao-historica-a-biologia-comparada-com-especial-referencia-a-biografia-iv-de-descartes-leibriz-1628-a-1716\/","title":{"rendered":"Introdu\u00e7\u00e3o Hist\u00f3rica \u00e0 Biologia Comparada, com especial refer\u00eancia \u00e0 biografia IV de Descartes Leibriz (1628 a 1716)"},"content":{"rendered":"<p>Autores: Nelson Papavero e Jos\u00e9 R. Pujol-Luz<\/p>\n","protected":false},"excerpt":{"rendered":"<p>Autores: Nelson Papavero e Jos\u00e9 R. Pujol-Luz<\/p>\n","protected":false},"featured_media":657,"template":"","meta":{"_acf_changed":false},"product_brand":[],"product_cat":[24,19],"product_tag":[],"class_list":{"0":"post-401","1":"product","2":"type-product","3":"status-publish","4":"has-post-thumbnail","6":"product_cat-biologia","7":"product_cat-historia","9":"first","10":"outofstock","11":"shipping-taxable","12":"purchasable","13":"product-type-simple"},"acf":[],"_links":{"self":[{"href":"https:\/\/editora.ufrrj.br\/portal\/wp-json\/wp\/v2\/product\/401","targetHints":{"allow":["GET"]}}],"collection":[{"href":"https:\/\/editora.ufrrj.br\/portal\/wp-json\/wp\/v2\/product"}],"about":[{"href":"https:\/\/editora.ufrrj.br\/portal\/wp-json\/wp\/v2\/types\/product"}],"wp:featuredmedia":[{"embeddable":true,"href":"https:\/\/editora.ufrrj.br\/portal\/wp-json\/wp\/v2\/media\/657"}],"wp:attachment":[{"href":"https:\/\/editora.ufrrj.br\/portal\/wp-json\/wp\/v2\/media?parent=401"}],"wp:term":[{"taxonomy":"product_brand","embeddable":true,"href":"https:\/\/editora.ufrrj.br\/portal\/wp-json\/wp\/v2\/product_brand?post=401"},{"taxonomy":"product_cat","embeddable":true,"href":"https:\/\/editora.ufrrj.br\/portal\/wp-json\/wp\/v2\/product_cat?post=401"},{"taxonomy":"product_tag","embeddable":true,"href":"https:\/\/editora.ufrrj.br\/portal\/wp-json\/wp\/v2\/product_tag?post=401"}],"curies":[{"name":"wp","href":"https:\/\/api.w.org\/{rel}","templated":true}]}}