{"id":398,"date":"2016-08-31T13:11:43","date_gmt":"2016-08-31T16:11:43","guid":{"rendered":"http:\/\/editora.ufrrj.br\/?post_type=product&#038;p=398"},"modified":"2023-07-26T09:59:35","modified_gmt":"2023-07-26T12:59:35","slug":"juva-escovao","status":"publish","type":"product","link":"https:\/\/editora.ufrrj.br\/portal\/produto\/juva-escovao\/","title":{"rendered":"Juva Escov\u00e3o"},"content":{"rendered":"<p>O termo BULLYING compreende todas as formas de atitudes agressivas, intencionais e repetidas, que ocorrem sem motiva\u00e7\u00e3o evidente, adotadas por uma ou mais pessoas contra outro(s), causando dor e ang\u00fastia. Dentre as atitudes agressivas mais comuns est\u00e3o: colocar apelidos, ofender, \u201czoar\u201d, \u201cgozar\u201d, \u201cencarnar\u201d, humilhar, discriminar, fazer sofrer, agredir e ferir. \u00c9 nosso objetivo, com este livro, sensibilizar educadores, fam\u00edlias e sociedade para a exist\u00eancia do BULLYING e suas consequ\u00eancias, buscando despert\u00e1-los para o reconhecimento do direito de toda crian\u00e7a e adolescente de frequentar uma escola segura e solid\u00e1ria, capaz de gerar cidad\u00e3os conscientes do respeito \u00e0 pessoa humana e \u00e0s suas diferen\u00e7as e de brincar em ambientes p\u00fablicos sem ser agredido. Nem todos os meninos ou meninas que sofrem persegui\u00e7\u00f5es conseguem um final feliz como o nosso querido Juva Escov\u00e3o! Infelizmente.<\/p>\n<p>&nbsp;<\/p>\n<p style=\"text-align: justify;\">Autor:\u00a0Roza Palomanes<\/p>\n<p style=\"text-align: justify;\">ISBN:\u00a0978-85-8067-064-6<\/p>\n<p style=\"text-align: justify;\">Ano, Pag., Peso: 2014, 52p., 145 gramas<\/p>\n","protected":false},"excerpt":{"rendered":"<p>Autor:\u00a0Roza Palomanes<\/p>\n","protected":false},"featured_media":658,"template":"","meta":{"_acf_changed":false},"product_brand":[],"product_cat":[18],"product_tag":[],"class_list":{"0":"post-398","1":"product","2":"type-product","3":"status-publish","4":"has-post-thumbnail","6":"product_cat-infanto-juvenil","8":"first","9":"instock","10":"sale","11":"shipping-taxable","12":"purchasable","13":"product-type-simple"},"acf":[],"_links":{"self":[{"href":"https:\/\/editora.ufrrj.br\/portal\/wp-json\/wp\/v2\/product\/398","targetHints":{"allow":["GET"]}}],"collection":[{"href":"https:\/\/editora.ufrrj.br\/portal\/wp-json\/wp\/v2\/product"}],"about":[{"href":"https:\/\/editora.ufrrj.br\/portal\/wp-json\/wp\/v2\/types\/product"}],"wp:featuredmedia":[{"embeddable":true,"href":"https:\/\/editora.ufrrj.br\/portal\/wp-json\/wp\/v2\/media\/658"}],"wp:attachment":[{"href":"https:\/\/editora.ufrrj.br\/portal\/wp-json\/wp\/v2\/media?parent=398"}],"wp:term":[{"taxonomy":"product_brand","embeddable":true,"href":"https:\/\/editora.ufrrj.br\/portal\/wp-json\/wp\/v2\/product_brand?post=398"},{"taxonomy":"product_cat","embeddable":true,"href":"https:\/\/editora.ufrrj.br\/portal\/wp-json\/wp\/v2\/product_cat?post=398"},{"taxonomy":"product_tag","embeddable":true,"href":"https:\/\/editora.ufrrj.br\/portal\/wp-json\/wp\/v2\/product_tag?post=398"}],"curies":[{"name":"wp","href":"https:\/\/api.w.org\/{rel}","templated":true}]}}