{"id":393,"date":"2016-08-24T14:27:02","date_gmt":"2016-08-24T17:27:02","guid":{"rendered":"http:\/\/editora.ufrrj.br\/?post_type=product&#038;p=393"},"modified":"2024-06-26T08:59:25","modified_gmt":"2024-06-26T11:59:25","slug":"mamiferos-do-brasil","status":"publish","type":"product","link":"https:\/\/editora.ufrrj.br\/portal\/produto\/mamiferos-do-brasil\/","title":{"rendered":"Mam\u00edferos do Brasil"},"content":{"rendered":"<p>Autor: Nelio Roberto dos Reis,\u00a0Adriano L\u00facio Peracchi, Wagner Andr\u00e9 Pedro, Isaac Passos de Lima<\/p>\n<p>ISBN: 978-85-906395-4-1<\/p>\n<p>Ano, P\u00e1g., Peso: 2011, 439p., 540 gramas<\/p>\n<p><a href=\"http:\/\/institucional.ufrrj.br\/editora\/files\/2013\/05\/apresentmamiferos.pdf\" target=\"_blank\" rel=\"noopener\">Apresenta\u00e7\u00e3o: Mam\u00edferos do Brasil<\/a><\/p>\n","protected":false},"excerpt":{"rendered":"<p>Autor: Nelio Roberto dos Reis,\u00a0Adriano L\u00facio Peracchi, Wagner Andr\u00e9 Pedro, Isaac Passos de Lima<\/p>\n","protected":false},"featured_media":660,"template":"","meta":{"_acf_changed":false},"product_brand":[],"product_cat":[24],"product_tag":[],"class_list":{"0":"post-393","1":"product","2":"type-product","3":"status-publish","4":"has-post-thumbnail","6":"product_cat-biologia","8":"first","9":"instock","10":"sale","11":"shipping-taxable","12":"purchasable","13":"product-type-simple"},"acf":[],"_links":{"self":[{"href":"https:\/\/editora.ufrrj.br\/portal\/wp-json\/wp\/v2\/product\/393","targetHints":{"allow":["GET"]}}],"collection":[{"href":"https:\/\/editora.ufrrj.br\/portal\/wp-json\/wp\/v2\/product"}],"about":[{"href":"https:\/\/editora.ufrrj.br\/portal\/wp-json\/wp\/v2\/types\/product"}],"wp:featuredmedia":[{"embeddable":true,"href":"https:\/\/editora.ufrrj.br\/portal\/wp-json\/wp\/v2\/media\/660"}],"wp:attachment":[{"href":"https:\/\/editora.ufrrj.br\/portal\/wp-json\/wp\/v2\/media?parent=393"}],"wp:term":[{"taxonomy":"product_brand","embeddable":true,"href":"https:\/\/editora.ufrrj.br\/portal\/wp-json\/wp\/v2\/product_brand?post=393"},{"taxonomy":"product_cat","embeddable":true,"href":"https:\/\/editora.ufrrj.br\/portal\/wp-json\/wp\/v2\/product_cat?post=393"},{"taxonomy":"product_tag","embeddable":true,"href":"https:\/\/editora.ufrrj.br\/portal\/wp-json\/wp\/v2\/product_tag?post=393"}],"curies":[{"name":"wp","href":"https:\/\/api.w.org\/{rel}","templated":true}]}}