{"id":388,"date":"2016-08-24T14:14:02","date_gmt":"2016-08-24T17:14:02","guid":{"rendered":"http:\/\/editora.ufrrj.br\/?post_type=product&#038;p=388"},"modified":"2023-07-26T10:00:22","modified_gmt":"2023-07-26T13:00:22","slug":"manual-de-pragas-e-praguicidas-receituario-agronomico","status":"publish","type":"product","link":"https:\/\/editora.ufrrj.br\/portal\/produto\/manual-de-pragas-e-praguicidas-receituario-agronomico\/","title":{"rendered":"Manual de Pragas e Praguicidas: receitu\u00e1rio agron\u00f4mico"},"content":{"rendered":"<p>Autores: Aurino Flor\u00eancio de Lima e Francisco Racca Filho<\/p>\n<p>ISBN:\u00a08585720085<\/p>\n","protected":false},"excerpt":{"rendered":"<p>Autores: Aurino Flor\u00eancio de Lima e Francisco Racca Filho ISBN:\u00a08585720085<\/p>\n","protected":false},"featured_media":661,"template":"","meta":{"_acf_changed":false},"product_brand":[],"product_cat":[13],"product_tag":[],"class_list":{"0":"post-388","1":"product","2":"type-product","3":"status-publish","4":"has-post-thumbnail","6":"product_cat-agronomia","8":"first","9":"outofstock","10":"shipping-taxable","11":"purchasable","12":"product-type-simple"},"acf":[],"_links":{"self":[{"href":"https:\/\/editora.ufrrj.br\/portal\/wp-json\/wp\/v2\/product\/388","targetHints":{"allow":["GET"]}}],"collection":[{"href":"https:\/\/editora.ufrrj.br\/portal\/wp-json\/wp\/v2\/product"}],"about":[{"href":"https:\/\/editora.ufrrj.br\/portal\/wp-json\/wp\/v2\/types\/product"}],"wp:featuredmedia":[{"embeddable":true,"href":"https:\/\/editora.ufrrj.br\/portal\/wp-json\/wp\/v2\/media\/661"}],"wp:attachment":[{"href":"https:\/\/editora.ufrrj.br\/portal\/wp-json\/wp\/v2\/media?parent=388"}],"wp:term":[{"taxonomy":"product_brand","embeddable":true,"href":"https:\/\/editora.ufrrj.br\/portal\/wp-json\/wp\/v2\/product_brand?post=388"},{"taxonomy":"product_cat","embeddable":true,"href":"https:\/\/editora.ufrrj.br\/portal\/wp-json\/wp\/v2\/product_cat?post=388"},{"taxonomy":"product_tag","embeddable":true,"href":"https:\/\/editora.ufrrj.br\/portal\/wp-json\/wp\/v2\/product_tag?post=388"}],"curies":[{"name":"wp","href":"https:\/\/api.w.org\/{rel}","templated":true}]}}