{"id":384,"date":"2016-08-24T13:57:28","date_gmt":"2016-08-24T16:57:28","guid":{"rendered":"http:\/\/editora.ufrrj.br\/?post_type=product&#038;p=384"},"modified":"2023-07-26T10:01:32","modified_gmt":"2023-07-26T13:01:32","slug":"maos-em-acao-em-dispositivos-touchscreen-na-educacao-matematica","status":"publish","type":"product","link":"https:\/\/editora.ufrrj.br\/portal\/produto\/maos-em-acao-em-dispositivos-touchscreen-na-educacao-matematica\/","title":{"rendered":"M\u00e3os em a\u00e7\u00e3o em dispositivos touchscreen na educa\u00e7\u00e3o matem\u00e1tica"},"content":{"rendered":"<p>Este livro abre uma nova agenda nacional de pesquisa em educa\u00e7\u00e3o matem\u00e1tica focada nas intera\u00e7\u00f5es e formas de manipula\u00e7\u00e3o em dispositivo touchscreen. A obra parte do principio de que realizar toques diretos na tela \u00e9 diferente da a\u00e7\u00e3o de clicar e arrastar, comum em ambiente de geometria din\u00e2mica. Al\u00e9m dessa mudan\u00e7a de cunho cognitivo, os autores instigam o leitor a pensar em transforma\u00e7\u00f5es de ordem did\u00e1tica e na pr\u00f3pria natureza matem\u00e1tica quando usu\u00e1rios manipulam simultaneamente pontos em determinada figura. Resultados de implementa\u00e7\u00f5es com estudantes e futuros professores de matem\u00e1tica s\u00e3o usados para ilustrar algumas dessas mudan\u00e7as. O leitor tamb\u00e9m encontrar\u00e1 um detalhado mapeamento de aplicativos desenvolvidos para a matem\u00e1tica. Os resultados discutidos no livro s\u00e3o frutos de pesquisas financiadas pela Capes.<\/p>\n<p>Autor: Marcelo Bairral, Alexandre Assis e B\u00e1rbara Caroline da Silva<\/p>\n<p>ISBN: 978-85-8067-067-7<\/p>\n<p>Volume VII &#8211; S\u00e9rie InovaComTic<\/p>\n<p>Ano, Pag., Peso: 2015, 116p, 145 gramas<\/p>\n","protected":false},"excerpt":{"rendered":"<p>Autor: Marcelo Bairral, Alexandre Assis e B\u00e1rbara Caroline da Silva<\/p>\n","protected":false},"featured_media":663,"template":"","meta":{"_acf_changed":false},"product_brand":[],"product_cat":[22,21],"product_tag":[],"class_list":{"0":"post-384","1":"product","2":"type-product","3":"status-publish","4":"has-post-thumbnail","6":"product_cat-educacao","7":"product_cat-exatas","9":"first","10":"instock","11":"sale","12":"shipping-taxable","13":"purchasable","14":"product-type-simple"},"acf":[],"_links":{"self":[{"href":"https:\/\/editora.ufrrj.br\/portal\/wp-json\/wp\/v2\/product\/384","targetHints":{"allow":["GET"]}}],"collection":[{"href":"https:\/\/editora.ufrrj.br\/portal\/wp-json\/wp\/v2\/product"}],"about":[{"href":"https:\/\/editora.ufrrj.br\/portal\/wp-json\/wp\/v2\/types\/product"}],"wp:featuredmedia":[{"embeddable":true,"href":"https:\/\/editora.ufrrj.br\/portal\/wp-json\/wp\/v2\/media\/663"}],"wp:attachment":[{"href":"https:\/\/editora.ufrrj.br\/portal\/wp-json\/wp\/v2\/media?parent=384"}],"wp:term":[{"taxonomy":"product_brand","embeddable":true,"href":"https:\/\/editora.ufrrj.br\/portal\/wp-json\/wp\/v2\/product_brand?post=384"},{"taxonomy":"product_cat","embeddable":true,"href":"https:\/\/editora.ufrrj.br\/portal\/wp-json\/wp\/v2\/product_cat?post=384"},{"taxonomy":"product_tag","embeddable":true,"href":"https:\/\/editora.ufrrj.br\/portal\/wp-json\/wp\/v2\/product_tag?post=384"}],"curies":[{"name":"wp","href":"https:\/\/api.w.org\/{rel}","templated":true}]}}