{"id":3739,"date":"2021-05-21T14:11:58","date_gmt":"2021-05-21T17:11:58","guid":{"rendered":"http:\/\/editora.ufrrj.br\/?post_type=product&#038;p=3739"},"modified":"2023-07-14T16:15:58","modified_gmt":"2023-07-14T19:15:58","slug":"intelectuais-e-a-questao-agraria-no-brasil","status":"publish","type":"product","link":"https:\/\/editora.ufrrj.br\/portal\/produto\/intelectuais-e-a-questao-agraria-no-brasil\/","title":{"rendered":"Intelectuais e a quest\u00e3o agr\u00e1ria no Brasil"},"content":{"rendered":"<p>Com a organiza\u00e7\u00e3o de M\u00e1rcia Maria Menendes Motta e Pedro Parga Rodrigues, &#8220;Intelectuais e a quest\u00e3o agr\u00e1ria no Brasil&#8221;, lan\u00e7amento da Edur em coedi\u00e7\u00e3o com a Editora Proprietas de Portugal, tem como objetivo apresentar diferentes olhares sobre os universos rurais existentes no Brasil, partindo da no\u00e7\u00e3o de que todos s\u00e3o capazes de elaborar interpreta\u00e7\u00f5es sobre a realidade social que os cerca.<\/p>\n<p>O livro surgiu dos anseios e trabalhos de pesquisadores preocupados em entender a propriedade em sua historicidade. Para isso, partiu-se da constata\u00e7\u00e3o de que a rela\u00e7\u00e3o entre os homens e os bens n\u00e3o \u00e9 uma constante no tempo, mas se transforma com as culturas, os conflitos sociais de cada localidade, bem como com as rela\u00e7\u00f5es socioecon\u00f4micas e pol\u00edticas que os homens tecem ao longo do tempo.<\/p>\n<p>Organizadores: M\u00e1rcia Maria Menendes Motta e Pedro Parga Rodrigues<\/p>\n<p>ISBN: 978-65-86859-10-2<\/p>\n<p>Ano: 2021<\/p>\n<p>1\u00ba Edi\u00e7\u00e3o<\/p>\n","protected":false},"excerpt":{"rendered":"<p>Organizadores: M\u00e1rcia Maria Menendes Motta e Pedro Parga Rodrigues<\/p>\n","protected":false},"featured_media":3749,"template":"","meta":{"_acf_changed":false},"product_brand":[],"product_cat":[13,23,59,66,10],"product_tag":[129,128],"class_list":{"0":"post-3739","1":"product","2":"type-product","3":"status-publish","4":"has-post-thumbnail","6":"product_cat-agronomia","7":"product_cat-ciencias-sociais-e-politicas","8":"product_cat-ebooks","9":"product_cat-geografia-area","10":"product_cat-lancamento","11":"product_tag-agronomia","12":"product_tag-geografia","14":"first","15":"instock","16":"featured","17":"shipping-taxable","18":"purchasable","19":"product-type-variable"},"acf":[],"_links":{"self":[{"href":"https:\/\/editora.ufrrj.br\/portal\/wp-json\/wp\/v2\/product\/3739","targetHints":{"allow":["GET"]}}],"collection":[{"href":"https:\/\/editora.ufrrj.br\/portal\/wp-json\/wp\/v2\/product"}],"about":[{"href":"https:\/\/editora.ufrrj.br\/portal\/wp-json\/wp\/v2\/types\/product"}],"wp:featuredmedia":[{"embeddable":true,"href":"https:\/\/editora.ufrrj.br\/portal\/wp-json\/wp\/v2\/media\/3749"}],"wp:attachment":[{"href":"https:\/\/editora.ufrrj.br\/portal\/wp-json\/wp\/v2\/media?parent=3739"}],"wp:term":[{"taxonomy":"product_brand","embeddable":true,"href":"https:\/\/editora.ufrrj.br\/portal\/wp-json\/wp\/v2\/product_brand?post=3739"},{"taxonomy":"product_cat","embeddable":true,"href":"https:\/\/editora.ufrrj.br\/portal\/wp-json\/wp\/v2\/product_cat?post=3739"},{"taxonomy":"product_tag","embeddable":true,"href":"https:\/\/editora.ufrrj.br\/portal\/wp-json\/wp\/v2\/product_tag?post=3739"}],"curies":[{"name":"wp","href":"https:\/\/api.w.org\/{rel}","templated":true}]}}