{"id":366,"date":"2016-08-24T13:23:58","date_gmt":"2016-08-24T16:23:58","guid":{"rendered":"http:\/\/editora.ufrrj.br\/?post_type=product&#038;p=366"},"modified":"2024-02-09T20:36:21","modified_gmt":"2024-02-09T23:36:21","slug":"mulheres-maes-e-medicos-discurso-maternalista-no-brasil","status":"publish","type":"product","link":"https:\/\/editora.ufrrj.br\/portal\/produto\/mulheres-maes-e-medicos-discurso-maternalista-no-brasil\/","title":{"rendered":"Mulheres, M\u00e3es e M\u00e9dicos: discurso maternalista no Brasil"},"content":{"rendered":"<p>A propaga\u00e7\u00e3o de uma ideologia singular \u2013 a \u201cmaternidade cient\u00edfica\u201d \u2013 \u00e9 do que trata o excelente livro de Maria Martha de Luna Freire. Hoje em dia, quando observamos a atua\u00e7\u00e3o militante de feministas e de m\u00e9dicos contra a excessiva medicaliza\u00e7\u00e3o das pr\u00e1ticas associadas \u00e0 maternidade, inclusive o pr\u00f3prio parto, a \u201cmaternidade cient\u00edfica\u201d pode parecer uma ideia no m\u00ednimo estranha. A leitura do livro de Martha Freire nos ajuda a perceber como os h\u00e1bitos e os valores contempor\u00e2neos de mulheres (m\u00e3es e esposas), sobretudo daquelas pertencentes \u00e0s classes m\u00e9dias urbanas, repercutem um ideal de maternidade cujas ra\u00edzes hist\u00f3ricas e cultuais s\u00e3o encontradas nesta ideologia. A ideologia da \u201cmaternidade cient\u00edfica propagou-se no Brasil da primeira metade do s\u00e9culo XX embalada pelos movimentos nacionalistas, sanitaristas e feministas, que tinham em comum prop\u00f3sito de modernizar a tradicional sociedade brasileira. Mais do que um mero conjunto de prescri\u00e7\u00f5es t\u00e9cnicas a respeito de como criar bem os filhos, a \u201cmaternidade cient\u00edfica\u201d foi a condensa\u00e7\u00e3o de um amplo debate em torno da redefini\u00e7\u00e3o do papel social da mulher. O que se propunha era um novo modelo, no qual se combinava (n\u00e3o sem conflito) a m\u00e3e, a esposa, a cuidadora, a educadora e a profissional. A valoriza\u00e7\u00e3o social da maternidade n\u00e3o foi s\u00f3 a via atrav\u00e9s da qual as mulheres tiveram acesso a educa\u00e7\u00e3o e a profissionaliza\u00e7\u00e3o, mas o que as promoveu ao papel de consumidoras, viabilizando o imenso mercado de artigos voltado para o universo infantil, como alimentos para crian\u00e7as, suplementos alimentares, produtos de higiene e limpeza, term\u00f4metros, eletrodom\u00e9sticos, publica\u00e7\u00f5es especializadas&#8230; Enfim, uma lona lista de itens que hoje fazem parte de nosso cotidiano dom\u00e9stico. A leitura do livro de Martha Freire \u00e9 uma \u00f3tima sugest\u00e3o para todos que se interessam em entender o significado moderno da maternidade e a sua import\u00e2ncia na configura\u00e7\u00e3o atual das rela\u00e7\u00f5es de g\u00eanero.<\/p>\n<p>Autor: Maria Martha de Luna Freire<\/p>\n<p>ISBN: 978-85-225-0738-2<\/p>\n<p>Ano, P\u00e1g., Peso: 2009, 264p., 485 gramas<\/p>\n","protected":false},"excerpt":{"rendered":"<p>Autor: Maria Martha de Luna Freire<\/p>\n","protected":false},"featured_media":821,"template":"","meta":{"_acf_changed":false},"product_brand":[],"product_cat":[19],"product_tag":[],"class_list":{"0":"post-366","1":"product","2":"type-product","3":"status-publish","4":"has-post-thumbnail","6":"product_cat-historia","8":"first","9":"onbackorder","10":"sale","11":"shipping-taxable","12":"purchasable","13":"product-type-simple"},"acf":[],"_links":{"self":[{"href":"https:\/\/editora.ufrrj.br\/portal\/wp-json\/wp\/v2\/product\/366","targetHints":{"allow":["GET"]}}],"collection":[{"href":"https:\/\/editora.ufrrj.br\/portal\/wp-json\/wp\/v2\/product"}],"about":[{"href":"https:\/\/editora.ufrrj.br\/portal\/wp-json\/wp\/v2\/types\/product"}],"wp:featuredmedia":[{"embeddable":true,"href":"https:\/\/editora.ufrrj.br\/portal\/wp-json\/wp\/v2\/media\/821"}],"wp:attachment":[{"href":"https:\/\/editora.ufrrj.br\/portal\/wp-json\/wp\/v2\/media?parent=366"}],"wp:term":[{"taxonomy":"product_brand","embeddable":true,"href":"https:\/\/editora.ufrrj.br\/portal\/wp-json\/wp\/v2\/product_brand?post=366"},{"taxonomy":"product_cat","embeddable":true,"href":"https:\/\/editora.ufrrj.br\/portal\/wp-json\/wp\/v2\/product_cat?post=366"},{"taxonomy":"product_tag","embeddable":true,"href":"https:\/\/editora.ufrrj.br\/portal\/wp-json\/wp\/v2\/product_tag?post=366"}],"curies":[{"name":"wp","href":"https:\/\/api.w.org\/{rel}","templated":true}]}}