{"id":364,"date":"2016-08-24T13:20:02","date_gmt":"2016-08-24T16:20:02","guid":{"rendered":"http:\/\/editora.ufrrj.br\/?post_type=product&#038;p=364"},"modified":"2025-03-17T12:30:49","modified_gmt":"2025-03-17T15:30:49","slug":"na-calculadora-e-ponto-ou-virgula-analisando-interacoes-discentes-sob-as-lentes-de-vigotsky-e-bakhtin","status":"publish","type":"product","link":"https:\/\/editora.ufrrj.br\/portal\/produto\/na-calculadora-e-ponto-ou-virgula-analisando-interacoes-discentes-sob-as-lentes-de-vigotsky-e-bakhtin\/","title":{"rendered":"Na calculadora \u00e9 ponto ou v\u00edrgula? Analisando intera\u00e7\u00f5es discentes sob as lentes de Vigotsky e Bakhtin"},"content":{"rendered":"<p>Neste livro voc\u00ea ver\u00e1 que o uso da calculadora ainda \u00e9 atual e necess\u00e1rio nas aulas de matem\u00e1tica. Na obra os autores trazem resultados de uma pesquisa que usou calculadoras em turmas do Ensino M\u00e9dio. Embora a calculadora parecesse ser um recurso familiar aos estudantes, a investiga\u00e7\u00e3o ilustra fatos interessantes no aprendizado dos discentes como o manuseio em teclas de mem\u00f3ria, as representa\u00e7\u00f5es num\u00e9ricas e o uso de ponto ou v\u00edrgula. A inova\u00e7\u00e3o integra um projeto no \u00e2mbito do Observat\u00f3rio da Educa\u00e7\u00e3o da Capes.<\/p>\n<p>Autor: Wagner Marques e Marcelo Bairral<\/p>\n<p>ISBN: 978-85-8067-063-9<\/p>\n<p>Volume VI &#8211; S\u00e9rie InovaComTic<\/p>\n<p>Ano, Pag., Peso: 2014, 120p, 145 gramas<\/p>\n<p>&nbsp;<\/p>\n","protected":false},"excerpt":{"rendered":"<p>Autor: Wagner Marques e Marcelo Bairral<\/p>\n","protected":false},"featured_media":824,"template":"","meta":{"_acf_changed":false},"product_brand":[],"product_cat":[22,21],"product_tag":[],"class_list":{"0":"post-364","1":"product","2":"type-product","3":"status-publish","4":"has-post-thumbnail","6":"product_cat-educacao","7":"product_cat-exatas","9":"first","10":"instock","11":"sale","12":"shipping-taxable","13":"purchasable","14":"product-type-simple"},"acf":[],"_links":{"self":[{"href":"https:\/\/editora.ufrrj.br\/portal\/wp-json\/wp\/v2\/product\/364","targetHints":{"allow":["GET"]}}],"collection":[{"href":"https:\/\/editora.ufrrj.br\/portal\/wp-json\/wp\/v2\/product"}],"about":[{"href":"https:\/\/editora.ufrrj.br\/portal\/wp-json\/wp\/v2\/types\/product"}],"wp:featuredmedia":[{"embeddable":true,"href":"https:\/\/editora.ufrrj.br\/portal\/wp-json\/wp\/v2\/media\/824"}],"wp:attachment":[{"href":"https:\/\/editora.ufrrj.br\/portal\/wp-json\/wp\/v2\/media?parent=364"}],"wp:term":[{"taxonomy":"product_brand","embeddable":true,"href":"https:\/\/editora.ufrrj.br\/portal\/wp-json\/wp\/v2\/product_brand?post=364"},{"taxonomy":"product_cat","embeddable":true,"href":"https:\/\/editora.ufrrj.br\/portal\/wp-json\/wp\/v2\/product_cat?post=364"},{"taxonomy":"product_tag","embeddable":true,"href":"https:\/\/editora.ufrrj.br\/portal\/wp-json\/wp\/v2\/product_tag?post=364"}],"curies":[{"name":"wp","href":"https:\/\/api.w.org\/{rel}","templated":true}]}}