{"id":3621,"date":"2021-03-13T11:22:46","date_gmt":"2021-03-13T14:22:46","guid":{"rendered":"http:\/\/editora.ufrrj.br\/?post_type=product&#038;p=3621"},"modified":"2023-07-14T16:17:34","modified_gmt":"2023-07-14T19:17:34","slug":"seropedica-em-foco-dialogos-historicos-e-historiograficos","status":"publish","type":"product","link":"https:\/\/editora.ufrrj.br\/portal\/produto\/seropedica-em-foco-dialogos-historicos-e-historiograficos\/","title":{"rendered":"Serop\u00e9dica em foco: di\u00e1logos hist\u00f3ricos e historiogr\u00e1ficos"},"content":{"rendered":"<p>Os assuntos abordados no livro v\u00e3o desde a Imperial Fazenda de Santa Cruz, terras que correspondiam geograficamente \u00e0 uma vasta regi\u00e3o (inclusive o atual munic\u00edpio de Serop\u00e9dica), at\u00e9 investiga\u00e7\u00f5es sobre a UFRRJ durante a Ditadura Militar, \u00e9poca em que a institui\u00e7\u00e3o foi ocupada pelo ex\u00e9rcito, o que levou a diversas viola\u00e7\u00f5es dos direitos humanos.<\/p>\n<p>Organizadores: Fabiane Popinigis; Margareth de Almeida Gon\u00e7alves; Jessica Santana de Assis Alves; Vinicius Kleyton de Andrade Brito; Marlon Rodrigues Marques.<\/p>\n<p>ISBN: 978-65-86859-11-9<\/p>\n<p>Ano: 2021<\/p>\n<p>1\u00b0 Edi\u00e7\u00e3o<\/p>\n","protected":false},"excerpt":{"rendered":"<p>Organizadores: Fabiane Popinigis; Margareth de Almeida Gon\u00e7alves; Jessica Santana de Assis Alves; Vinicius Kleyton de Andrade Brito; Marlon Rodrigues Marques.<\/p>\n","protected":false},"featured_media":3622,"template":"","meta":{"_acf_changed":false},"product_brand":[],"product_cat":[23,59,66,19,10,103],"product_tag":[121,120,119],"class_list":{"0":"post-3621","1":"product","2":"type-product","3":"status-publish","4":"has-post-thumbnail","6":"product_cat-ciencias-sociais-e-politicas","7":"product_cat-ebooks","8":"product_cat-geografia-area","9":"product_cat-historia","10":"product_cat-lancamento","11":"product_cat-serie-ementas","12":"product_tag-historia","13":"product_tag-itaguai","14":"product_tag-seropedica","16":"first","17":"instock","18":"featured","19":"shipping-taxable","20":"purchasable","21":"product-type-variable"},"acf":[],"_links":{"self":[{"href":"https:\/\/editora.ufrrj.br\/portal\/wp-json\/wp\/v2\/product\/3621","targetHints":{"allow":["GET"]}}],"collection":[{"href":"https:\/\/editora.ufrrj.br\/portal\/wp-json\/wp\/v2\/product"}],"about":[{"href":"https:\/\/editora.ufrrj.br\/portal\/wp-json\/wp\/v2\/types\/product"}],"wp:featuredmedia":[{"embeddable":true,"href":"https:\/\/editora.ufrrj.br\/portal\/wp-json\/wp\/v2\/media\/3622"}],"wp:attachment":[{"href":"https:\/\/editora.ufrrj.br\/portal\/wp-json\/wp\/v2\/media?parent=3621"}],"wp:term":[{"taxonomy":"product_brand","embeddable":true,"href":"https:\/\/editora.ufrrj.br\/portal\/wp-json\/wp\/v2\/product_brand?post=3621"},{"taxonomy":"product_cat","embeddable":true,"href":"https:\/\/editora.ufrrj.br\/portal\/wp-json\/wp\/v2\/product_cat?post=3621"},{"taxonomy":"product_tag","embeddable":true,"href":"https:\/\/editora.ufrrj.br\/portal\/wp-json\/wp\/v2\/product_tag?post=3621"}],"curies":[{"name":"wp","href":"https:\/\/api.w.org\/{rel}","templated":true}]}}