{"id":360,"date":"2016-08-23T17:36:38","date_gmt":"2016-08-23T20:36:38","guid":{"rendered":"http:\/\/editora.ufrrj.br\/?post_type=product&#038;p=360"},"modified":"2023-07-26T10:07:57","modified_gmt":"2023-07-26T13:07:57","slug":"noe","status":"publish","type":"product","link":"https:\/\/editora.ufrrj.br\/portal\/produto\/noe\/","title":{"rendered":"No\u00e9"},"content":{"rendered":"<p>A hist\u00f3ria do dil\u00favio atravessa o mar dos tempos; a arca transporta as crian\u00e7as do Grupo Sevivon, promessa viva de preserva\u00e7\u00e3o das virtudes e dos valores para as novas gera\u00e7\u00f5es. Foi essa velha-hist\u00f3ria-nova, recontada em formas de imagens recortadas e coladas, que inspirou os versos de No\u00e9. O texto, por sua vez, inspirou as ilustra\u00e7\u00f5es e assim surgiu o livro. Feito uma arca, o livro carrega as tr\u00eas hist\u00f3rias: a das crian\u00e7as, a do texto e a das ilustra\u00e7\u00f5es. No\u00e9 agora est\u00e1 pronto para seguir o seu curso, mas o leitor \u00e9 quem vai dar a dire\u00e7\u00e3o.<\/p>\n<p>Autor: Mirian Pires<\/p>\n<p>ISBN: 978-85-8067-023-3<\/p>\n<p>Ano, P\u00e1g., Peso: 2012, 48p., 100 gramas<\/p>\n","protected":false},"excerpt":{"rendered":"<p>Autor: Mirian Pires<\/p>\n","protected":false},"featured_media":826,"template":"","meta":{"_acf_changed":false},"product_brand":[],"product_cat":[18],"product_tag":[],"class_list":{"0":"post-360","1":"product","2":"type-product","3":"status-publish","4":"has-post-thumbnail","6":"product_cat-infanto-juvenil","8":"first","9":"instock","10":"sale","11":"shipping-taxable","12":"purchasable","13":"product-type-simple"},"acf":[],"_links":{"self":[{"href":"https:\/\/editora.ufrrj.br\/portal\/wp-json\/wp\/v2\/product\/360","targetHints":{"allow":["GET"]}}],"collection":[{"href":"https:\/\/editora.ufrrj.br\/portal\/wp-json\/wp\/v2\/product"}],"about":[{"href":"https:\/\/editora.ufrrj.br\/portal\/wp-json\/wp\/v2\/types\/product"}],"wp:featuredmedia":[{"embeddable":true,"href":"https:\/\/editora.ufrrj.br\/portal\/wp-json\/wp\/v2\/media\/826"}],"wp:attachment":[{"href":"https:\/\/editora.ufrrj.br\/portal\/wp-json\/wp\/v2\/media?parent=360"}],"wp:term":[{"taxonomy":"product_brand","embeddable":true,"href":"https:\/\/editora.ufrrj.br\/portal\/wp-json\/wp\/v2\/product_brand?post=360"},{"taxonomy":"product_cat","embeddable":true,"href":"https:\/\/editora.ufrrj.br\/portal\/wp-json\/wp\/v2\/product_cat?post=360"},{"taxonomy":"product_tag","embeddable":true,"href":"https:\/\/editora.ufrrj.br\/portal\/wp-json\/wp\/v2\/product_tag?post=360"}],"curies":[{"name":"wp","href":"https:\/\/api.w.org\/{rel}","templated":true}]}}