{"id":358,"date":"2016-08-23T17:30:36","date_gmt":"2016-08-23T20:30:36","guid":{"rendered":"http:\/\/editora.ufrrj.br\/?post_type=product&#038;p=358"},"modified":"2023-07-26T10:18:57","modified_gmt":"2023-07-26T13:18:57","slug":"normalizacao-de-trabalhos-academicos","status":"publish","type":"product","link":"https:\/\/editora.ufrrj.br\/portal\/produto\/normalizacao-de-trabalhos-academicos\/","title":{"rendered":"Normaliza\u00e7\u00e3o de Trabalhos Acad\u00eamicos"},"content":{"rendered":"<p>Normaliza\u00e7\u00e3o de Trabalhos Acad\u00eamicos, da autora Dely Bezerra de Miranda, competente Mestre em Ci\u00eancia da Informa\u00e7\u00e3o e experiente profissional desta \u00e1rea do conhecimento. Trata-se de um livro de f\u00e1cil manuseio e consulta. Valendo-se de uma linguagem direta e clara, apresenta um instrumental t\u00e9cnico que ilumina os caminhos daqueles que pretendem publicar seus artigos, teses ou livros. Uma obra de refer\u00eancia, que ao longo dos seus cap\u00edtulos apresenta ilustra\u00e7\u00f5es e anexos que facilitam a compreens\u00e3o e a aplica\u00e7\u00e3o das normas bibliogr\u00e1ficas. Com esta obra a autora oferece, com arte e compet\u00eancia, uma fonte de consulta pautada rigorosamente nas normas da ABNT, de grande valia para aqueles que necessitam elaborar seus trabalhos acad\u00eamico-cient\u00edficos. Que tenham um boa e produtiva leitura!<\/p>\n<p>Autor: Dely Bezerra de Miranda<\/p>\n<p>ISBN: 978-85720-57-5<\/p>\n<p>Ano, P\u00e1g., Peso: 2008, 98p., 195 gramas<\/p>\n","protected":false},"excerpt":{"rendered":"<p>Autor: Dely Bezerra de Miranda<\/p>\n","protected":false},"featured_media":828,"template":"","meta":{"_acf_changed":false},"product_brand":[],"product_cat":[22],"product_tag":[],"class_list":{"0":"post-358","1":"product","2":"type-product","3":"status-publish","4":"has-post-thumbnail","6":"product_cat-educacao","8":"first","9":"outofstock","10":"shipping-taxable","11":"purchasable","12":"product-type-simple"},"acf":[],"_links":{"self":[{"href":"https:\/\/editora.ufrrj.br\/portal\/wp-json\/wp\/v2\/product\/358","targetHints":{"allow":["GET"]}}],"collection":[{"href":"https:\/\/editora.ufrrj.br\/portal\/wp-json\/wp\/v2\/product"}],"about":[{"href":"https:\/\/editora.ufrrj.br\/portal\/wp-json\/wp\/v2\/types\/product"}],"wp:featuredmedia":[{"embeddable":true,"href":"https:\/\/editora.ufrrj.br\/portal\/wp-json\/wp\/v2\/media\/828"}],"wp:attachment":[{"href":"https:\/\/editora.ufrrj.br\/portal\/wp-json\/wp\/v2\/media?parent=358"}],"wp:term":[{"taxonomy":"product_brand","embeddable":true,"href":"https:\/\/editora.ufrrj.br\/portal\/wp-json\/wp\/v2\/product_brand?post=358"},{"taxonomy":"product_cat","embeddable":true,"href":"https:\/\/editora.ufrrj.br\/portal\/wp-json\/wp\/v2\/product_cat?post=358"},{"taxonomy":"product_tag","embeddable":true,"href":"https:\/\/editora.ufrrj.br\/portal\/wp-json\/wp\/v2\/product_tag?post=358"}],"curies":[{"name":"wp","href":"https:\/\/api.w.org\/{rel}","templated":true}]}}