{"id":357,"date":"2016-08-24T13:37:20","date_gmt":"2016-08-24T16:37:20","guid":{"rendered":"http:\/\/editora.ufrrj.br\/?post_type=product&#038;p=357"},"modified":"2023-07-26T10:08:19","modified_gmt":"2023-07-26T13:08:19","slug":"novus-orbis-xv","status":"publish","type":"product","link":"https:\/\/editora.ufrrj.br\/portal\/produto\/novus-orbis-xv\/","title":{"rendered":"Novus Orbis XV"},"content":{"rendered":"<p>No livro XV, Laet, ap\u00f3s situar geograficamente o Brasil e referir-se ao seu clima e ao seu solo, passa a falar dos povos ind\u00edgenas, suas caracter\u00edsticas e seus costumes. Em seguida, destaca alguns animais, come\u00e7ando pelos quadr\u00fapedes, passando pelas cobras e serpentes, e algumas aves. Chega a vez da flora, as \u00e1rvores frut\u00edferas ou n\u00e3o, plantas em geral, ervas e ra\u00edzes comest\u00edveis, e, mais adiante, as \u00e1rvores litor\u00e2neas e marinhas. Volta aos animais, tratando, ent\u00e3o, dos peixes, crust\u00e1ceos, peixes test\u00e1ceos, aves marinhas, al\u00e9m dos peixes e cobras que vivem nos rios. S\u00e3o informa\u00e7\u00f5es colhidas em autores que passaram pelo Brasil, como Anthony Knivet, Jean de L\u00e9ry, Thevet, Charles de l\u2019\u00c9cluse e, certamente, Manoel de Moraes, al\u00e9m de outros. A parte do Brasil de que trata aqui se restringe \u00e0s capitanias de S\u00e3o Vicente, em especial, a cidade de S\u00e3o Paulo, Rio de Janeiro, Esp\u00edrito Santo, Porto Seguro, Ilh\u00e9us, Bahia, em especial a cidade de Salvador, Sergipe, Pernambuco, em especial, as cidades de Olinda e Igara\u00e7u, e, por fim, Itamarac\u00e1. Descreve-as geograficamente, umas com mais, outras com menos detalhes, narrando, eventualmente alguns epis\u00f3dios envolvendo as lutas pelo dom\u00ednio holand\u00eas.<\/p>\n<p>Autores: Abner Chiquieri, Nelson Papavero e Dante Martins Teixeira<\/p>\n<p>ISBN: 978-85-8067-004-2<\/p>\n<p>Ano, P\u00e1g., Peso: 2011, 392p., 600 gramas<\/p>\n","protected":false},"excerpt":{"rendered":"<p>Autores: Abner Chiquieri, Nelson Papavero e Dante Martins Teixeira<\/p>\n","protected":false},"featured_media":808,"template":"","meta":{"_acf_changed":false},"product_brand":[],"product_cat":[19],"product_tag":[],"class_list":{"0":"post-357","1":"product","2":"type-product","3":"status-publish","4":"has-post-thumbnail","6":"product_cat-historia","8":"first","9":"instock","10":"sale","11":"shipping-taxable","12":"purchasable","13":"product-type-simple"},"acf":[],"_links":{"self":[{"href":"https:\/\/editora.ufrrj.br\/portal\/wp-json\/wp\/v2\/product\/357","targetHints":{"allow":["GET"]}}],"collection":[{"href":"https:\/\/editora.ufrrj.br\/portal\/wp-json\/wp\/v2\/product"}],"about":[{"href":"https:\/\/editora.ufrrj.br\/portal\/wp-json\/wp\/v2\/types\/product"}],"wp:featuredmedia":[{"embeddable":true,"href":"https:\/\/editora.ufrrj.br\/portal\/wp-json\/wp\/v2\/media\/808"}],"wp:attachment":[{"href":"https:\/\/editora.ufrrj.br\/portal\/wp-json\/wp\/v2\/media?parent=357"}],"wp:term":[{"taxonomy":"product_brand","embeddable":true,"href":"https:\/\/editora.ufrrj.br\/portal\/wp-json\/wp\/v2\/product_brand?post=357"},{"taxonomy":"product_cat","embeddable":true,"href":"https:\/\/editora.ufrrj.br\/portal\/wp-json\/wp\/v2\/product_cat?post=357"},{"taxonomy":"product_tag","embeddable":true,"href":"https:\/\/editora.ufrrj.br\/portal\/wp-json\/wp\/v2\/product_tag?post=357"}],"curies":[{"name":"wp","href":"https:\/\/api.w.org\/{rel}","templated":true}]}}