{"id":355,"date":"2016-08-17T13:47:48","date_gmt":"2016-08-17T16:47:48","guid":{"rendered":"http:\/\/editora.ufrrj.br\/?post_type=product&#038;p=355"},"modified":"2023-07-26T10:07:11","modified_gmt":"2023-07-26T13:07:11","slug":"novus-orbis-xvi","status":"publish","type":"product","link":"https:\/\/editora.ufrrj.br\/portal\/produto\/novus-orbis-xvi\/","title":{"rendered":"Novus Orbis XVI"},"content":{"rendered":"<p>No livro XVI, Laet, ap\u00f3s tratar da l\u00edngua comum dos brasileiros, at\u00e9m-se \u00e0s seguintes regi\u00f5es do Brasil: a capitania da Para\u00edba, a Ilha Fernando de Noronha, a costa norte do rio Mamanguage ao Rio Grande do Norte, do Rio Grande do Norte ao Cear\u00e1, do Cear\u00e1 ao Maranh\u00e3o, onde se det\u00e9m com o aux\u00edlio de Claude d\u2019Abbeville: o clima, o solo, \u00e1rvore, plantas e ervas, aves, peixes marinhos e fluviais, os quadr\u00fapedes e, curiosamente, por fim, o homem \u2013 origens dos habitantes, costumes e institui\u00e7\u00f5es. Com alguns detalhes, fala dos feitos dos franceses na Ilha Maranhense e segue pelo restante da costa do Maranh\u00e3o at\u00e9 o Par\u00e1.<\/p>\n<p>Autor: Abner Chiquieri<\/p>\n<p>ISBN: 978-85-6087-005-9<\/p>\n<p>Ano, P\u00e1g., Peso: 2011, 166p., 300 gramas<\/p>\n<p>&nbsp;<\/p>\n","protected":false},"excerpt":{"rendered":"<p>Autor: Abner Chiquieri<\/p>\n","protected":false},"featured_media":811,"template":"","meta":{"_acf_changed":false},"product_brand":[],"product_cat":[19],"product_tag":[],"class_list":{"0":"post-355","1":"product","2":"type-product","3":"status-publish","4":"has-post-thumbnail","6":"product_cat-historia","8":"first","9":"instock","10":"sale","11":"shipping-taxable","12":"purchasable","13":"product-type-simple"},"acf":[],"_links":{"self":[{"href":"https:\/\/editora.ufrrj.br\/portal\/wp-json\/wp\/v2\/product\/355","targetHints":{"allow":["GET"]}}],"collection":[{"href":"https:\/\/editora.ufrrj.br\/portal\/wp-json\/wp\/v2\/product"}],"about":[{"href":"https:\/\/editora.ufrrj.br\/portal\/wp-json\/wp\/v2\/types\/product"}],"wp:featuredmedia":[{"embeddable":true,"href":"https:\/\/editora.ufrrj.br\/portal\/wp-json\/wp\/v2\/media\/811"}],"wp:attachment":[{"href":"https:\/\/editora.ufrrj.br\/portal\/wp-json\/wp\/v2\/media?parent=355"}],"wp:term":[{"taxonomy":"product_brand","embeddable":true,"href":"https:\/\/editora.ufrrj.br\/portal\/wp-json\/wp\/v2\/product_brand?post=355"},{"taxonomy":"product_cat","embeddable":true,"href":"https:\/\/editora.ufrrj.br\/portal\/wp-json\/wp\/v2\/product_cat?post=355"},{"taxonomy":"product_tag","embeddable":true,"href":"https:\/\/editora.ufrrj.br\/portal\/wp-json\/wp\/v2\/product_tag?post=355"}],"curies":[{"name":"wp","href":"https:\/\/api.w.org\/{rel}","templated":true}]}}