{"id":353,"date":"2016-08-17T13:43:03","date_gmt":"2016-08-17T16:43:03","guid":{"rendered":"http:\/\/editora.ufrrj.br\/?post_type=product&#038;p=353"},"modified":"2026-02-09T14:39:56","modified_gmt":"2026-02-09T17:39:56","slug":"o-brasil-na-rota-da-seda-uma-contribuicao-para-recuperacao-enriquecimento-e-a-divulgacao-da-memoria-de-seropedica-itaguai-estado-do-rio-de-janeiro","status":"publish","type":"product","link":"https:\/\/editora.ufrrj.br\/portal\/produto\/o-brasil-na-rota-da-seda-uma-contribuicao-para-recuperacao-enriquecimento-e-a-divulgacao-da-memoria-de-seropedica-itaguai-estado-do-rio-de-janeiro\/","title":{"rendered":"O Brasil na Rota da Seda: uma contribui\u00e7\u00e3o para recupera\u00e7\u00e3o, enriquecimento e a divulga\u00e7\u00e3o da mem\u00f3ria de Serop\u00e9dica, Itagua\u00ed, Estado do Rio de Janeiro"},"content":{"rendered":"<p>O autor, Jos\u00e9 Nazareth de Souza Fr\u00f3es, com esta obra &#8220;0 BRASIL NA ROTA DA SEDA&#8221;, recupera e logo assim preserva, para as futuras gera\u00e7\u00f5es, a hist\u00f3ria da cria\u00e7\u00e3o dos Munic\u00edpios de Itagua\u00ed e Serop\u00e9dica no Estado do Rio de Janeiro. Atrav\u00e9s de pesquisa bibliogr\u00e1fica exaustiva, em fontes documentais fidedignas, descreve com linguagem suave e de agrad\u00e1vel leitura, os segredos, lendas e t\u00e9cnicas da cria\u00e7\u00e3o do bicho da seda e sua interessante trajet\u00f3ria da \u00c1sia \u00e0 Europa, Am\u00e9rica do Sul e Brasil num per\u00edodo de mais de quatro mil anos. Passagens pitorescas que envolvem a fam\u00edlia imperial Portuguesa, Dom Pedro II e Dona Tereza Cristina s\u00e3o descritas para elucidar decis\u00f5es pol\u00edticas e econ\u00f4micas relacionadas ao empreendimento serop\u00e9dico. H\u00e1bitos, costumes, transportes, comunica\u00e7\u00e3o, quest\u00f5es fundi\u00e1rias, neg\u00f3cios, padr\u00e3o monet\u00e1rio da \u00e9poca do Imp\u00e9rio s\u00e3o recuperados didaticamente, credenciando a obra como excelente fonte de pesquisa para professores e alunos do Ensino B\u00e1sico. O \u00faltimo cap\u00edtulo do livro \u00e9 dedicado \u00e0 constru\u00e7\u00e3o e implanta\u00e7\u00e3o da UFRRJ no Distrito de Serop\u00e9dica, na \u00e9poca pertencente ao munic\u00edpio de Itagua\u00ed, fato determinante para o desenvolvimento da regi\u00e3o. Ao apoiarmos a edi\u00e7\u00e3o e patrocinarmos a publica\u00e7\u00e3o deste livro o fizemos como mais uma contribui\u00e7\u00e3o da Universidade Rural as \u00e1reas de educa\u00e7\u00e3o e cultura do Estado do Rio de Janeiro.<\/p>\n<p>Autor: Jos\u00e9 Nogueira de Souza Fr\u00f3es<\/p>\n<p>ISBN: 85-85720-37-9<\/p>\n<p>Ano, P\u00e1g., Peso: 2004, 170p., 102 gramas<\/p>\n<p>&nbsp;<\/p>\n","protected":false},"excerpt":{"rendered":"<p>Autor: Jos\u00e9 Nogueira de Souza Fr\u00f3es<\/p>\n","protected":false},"featured_media":863,"template":"","meta":{"_acf_changed":false},"product_brand":[],"product_cat":[19],"product_tag":[],"class_list":{"0":"post-353","1":"product","2":"type-product","3":"status-publish","4":"has-post-thumbnail","6":"product_cat-historia","8":"first","9":"onbackorder","10":"sale","11":"shipping-taxable","12":"purchasable","13":"product-type-simple"},"acf":[],"_links":{"self":[{"href":"https:\/\/editora.ufrrj.br\/portal\/wp-json\/wp\/v2\/product\/353","targetHints":{"allow":["GET"]}}],"collection":[{"href":"https:\/\/editora.ufrrj.br\/portal\/wp-json\/wp\/v2\/product"}],"about":[{"href":"https:\/\/editora.ufrrj.br\/portal\/wp-json\/wp\/v2\/types\/product"}],"wp:featuredmedia":[{"embeddable":true,"href":"https:\/\/editora.ufrrj.br\/portal\/wp-json\/wp\/v2\/media\/863"}],"wp:attachment":[{"href":"https:\/\/editora.ufrrj.br\/portal\/wp-json\/wp\/v2\/media?parent=353"}],"wp:term":[{"taxonomy":"product_brand","embeddable":true,"href":"https:\/\/editora.ufrrj.br\/portal\/wp-json\/wp\/v2\/product_brand?post=353"},{"taxonomy":"product_cat","embeddable":true,"href":"https:\/\/editora.ufrrj.br\/portal\/wp-json\/wp\/v2\/product_cat?post=353"},{"taxonomy":"product_tag","embeddable":true,"href":"https:\/\/editora.ufrrj.br\/portal\/wp-json\/wp\/v2\/product_tag?post=353"}],"curies":[{"name":"wp","href":"https:\/\/api.w.org\/{rel}","templated":true}]}}