{"id":348,"date":"2016-08-17T13:29:31","date_gmt":"2016-08-17T13:29:31","guid":{"rendered":"http:\/\/editora.ufrrj.br\/?post_type=product&#038;p=348"},"modified":"2024-01-04T23:37:14","modified_gmt":"2024-01-05T02:37:14","slug":"o-movimento-estudantil","status":"publish","type":"product","link":"https:\/\/editora.ufrrj.br\/portal\/produto\/o-movimento-estudantil\/","title":{"rendered":"O Movimento Estudantil"},"content":{"rendered":"<p>A pesquisa tem como objeto o movimento estudantil organizado da UFRRJ, dirigido pelo Diret\u00f3rio Central dos Estudantes (DCE), nos \u00faltimos vinte e cinco anos.<br \/>\nComo material emp\u00edrico para a investiga\u00e7\u00e3o, utilizou-se depoimentos coletados sob a forma de entrevistas, com ex-estudantes que ocuparam posi\u00e7\u00f5es de lideran\u00e7a no movimento estudantil no per\u00edodo\u00a0<span class=\"text_exposed_show\">estudado e exerceram cargos de dire\u00e7\u00e3o no DCE.<br \/>\nDessa forma, buscou-se reconstruir a mem\u00f3ria social desse movimento, baseada no relato dos estudantes que rememoram e reinterpretam suas viv\u00eancias e experi\u00eancias.<br \/>\nO estudo analisou o significado atribu\u00eddo pelos militantes \u00e0 sua atua\u00e7\u00e3o pol\u00edtica e sua influ\u00eancia na forma\u00e7\u00e3o acad\u00eamica e profissional, destacando a import\u00e2ncia dessa atua\u00e7\u00e3o no conjunto de sua experi\u00eancia de vida e na sua concep\u00e7\u00e3o de sociedade.<br \/>\nO movimento estudantil \u00e9 investigado como uma inst\u00e2ncia de forma\u00e7\u00e3o pol\u00edtica e acad\u00eamica privilegiada na aquisi\u00e7\u00e3o do habitus universit\u00e1rio, e como integrante de uma estrat\u00e9gia de distin\u00e7\u00e3o no interior da institui\u00e7\u00e3o.<br \/>\nA origem social e a trajet\u00f3ria escolar desponta como influ\u00eancia importante na disposi\u00e7\u00e3o do estudante de ingressar no movimento estudantil, refor\u00e7ada pela intensa conviv\u00eancia no campus.<br \/>\nO processo de constru\u00e7\u00e3o das representa\u00e7\u00f5es e modos de vida dos estudantes universit\u00e1rios investigados aponta para a centralidade do movimento estudantil nestas trajet\u00f3rias.<\/span><\/p>\n<p>Autor: Luc\u00edlia Augusta Lino de Paula<\/p>\n<p>ISBN: 978-85-8067-021-9<\/p>\n<p>Ano, P\u00e1g., Peso: 2012, 361p., 600 gramas<\/p>\n<p>&nbsp;<\/p>\n","protected":false},"excerpt":{"rendered":"<p>Autor: Luc\u00edlia Augusta Lino de Paula<\/p>\n","protected":false},"featured_media":895,"template":"","meta":{"_acf_changed":false},"product_brand":[],"product_cat":[19],"product_tag":[],"class_list":{"0":"post-348","1":"product","2":"type-product","3":"status-publish","4":"has-post-thumbnail","6":"product_cat-historia","8":"first","9":"outofstock","10":"sale","11":"shipping-taxable","12":"purchasable","13":"product-type-simple"},"acf":[],"_links":{"self":[{"href":"https:\/\/editora.ufrrj.br\/portal\/wp-json\/wp\/v2\/product\/348","targetHints":{"allow":["GET"]}}],"collection":[{"href":"https:\/\/editora.ufrrj.br\/portal\/wp-json\/wp\/v2\/product"}],"about":[{"href":"https:\/\/editora.ufrrj.br\/portal\/wp-json\/wp\/v2\/types\/product"}],"wp:featuredmedia":[{"embeddable":true,"href":"https:\/\/editora.ufrrj.br\/portal\/wp-json\/wp\/v2\/media\/895"}],"wp:attachment":[{"href":"https:\/\/editora.ufrrj.br\/portal\/wp-json\/wp\/v2\/media?parent=348"}],"wp:term":[{"taxonomy":"product_brand","embeddable":true,"href":"https:\/\/editora.ufrrj.br\/portal\/wp-json\/wp\/v2\/product_brand?post=348"},{"taxonomy":"product_cat","embeddable":true,"href":"https:\/\/editora.ufrrj.br\/portal\/wp-json\/wp\/v2\/product_cat?post=348"},{"taxonomy":"product_tag","embeddable":true,"href":"https:\/\/editora.ufrrj.br\/portal\/wp-json\/wp\/v2\/product_tag?post=348"}],"curies":[{"name":"wp","href":"https:\/\/api.w.org\/{rel}","templated":true}]}}