{"id":343,"date":"2016-08-16T19:15:39","date_gmt":"2016-08-16T22:15:39","guid":{"rendered":"http:\/\/editora.ufrrj.br\/?post_type=product&#038;p=343"},"modified":"2023-07-26T10:18:09","modified_gmt":"2023-07-26T13:18:09","slug":"o-regime-de-bretton-woods-para-o-comercio-mundial-origens-instituicoes-e-significado","status":"publish","type":"product","link":"https:\/\/editora.ufrrj.br\/portal\/produto\/o-regime-de-bretton-woods-para-o-comercio-mundial-origens-instituicoes-e-significado\/","title":{"rendered":"O Regime de Bretton Woods para o Com\u00e9rcio Mundial: origens, institui\u00e7\u00f5es e significado"},"content":{"rendered":"<p>Este livro descreve e analisa as origens, as caracter\u00edsticas institucionais, a normatividade e o significado do chamado regime internacional de Bretton Woods para o com\u00e9rcio mundial, que predominou em todo o per\u00edodo do p\u00f3s-Segunda Guerra Mundial at\u00e9 a d\u00e9cada de 1980. A g\u00eanese desse regime remonta \u00e0s negocia\u00e7\u00f5es entre Estados Unidos e Gr\u00e3-Bretanha no per\u00edodo 1941-1948, atrav\u00e9s de proposi\u00e7\u00f5es formuladas pelos chamados \u201cplanejadores do p\u00f3s-guerra\u201d (como Keynes, Dexter White e outros), que levar\u00e3o \u00e0 cria\u00e7\u00e3o do GATT em 1947 e \u00e0 aprova\u00e7\u00e3o da Carta de Havana para a Inernational Trade Organization (ITO) em 1948. Apesar das expectativas dos \u201cplanejadores do p\u00f3s-guerra\u201d quanto \u00e0 centralidade da ITO para a coordena\u00e7\u00e3o da retomada do crescimento econ\u00f4mico no sistema mundial, a agudiza\u00e7\u00e3o da Guerra Fria, especialmente com a Guerra da Cor\u00e9ia, e o novo contexto pol\u00edtico conflitivo em que se concretizou a decis\u00e3o (relutante) dos Estados Unidos de reconstruir a Europa levaram ao abandono pelo governo norte-americano, em 1950, da inten\u00e7\u00e3o de criar a ITO e de utilizar as demais institui\u00e7\u00f5es criadas em Bretton Woods (FMI e Banco Mundial) na reconstru\u00e7\u00e3o europ\u00e9ia. O regime de Bretton Woods para o com\u00e9rcio mundial analisa as raz\u00f5es para a n\u00e3o cria\u00e7\u00e3o da ITO e para manuten\u00e7\u00e3o do GATT como a \u00fanica institui\u00e7\u00e3o reguladora do com\u00e9rcio mundial at\u00e9 o surgimento da OMC na d\u00e9cada de 1980, bem como discute exaustivamente as normativas da Carta de Havana e do GATT, que passar\u00e3o a influenciar decisivamente o marco normativo das negocia\u00e7\u00f5es comerciais internacionais desde ent\u00e3o.<\/p>\n<p>Autor: Nelson Giordano Delgado<\/p>\n<p>ISBN: 978-85-7478-316-1<\/p>\n<p>Ano, P\u00e1g., Peso: 2009, 287p., 495 gramas<\/p>\n<p>&nbsp;<\/p>\n","protected":false},"excerpt":{"rendered":"<p>Autor: Nelson Giordano Delgado<\/p>\n","protected":false},"featured_media":897,"template":"","meta":{"_acf_changed":false},"product_brand":[],"product_cat":[23],"product_tag":[],"class_list":{"0":"post-343","1":"product","2":"type-product","3":"status-publish","4":"has-post-thumbnail","6":"product_cat-ciencias-sociais-e-politicas","8":"first","9":"instock","10":"sale","11":"shipping-taxable","12":"purchasable","13":"product-type-simple"},"acf":[],"_links":{"self":[{"href":"https:\/\/editora.ufrrj.br\/portal\/wp-json\/wp\/v2\/product\/343","targetHints":{"allow":["GET"]}}],"collection":[{"href":"https:\/\/editora.ufrrj.br\/portal\/wp-json\/wp\/v2\/product"}],"about":[{"href":"https:\/\/editora.ufrrj.br\/portal\/wp-json\/wp\/v2\/types\/product"}],"wp:featuredmedia":[{"embeddable":true,"href":"https:\/\/editora.ufrrj.br\/portal\/wp-json\/wp\/v2\/media\/897"}],"wp:attachment":[{"href":"https:\/\/editora.ufrrj.br\/portal\/wp-json\/wp\/v2\/media?parent=343"}],"wp:term":[{"taxonomy":"product_brand","embeddable":true,"href":"https:\/\/editora.ufrrj.br\/portal\/wp-json\/wp\/v2\/product_brand?post=343"},{"taxonomy":"product_cat","embeddable":true,"href":"https:\/\/editora.ufrrj.br\/portal\/wp-json\/wp\/v2\/product_cat?post=343"},{"taxonomy":"product_tag","embeddable":true,"href":"https:\/\/editora.ufrrj.br\/portal\/wp-json\/wp\/v2\/product_tag?post=343"}],"curies":[{"name":"wp","href":"https:\/\/api.w.org\/{rel}","templated":true}]}}