{"id":3409,"date":"2020-11-06T11:30:36","date_gmt":"2020-11-06T14:30:36","guid":{"rendered":"http:\/\/editora.ufrrj.br\/?post_type=product&#038;p=3409"},"modified":"2023-07-14T11:06:40","modified_gmt":"2023-07-14T14:06:40","slug":"interfaces-entre-o-programa-escola-da-terra-e-a-educacao-do-campo-no-estado-do-rio-de-janeiro","status":"publish","type":"product","link":"https:\/\/editora.ufrrj.br\/portal\/produto\/interfaces-entre-o-programa-escola-da-terra-e-a-educacao-do-campo-no-estado-do-rio-de-janeiro\/","title":{"rendered":"Interfaces entre o Programa Escola da Terra e a Educa\u00e7\u00e3o do Campo no estado do Rio de Janeiro"},"content":{"rendered":"<p>Este livro \u2013 Interfaces entre o Programa Escola da Terra e a Educa\u00e7\u00e3o do Campo no Estado do Rio de Janeiro \u2013 \u00e9 um dos resultados objetivos do curso de forma\u00e7\u00e3o continuada para professores das escolas do campo e de comunidades quilombolas do Rio de Janeiro. Sua concretiza\u00e7\u00e3o, em boa medida, adv\u00e9m de uma a\u00e7\u00e3o promovida pela Uni\u00e3o (MEC e UFRRJ, campus Serop\u00e9dica), em parceria com o Estado e munic\u00edpios do Rio de Janeiro (secretarias de educa\u00e7\u00e3o), no \u00e2mbito do Programa Escola da Terra: uma das pol\u00edticas p\u00fablicas previstas nos eixos I e II do PRONACAMPO. A primeira edi\u00e7\u00e3o foi executada pela UFRRJ e previu, al\u00e9m da forma\u00e7\u00e3o de professores, a publica\u00e7\u00e3o de um livro a partir dos\/nos contextos dos processos formativos que se constitu\u00edram. Os textos emergem das percep\u00e7\u00f5es dos autores, professores formadores, professores cursistas e\/ou professores pesquisadores, que tiveram (e tem) participa\u00e7\u00e3o no Programa Escola da Terra (PET). Nessa dire\u00e7\u00e3o, refletem percep\u00e7\u00f5es, sentidos e significa\u00e7\u00f5es te\u00f3rico-pr\u00e1ticos (resultantes de a\u00e7\u00f5es reflex\u00f5es e reflex\u00f5es a\u00e7\u00f5es) dos seus cotidianos acad\u00eamicos, pessoal e de trabalho retroalimentadas no conjunto de atividades realizadas na execu\u00e7\u00e3o do curso, sobretudo nas experi\u00eancias compartilhadas com os professores das redes municipais e estadual de ensino do Rio de Janeiro.<\/p>\n<p>Organizadores:\u00a0Ramofly Bicalho dos Santos, Lia Maria Teixeira de Oliveira e Fabiana de Carvalho Dias Ara\u00fajo<\/p>\n<p>ISBN:\u00a0978-65-86859-09-6<\/p>\n<p>Ano: 2020<\/p>\n<p>1\u00aa Edi\u00e7\u00e3o<\/p>\n","protected":false},"excerpt":{"rendered":"<p>Organizadores:\u00a0Ramofly Bicalho dos Santos, Lia Maria Teixeira de Oliveira e Fabiana de Carvalho Dias Ara\u00fajo<\/p>\n","protected":false},"featured_media":3412,"template":"","meta":{"_acf_changed":false},"product_brand":[],"product_cat":[59,22,10,85],"product_tag":[],"class_list":{"0":"post-3409","1":"product","2":"type-product","3":"status-publish","4":"has-post-thumbnail","6":"product_cat-ebooks","7":"product_cat-educacao","8":"product_cat-lancamento","9":"product_cat-licenciatura-em-educacao-do-campo","11":"first","12":"instock","13":"featured","14":"shipping-taxable","15":"purchasable","16":"product-type-variable"},"acf":[],"_links":{"self":[{"href":"https:\/\/editora.ufrrj.br\/portal\/wp-json\/wp\/v2\/product\/3409","targetHints":{"allow":["GET"]}}],"collection":[{"href":"https:\/\/editora.ufrrj.br\/portal\/wp-json\/wp\/v2\/product"}],"about":[{"href":"https:\/\/editora.ufrrj.br\/portal\/wp-json\/wp\/v2\/types\/product"}],"wp:featuredmedia":[{"embeddable":true,"href":"https:\/\/editora.ufrrj.br\/portal\/wp-json\/wp\/v2\/media\/3412"}],"wp:attachment":[{"href":"https:\/\/editora.ufrrj.br\/portal\/wp-json\/wp\/v2\/media?parent=3409"}],"wp:term":[{"taxonomy":"product_brand","embeddable":true,"href":"https:\/\/editora.ufrrj.br\/portal\/wp-json\/wp\/v2\/product_brand?post=3409"},{"taxonomy":"product_cat","embeddable":true,"href":"https:\/\/editora.ufrrj.br\/portal\/wp-json\/wp\/v2\/product_cat?post=3409"},{"taxonomy":"product_tag","embeddable":true,"href":"https:\/\/editora.ufrrj.br\/portal\/wp-json\/wp\/v2\/product_tag?post=3409"}],"curies":[{"name":"wp","href":"https:\/\/api.w.org\/{rel}","templated":true}]}}