{"id":337,"date":"2016-08-16T19:08:20","date_gmt":"2016-08-16T22:08:20","guid":{"rendered":"http:\/\/editora.ufrrj.br\/?post_type=product&#038;p=337"},"modified":"2023-07-26T10:18:14","modified_gmt":"2023-07-26T13:18:14","slug":"pensando-a-formacao","status":"publish","type":"product","link":"https:\/\/editora.ufrrj.br\/portal\/produto\/pensando-a-formacao\/","title":{"rendered":"Pensando a Forma\u00e7\u00e3o"},"content":{"rendered":"<p>Pensando a Forma\u00e7\u00e3o procura abarcar as diferentes tem\u00e1ticas sobre a rela\u00e7\u00e3o Filosofia e Educa\u00e7\u00e3o, cujas, quest\u00f5es se tornam prementes e transcendem a institucionaliza\u00e7\u00e3o da filosofia como disciplina no ensino m\u00e9dio. Os textos reunidos nesta colet\u00e2nea prop\u00f5em uma reflex\u00e3o mais ampla sobre o pensamento filos\u00f3fico e sua colabora\u00e7\u00e3o para o processo formativo, seja na discuss\u00e3o de procedimentos em sala de aula, na reflex\u00e3o sobre o sentido do ensinar e do aprender, ou na preocupa\u00e7\u00e3o com os problemas contempor\u00e2neos da educa\u00e7\u00e3o., o que, em especial para n\u00f3s fluminenses, se reveste de extrema import\u00e2ncia.<\/p>\n<p>Autores: Gabriela Rizo e Pedro Hussak (orgs.)<\/p>\n<p>ISBN: 978-85-85936-80-8<\/p>\n<p>Ano, P\u00e1g., Peso: 2009, 192p., 210 gramas<\/p>\n<p>&nbsp;<\/p>\n","protected":false},"excerpt":{"rendered":"<p>Autores: Gabriela Rizo e Pedro Hussak<\/p>\n","protected":false},"featured_media":902,"template":"","meta":{"_acf_changed":false},"product_brand":[],"product_cat":[22],"product_tag":[],"class_list":{"0":"post-337","1":"product","2":"type-product","3":"status-publish","4":"has-post-thumbnail","6":"product_cat-educacao","8":"first","9":"outofstock","10":"sale","11":"shipping-taxable","12":"purchasable","13":"product-type-simple"},"acf":[],"_links":{"self":[{"href":"https:\/\/editora.ufrrj.br\/portal\/wp-json\/wp\/v2\/product\/337","targetHints":{"allow":["GET"]}}],"collection":[{"href":"https:\/\/editora.ufrrj.br\/portal\/wp-json\/wp\/v2\/product"}],"about":[{"href":"https:\/\/editora.ufrrj.br\/portal\/wp-json\/wp\/v2\/types\/product"}],"wp:featuredmedia":[{"embeddable":true,"href":"https:\/\/editora.ufrrj.br\/portal\/wp-json\/wp\/v2\/media\/902"}],"wp:attachment":[{"href":"https:\/\/editora.ufrrj.br\/portal\/wp-json\/wp\/v2\/media?parent=337"}],"wp:term":[{"taxonomy":"product_brand","embeddable":true,"href":"https:\/\/editora.ufrrj.br\/portal\/wp-json\/wp\/v2\/product_brand?post=337"},{"taxonomy":"product_cat","embeddable":true,"href":"https:\/\/editora.ufrrj.br\/portal\/wp-json\/wp\/v2\/product_cat?post=337"},{"taxonomy":"product_tag","embeddable":true,"href":"https:\/\/editora.ufrrj.br\/portal\/wp-json\/wp\/v2\/product_tag?post=337"}],"curies":[{"name":"wp","href":"https:\/\/api.w.org\/{rel}","templated":true}]}}