{"id":335,"date":"2016-08-16T19:05:54","date_gmt":"2016-08-16T22:05:54","guid":{"rendered":"http:\/\/editora.ufrrj.br\/?post_type=product&#038;p=335"},"modified":"2023-07-26T10:07:16","modified_gmt":"2023-07-26T13:07:16","slug":"pesquisa-ensino-e-inovacao-com-tecnologia-em-educacao-matematica-de-calculadoras-a-ambientes-virtuais","status":"publish","type":"product","link":"https:\/\/editora.ufrrj.br\/portal\/produto\/pesquisa-ensino-e-inovacao-com-tecnologia-em-educacao-matematica-de-calculadoras-a-ambientes-virtuais\/","title":{"rendered":"Pesquisa, Ensino e Inova\u00e7\u00e3o com Tecnologia em Educa\u00e7\u00e3o Matem\u00e1tica: de calculadoras a ambientes virtuais"},"content":{"rendered":"<p>O prop\u00f3sito deste livro \u00e9 promover reflex\u00f5es sobre possibilidades de melhorias nos processos de ensino e de aprendizagem mediados pelas TIC. A obra foi pensada para licenciados e professores que n\u00e3o ficam apenas encantados com o car\u00e1ter atual e inovador da tecnologia, mas para aqueles educadores que problematizam a sua inser\u00e7\u00e3o nos processos formativos e buscam alternativas para visualizar a sua implementa\u00e7\u00e3o. Neste quarto volume da S\u00e9rie InovaComTic estudiosos da \u00e1rea de Educa\u00e7\u00e3o Matem\u00e1tica, de Educa\u00e7\u00e3o da Linguagem e da inform\u00e1tica educativa no ensino que implementam e na pesquisa que desenvolvem.<\/p>\n<p>Autor: Marcelo Almeida Bairral<\/p>\n<p>ISBN: 978-85-8067-024-0<\/p>\n<p>Volume IV &#8211; S\u00e9rie InovaComTic<\/p>\n<p>Ano, P\u00e1g., Peso: 2012, 144p., 240 gramas<\/p>\n","protected":false},"excerpt":{"rendered":"<p>Autor: Marcelo Almeida Bairral<\/p>\n","protected":false},"featured_media":903,"template":"","meta":{"_acf_changed":false},"product_brand":[],"product_cat":[22],"product_tag":[],"class_list":{"0":"post-335","1":"product","2":"type-product","3":"status-publish","4":"has-post-thumbnail","6":"product_cat-educacao","8":"first","9":"instock","10":"sale","11":"shipping-taxable","12":"purchasable","13":"product-type-simple"},"acf":[],"_links":{"self":[{"href":"https:\/\/editora.ufrrj.br\/portal\/wp-json\/wp\/v2\/product\/335","targetHints":{"allow":["GET"]}}],"collection":[{"href":"https:\/\/editora.ufrrj.br\/portal\/wp-json\/wp\/v2\/product"}],"about":[{"href":"https:\/\/editora.ufrrj.br\/portal\/wp-json\/wp\/v2\/types\/product"}],"wp:featuredmedia":[{"embeddable":true,"href":"https:\/\/editora.ufrrj.br\/portal\/wp-json\/wp\/v2\/media\/903"}],"wp:attachment":[{"href":"https:\/\/editora.ufrrj.br\/portal\/wp-json\/wp\/v2\/media?parent=335"}],"wp:term":[{"taxonomy":"product_brand","embeddable":true,"href":"https:\/\/editora.ufrrj.br\/portal\/wp-json\/wp\/v2\/product_brand?post=335"},{"taxonomy":"product_cat","embeddable":true,"href":"https:\/\/editora.ufrrj.br\/portal\/wp-json\/wp\/v2\/product_cat?post=335"},{"taxonomy":"product_tag","embeddable":true,"href":"https:\/\/editora.ufrrj.br\/portal\/wp-json\/wp\/v2\/product_tag?post=335"}],"curies":[{"name":"wp","href":"https:\/\/api.w.org\/{rel}","templated":true}]}}