{"id":3343,"date":"2020-10-23T14:25:12","date_gmt":"2020-10-23T17:25:12","guid":{"rendered":"http:\/\/editora.ufrrj.br\/?post_type=product&#038;p=3343"},"modified":"2023-07-14T11:08:05","modified_gmt":"2023-07-14T14:08:05","slug":"o-passado-que-nao-passa-memoria-historia-e-exilio-na-ficcao-de-edna-obrien","status":"publish","type":"product","link":"https:\/\/editora.ufrrj.br\/portal\/produto\/o-passado-que-nao-passa-memoria-historia-e-exilio-na-ficcao-de-edna-obrien\/","title":{"rendered":"O passado que n\u00e3o passa: mem\u00f3ria, hist\u00f3ria e ex\u00edlio na fic\u00e7\u00e3o de Edna O\u00b4Brien"},"content":{"rendered":"<p>O livro O PASSADO QUE N\u00c3O PASSA: MEM\u00d3RIA, HIST\u00d3RIA E EX\u00cdLIO NA FIC\u00c7\u00c3O DE EDNA O\u2019BRIEN traz uma reflex\u00e3o sobre a autora irlandesa Edna O\u2019Brien em seu modo peculiar de fazer uso da hist\u00f3ria, da mem\u00f3ria, do passado e do presente da Irlanda para, por meio da fic\u00e7\u00e3o, contar hist\u00f3rias que questionam as vers\u00f5es oficiais da hist\u00f3ria, evidenciando o car\u00e1ter de construto dessas vers\u00f5es.<br \/>\nMostramos aqui a experi\u00eancia irlandesa na contemporaneidade e como a autora remodela o passado a partir do presente, mostrando fraturas, descontinuidades e possibilidades de outras vers\u00f5es que n\u00e3o as narrativas oficiais. Para explorar essas quest\u00f5es trazemos tr\u00eas obras de O\u2019Brien, Mother Ireland (1976), seu livro de mem\u00f3rias que mistura a pseudo-hist\u00f3ria mitol\u00f3gica de seu pa\u00eds e dois de seus v\u00e1rios romances, House of Splendid Isolation (1994) que narra a fuga de um terrorista do IRA e seu esconderijo numa propriedade rural em que mora uma senhora bastante idosa, e The Light of Evening (2006), que mostra quest\u00f5es da mulher no s\u00e9culo XXI, como os discursos constru\u00eddos sobre a maternidade, a fam\u00edlia e a carreira.<br \/>\nEssas narrativas revelam momentos hist\u00f3rico-sociais nos 30 anos que separam a primeira narrativa da \u00faltima, e as quest\u00f5es que se desdobram, se entrecruzam e mostram a situa\u00e7\u00e3o irlandesa sob a \u00f3tica de personagens marginalizados. Para que o leitor entenda melhor as quest\u00f5es irlandesas trazemos a posi\u00e7\u00e3o da Irlanda na contemporaneidade e um panorama de sua hist\u00f3ria, com as ra\u00edzes dos conflitos\u00a0atuais e as rela\u00e7\u00f5es de poder que foram se estabelecendo desde o per\u00edodo colonial.<br \/>\nA nossa abordagem busca evidenciar as rela\u00e7\u00f5es constru\u00eddas por O\u2019Brien entre o passado e o presente irland\u00eas representados nas tr\u00eas obras estudadas, e as quest\u00f5es propostas pela escritora em rela\u00e7\u00e3o \u00e0s grandes narrativas hist\u00f3ricas oficiais irlandesas: o colonialismo, o nacionalismo, e o internacionalismo. Trata-se de uma perspectiva que desdobra o impacto da quest\u00e3o p\u00f3s-colonial na Irlanda e as suas implica\u00e7\u00f5es sobre o sentimento de pertencimento irland\u00eas. Boa leitura!<\/p>\n<p>Autora:\u00a0Elisa Lima Abrantes<\/p>\n<p>ISBN:\u00a0978-65-86859-06-5<\/p>\n<p>Ano: 2020<\/p>\n<p>1\u00aa Edi\u00e7\u00e3o<\/p>\n","protected":false},"excerpt":{"rendered":"<p>Autora:\u00a0Elisa Lima Abrantes<\/p>\n","protected":false},"featured_media":3346,"template":"","meta":{"_acf_changed":false},"product_brand":[],"product_cat":[23,59,19,10,106],"product_tag":[],"class_list":{"0":"post-3343","1":"product","2":"type-product","3":"status-publish","4":"has-post-thumbnail","6":"product_cat-ciencias-sociais-e-politicas","7":"product_cat-ebooks","8":"product_cat-historia","9":"product_cat-lancamento","10":"product_cat-serie-teses","12":"first","13":"instock","14":"featured","15":"shipping-taxable","16":"purchasable","17":"product-type-variable"},"acf":[],"_links":{"self":[{"href":"https:\/\/editora.ufrrj.br\/portal\/wp-json\/wp\/v2\/product\/3343","targetHints":{"allow":["GET"]}}],"collection":[{"href":"https:\/\/editora.ufrrj.br\/portal\/wp-json\/wp\/v2\/product"}],"about":[{"href":"https:\/\/editora.ufrrj.br\/portal\/wp-json\/wp\/v2\/types\/product"}],"wp:featuredmedia":[{"embeddable":true,"href":"https:\/\/editora.ufrrj.br\/portal\/wp-json\/wp\/v2\/media\/3346"}],"wp:attachment":[{"href":"https:\/\/editora.ufrrj.br\/portal\/wp-json\/wp\/v2\/media?parent=3343"}],"wp:term":[{"taxonomy":"product_brand","embeddable":true,"href":"https:\/\/editora.ufrrj.br\/portal\/wp-json\/wp\/v2\/product_brand?post=3343"},{"taxonomy":"product_cat","embeddable":true,"href":"https:\/\/editora.ufrrj.br\/portal\/wp-json\/wp\/v2\/product_cat?post=3343"},{"taxonomy":"product_tag","embeddable":true,"href":"https:\/\/editora.ufrrj.br\/portal\/wp-json\/wp\/v2\/product_tag?post=3343"}],"curies":[{"name":"wp","href":"https:\/\/api.w.org\/{rel}","templated":true}]}}