{"id":333,"date":"2016-08-16T18:49:16","date_gmt":"2016-08-16T21:49:16","guid":{"rendered":"http:\/\/editora.ufrrj.br\/?post_type=product&#038;p=333"},"modified":"2023-07-26T10:07:21","modified_gmt":"2023-07-26T13:07:21","slug":"poemas-redondos-e-versos-desencontrados","status":"publish","type":"product","link":"https:\/\/editora.ufrrj.br\/portal\/produto\/poemas-redondos-e-versos-desencontrados\/","title":{"rendered":"Poemas Redondos e Versos Desencontrados"},"content":{"rendered":"<p>Ao ler-se o livro de Bruno Pessanha, percebe-se que a variedade de g\u00eaneros po\u00e9ticos contida no t\u00edtulo de seu trabalho leva a uma curiosidade: estar\u00e1 o poeta preso aos c\u00e2nones tradicionais em seus sonetos e trovas? N\u00e3o: ele alterna versos decass\u00edlabos com n\u00e3o decass\u00edlabos ( em seus sonetos ) e versos heptass\u00edlabos com n\u00e3o heptass\u00edlabos ( em suas trovas ). Defeito? Pelo contr\u00e1rio: \u00e9 a virtude de mostrar uma postura nova e ousada, uma discreta fuga ao tradicional, ao can\u00f4nico. Os textos fluem e trazem um frescor permanente de originalidade : s\u00e3o jogos de palavras ( \u201c terceira margem do rio, \/ rio de mim&#8230;\u201d) ; s\u00e3o apraz\u00edveis viagens intertextuais ( \u201c Tire o calhambeque \/ do caminho \/ que eu quero passar \/ com meu trator\u201d); s\u00e3o met\u00e1foras ousadas e originais ( \u201c Agora a saudade \u00e9 parafuso de muitas voltas\u201d \/ \u201c na alma, o vinagre da solid\u00e3o\u201d); s\u00e3o jogos sem\u00e2nticos (\u201c Espelho velho, \/ velho espelho\u201d ); s\u00e3o neologismos curiosos ( \u201c olhativa\u201d, \u201c pensamentose\u201d, \u201c corpurifica\u00e7\u00e3o\u201d); s\u00e3o exerc\u00edcios de metalinguagem, de metapoesia (\u201c Poesia \u00e9 falta do que fazer \/ no leito estreito da vida\u201d \/ \u201cO poeta \u00e9 um inadequado \/ at\u00e9 mesmo na solid\u00e3o.\u201d); s\u00e3o personifica\u00e7\u00f5es repletas de humanidade ( \u201c onde o vento passa os dedos\u201d); s\u00e3o refer\u00eancias ao velho paradoxo camoniano do amor ( \u201c Amor t\u00e3o alegre e t\u00e3o triste\u201d); s\u00e3o as surpreendentes paronom\u00e1sias ( \u201c a bater \/ a abater\u201d \/ \u201c A minha, doida e do\u00edda, \/ com LSD.\u201d \/ \u201c componho sonetos e sonatas\u201d \/ \u201c Pouco ou nada que releve, \/ mas muito que revele\u201d); \u00e9 uma discreta alus\u00e3o ao romantismo brasileiro ( \u201c A sa\u00edda para a vida \/ estar\u00e1 nas veredas, \/ nas alamedas, \/ ou no canto do sabi\u00e1?\u201d ); s\u00e3o os efeitos l\u00fadicos das alitera\u00e7\u00f5es ( \u201c Vera, Verinha \/ Vera varando meu peito\u201d \/ \u201c D\u00ea, pelo menos uma vez, \/ vez ao vento, \/ que o vento precisa&#8230;\u201d \/ \u201c Mundo, \/ um mar sem margens, \/ um mar de imagens\u201d ); s\u00e3o alus\u00f5es cineliter\u00e1rias (\u201c O que o vento n\u00e3o levou\u201d); s\u00e3o doses esparsas de coloquialismos (\u201c de m\u00e3os dadas, numa boa\u201d \/ \u201c Sua especialidade, agora \/ que a aurora j\u00e1 era,\u201d \/ \u201c de rosto manjado \/ refletindo desgosto\u201d ) &#8230; Como se v\u00ea, os condimentos empregados pelo poeta na prepara\u00e7\u00e3o deste card\u00e1pio liter\u00e1rio s\u00e3o variados, ex\u00f3ticos e instigantes. Caro leitor, bom apetite!<\/p>\n<p>Autor: Bruno Marcus Rangel Pessanha<\/p>\n<p>ISBN: 978-85-85720-73-5<\/p>\n<p>Ano, P\u00e1g., Peso: 2010, 126p., 210 gramas<\/p>\n<p>&nbsp;<\/p>\n","protected":false},"excerpt":{"rendered":"<p>Autor: Bruno Marcus Rangel Pessanha<\/p>\n","protected":false},"featured_media":771,"template":"","meta":{"_acf_changed":false},"product_brand":[],"product_cat":[53],"product_tag":[],"class_list":{"0":"post-333","1":"product","2":"type-product","3":"status-publish","4":"has-post-thumbnail","6":"product_cat-literatura-area","8":"first","9":"instock","10":"sale","11":"shipping-taxable","12":"purchasable","13":"product-type-simple"},"acf":[],"_links":{"self":[{"href":"https:\/\/editora.ufrrj.br\/portal\/wp-json\/wp\/v2\/product\/333","targetHints":{"allow":["GET"]}}],"collection":[{"href":"https:\/\/editora.ufrrj.br\/portal\/wp-json\/wp\/v2\/product"}],"about":[{"href":"https:\/\/editora.ufrrj.br\/portal\/wp-json\/wp\/v2\/types\/product"}],"wp:featuredmedia":[{"embeddable":true,"href":"https:\/\/editora.ufrrj.br\/portal\/wp-json\/wp\/v2\/media\/771"}],"wp:attachment":[{"href":"https:\/\/editora.ufrrj.br\/portal\/wp-json\/wp\/v2\/media?parent=333"}],"wp:term":[{"taxonomy":"product_brand","embeddable":true,"href":"https:\/\/editora.ufrrj.br\/portal\/wp-json\/wp\/v2\/product_brand?post=333"},{"taxonomy":"product_cat","embeddable":true,"href":"https:\/\/editora.ufrrj.br\/portal\/wp-json\/wp\/v2\/product_cat?post=333"},{"taxonomy":"product_tag","embeddable":true,"href":"https:\/\/editora.ufrrj.br\/portal\/wp-json\/wp\/v2\/product_tag?post=333"}],"curies":[{"name":"wp","href":"https:\/\/api.w.org\/{rel}","templated":true}]}}