{"id":331,"date":"2016-08-16T18:46:13","date_gmt":"2016-08-16T21:46:13","guid":{"rendered":"http:\/\/editora.ufrrj.br\/?post_type=product&#038;p=331"},"modified":"2023-07-26T10:07:27","modified_gmt":"2023-07-26T13:07:27","slug":"poliedros-estrelados-no-curriculo-do-ensino-medio","status":"publish","type":"product","link":"https:\/\/editora.ufrrj.br\/portal\/produto\/poliedros-estrelados-no-curriculo-do-ensino-medio\/","title":{"rendered":"Poliedros Estrelados no Curr\u00edculo do Ensino M\u00e9dio"},"content":{"rendered":"<p>Este livro est\u00e1 fundamentado em uma vis\u00e3o de trabalho que rompe com a perspectiva axiom\u00e1tica e com a decoreba de f\u00f3rmulas nas aulas de geometria, pois resultados mostram que essa pr\u00e1tica \u00e9 ineficaz no aprendizado. Desenvolver a geometria escolar \u00e9 muito mais que decorar e praticar algoritmos. O trabalho com geometria possibilita o desenvolvimento de habilidades como as de experimentar, representar e argumentar, al\u00e9m de instigar a imagina\u00e7\u00e3o e a criatividade. S\u00e3o essas habilidades que permitir\u00e3o o entendimento das representa\u00e7\u00f5es geom\u00e9tricas que est\u00e3o presentes na natureza, nas artes e nas edifica\u00e7\u00f5es, por exemplo. Para a implementa\u00e7\u00e3o de aulas inovadoras o professor precisa de diferentes materiais para auxili\u00e1-lo na cria\u00e7\u00e3o de situa\u00e7\u00f5es pedag\u00f3gicas desafiadoras e tamb\u00e9m para auxili\u00e1-lo no equacionamento de situa\u00e7\u00f5es previstas em seu planejamento, mas imprevistas na pr\u00e1tica devido aos questionamentos dos alunos durante as aulas (LORENZATO, 2006). Assim sendo, um dos principais objetivos deste livro \u00e9 proporcionar materiais para professores. A obra \u00e9 fruto de uma pesquisa que buscou desenvolver e implementar inova\u00e7\u00f5es para o trabalho com poliedros estrelados no Ensino M\u00e9dio. Referidos poliedros ainda est\u00e3o inexistentes nas aulas, nos livros did\u00e1ticos e em propostas curriculares nacionais. Curiosamente, h\u00e1 uma gama de recursos e de informa\u00e7\u00f5es sobre os poliedros estrelados na Internet. No entanto, esse material ainda \u00e9 de cunho informativo, pouco did\u00e1tico. Oferecer uma abordagem did\u00e1tica para a tem\u00e1tica \u00e9 a finalidade da nossa obra. Concretamente, ilustramos t\u00e9cnicas e m\u00f3dulos de dobraduras, anima\u00e7\u00f5es, v\u00eddeos did\u00e1ticos e planifica\u00e7\u00f5es, apresentamos algumas atividades que podem ser utilizadas e comentamos alguns resultados obtidos nas implementa\u00e7\u00f5es com alunos e professores. Tendo a visualiza\u00e7\u00e3o, as diferentes formas de representa\u00e7\u00e3o, a motiva\u00e7\u00e3o e o desenvolvimento conceitual como alguns dos pilares do pensamento matem\u00e1tico, conclu\u00edmos propondo uma nova arquitetura para as aulas de geometria.<\/p>\n<p>Autores: Wellington Gon\u00e7alves Lemos e Marcelo Almeida Bairral<\/p>\n<p>ISBN: 978-85-85720-71-1<\/p>\n<p>Volume II &#8211; S\u00e9rie InovaComTic<\/p>\n<p>Ano, P\u00e1g., Peso: 2010, 99p., 155 gramas<\/p>\n<p>&nbsp;<\/p>\n","protected":false},"excerpt":{"rendered":"<p>Autores: Wellington Gon\u00e7alves Lemos e Marcelo Almeida Bairral<\/p>\n","protected":false},"featured_media":769,"template":"","meta":{"_acf_changed":false},"product_brand":[],"product_cat":[22],"product_tag":[],"class_list":{"0":"post-331","1":"product","2":"type-product","3":"status-publish","4":"has-post-thumbnail","6":"product_cat-educacao","8":"first","9":"instock","10":"sale","11":"shipping-taxable","12":"purchasable","13":"product-type-simple"},"acf":[],"_links":{"self":[{"href":"https:\/\/editora.ufrrj.br\/portal\/wp-json\/wp\/v2\/product\/331","targetHints":{"allow":["GET"]}}],"collection":[{"href":"https:\/\/editora.ufrrj.br\/portal\/wp-json\/wp\/v2\/product"}],"about":[{"href":"https:\/\/editora.ufrrj.br\/portal\/wp-json\/wp\/v2\/types\/product"}],"wp:featuredmedia":[{"embeddable":true,"href":"https:\/\/editora.ufrrj.br\/portal\/wp-json\/wp\/v2\/media\/769"}],"wp:attachment":[{"href":"https:\/\/editora.ufrrj.br\/portal\/wp-json\/wp\/v2\/media?parent=331"}],"wp:term":[{"taxonomy":"product_brand","embeddable":true,"href":"https:\/\/editora.ufrrj.br\/portal\/wp-json\/wp\/v2\/product_brand?post=331"},{"taxonomy":"product_cat","embeddable":true,"href":"https:\/\/editora.ufrrj.br\/portal\/wp-json\/wp\/v2\/product_cat?post=331"},{"taxonomy":"product_tag","embeddable":true,"href":"https:\/\/editora.ufrrj.br\/portal\/wp-json\/wp\/v2\/product_tag?post=331"}],"curies":[{"name":"wp","href":"https:\/\/api.w.org\/{rel}","templated":true}]}}