{"id":328,"date":"2016-08-16T18:40:50","date_gmt":"2016-08-16T21:40:50","guid":{"rendered":"http:\/\/editora.ufrrj.br\/?post_type=product&#038;p=328"},"modified":"2023-07-26T10:18:26","modified_gmt":"2023-07-26T13:18:26","slug":"politicas-nas-politicas-um-olhar-sobre-a-agricultura-brasileira","status":"publish","type":"product","link":"https:\/\/editora.ufrrj.br\/portal\/produto\/politicas-nas-politicas-um-olhar-sobre-a-agricultura-brasileira\/","title":{"rendered":"Pol\u00edtica nas Pol\u00edticas: um olhar sobre a agricultura brasileira"},"content":{"rendered":"<p>Nos \u00faltimos anos, a valora\u00e7\u00e3o de uma concep\u00e7\u00e3o administrativo-gerencial da coisa p\u00fablica acentuou a \u201cdespolitiza\u00e7\u00e3o\u201d das pol\u00edticas e de sua an\u00e1lise. De uma perspectiva diferente, partindo do estudo das pol\u00edticas p\u00fablicas como inst\u00e2ncias emp\u00edricas do Estado em a\u00e7\u00e3o, este livro procura sistematizar as an\u00e1lises sobre as quest\u00f5es pol\u00edticas das pol\u00edticas p\u00fablicas e refletir sobre as suas potencialidades e limites. Para isso, inicialmente \u00e9 feito um balan\u00e7o da literatura internacional recente sobre as abordagens, enfoques, teorias e modelos que recuperam as quest\u00f5es pol\u00edticas na pol\u00edticas p\u00fablicas, seguindo um olhar sobre o estudo dessa tem\u00e1tica no Brasil, tendo como caso particular as an\u00e1lises das pol\u00edticas para a agricultura nos \u00faltimos trinta anos. Em ambos os momentos do trabalho, recupera-se o enfoque de redes como aquele que pode contribuir melhor para revelar, atrav\u00e9s das pol\u00edticas p\u00fablicas, a din\u00e2mica pol\u00edtica das rela\u00e7\u00f5es Estado\/sociedade.<\/p>\n<p>Autor: Jorge Osvaldo Romano<\/p>\n<p>ISBN: 978-85-7478-318-5<\/p>\n<p>Ano, P\u00e1g., Peso: 2009, 308p., 410 gramas<\/p>\n<p>&nbsp;<\/p>\n","protected":false},"excerpt":{"rendered":"<p>Autor: Jorge Osvaldo Romano<\/p>\n","protected":false},"featured_media":768,"template":"","meta":{"_acf_changed":false},"product_brand":[],"product_cat":[23],"product_tag":[],"class_list":{"0":"post-328","1":"product","2":"type-product","3":"status-publish","4":"has-post-thumbnail","6":"product_cat-ciencias-sociais-e-politicas","8":"first","9":"instock","10":"sale","11":"shipping-taxable","12":"purchasable","13":"product-type-simple"},"acf":[],"_links":{"self":[{"href":"https:\/\/editora.ufrrj.br\/portal\/wp-json\/wp\/v2\/product\/328","targetHints":{"allow":["GET"]}}],"collection":[{"href":"https:\/\/editora.ufrrj.br\/portal\/wp-json\/wp\/v2\/product"}],"about":[{"href":"https:\/\/editora.ufrrj.br\/portal\/wp-json\/wp\/v2\/types\/product"}],"wp:featuredmedia":[{"embeddable":true,"href":"https:\/\/editora.ufrrj.br\/portal\/wp-json\/wp\/v2\/media\/768"}],"wp:attachment":[{"href":"https:\/\/editora.ufrrj.br\/portal\/wp-json\/wp\/v2\/media?parent=328"}],"wp:term":[{"taxonomy":"product_brand","embeddable":true,"href":"https:\/\/editora.ufrrj.br\/portal\/wp-json\/wp\/v2\/product_brand?post=328"},{"taxonomy":"product_cat","embeddable":true,"href":"https:\/\/editora.ufrrj.br\/portal\/wp-json\/wp\/v2\/product_cat?post=328"},{"taxonomy":"product_tag","embeddable":true,"href":"https:\/\/editora.ufrrj.br\/portal\/wp-json\/wp\/v2\/product_tag?post=328"}],"curies":[{"name":"wp","href":"https:\/\/api.w.org\/{rel}","templated":true}]}}