{"id":322,"date":"2016-08-16T13:40:49","date_gmt":"2016-08-16T16:40:49","guid":{"rendered":"http:\/\/editora.ufrrj.br\/?post_type=product&#038;p=322"},"modified":"2023-07-26T10:11:19","modified_gmt":"2023-07-26T13:11:19","slug":"receituario-agronomico-pragas-e-praguicidas-prescricao-tecnica-2","status":"publish","type":"product","link":"https:\/\/editora.ufrrj.br\/portal\/produto\/receituario-agronomico-pragas-e-praguicidas-prescricao-tecnica-2\/","title":{"rendered":"Receitu\u00e1rio Agron\u00f4mico: pragas e praguicidas &#8211; prescri\u00e7\u00e3o t\u00e9cnica"},"content":{"rendered":"<p>Esta obra recebeu o apoio dos coordenadores das C\u00e2maras Especializadas de Agronomia dos CREAs presentes na I Reuni\u00e3o das Coordenadorias de C\u00e2maras Especializadas de Agronomia, organizada pelo CONFEA (Conselho Federal de Engenharia, Arquitetura e Agronomia), realizada em Bras\u00edlia. Tal homenagem foi expressada da seguinte forma: Os Coordenadores das C\u00e2maras Especializadas de Agronomia dos CREAs, reunidos em Bras\u00edlia, de 28 a 31 de mar\u00e7o de 2006 aprovaram a seguinte proposta, cujo proponente foi o Eng. Florestal Valmir Souza de Oliveira (CREA-AM): \u201cpresta reconhecimento ao Eng. Agr\u00f4nomo Aurino Florencio de Lima pela publica\u00e7\u00e3o do livro Receitu\u00e1rio agron\u00f4mico: pragas e praguicidas, prescri\u00e7\u00e3o t\u00e9cnica\u201d. Como justificativa foi utilizado o seguinte argumento: \u201ceste livro permite, atrav\u00e9s de orienta\u00e7\u00f5es do Receitu\u00e1rio Agron\u00f4mico, ao Engenheiro Agr\u00f4nomo e\/ou Engenheiro Florestal, no \u00e2mbito de suas atribui\u00e7\u00f5es, na utiliza\u00e7\u00e3o de meios qu\u00edmico e biol\u00f3gicos no controle de problemas fitossanit\u00e1rios, fazendo com que estes profissionais assumam a plenitude de suas responsabilidades econ\u00f4micas, ambientais e sociais no interesse da sociedade\u201d.<\/p>\n<p>Autor: Aurino Flor\u00eancio de Lima<\/p>\n<p>3\u00aa Edi\u00e7\u00e3o<\/p>\n<p>ISBN: 978-85-8067-057-8<\/p>\n<p>Ano, P\u00e1g., Peso: 2013, 807p., 1,200 quilogramas<\/p>\n","protected":false},"excerpt":{"rendered":"<p>Autor: Aurino Flor\u00eancio de Lima<\/p>\n","protected":false},"featured_media":668,"template":"","meta":{"_acf_changed":false},"product_brand":[],"product_cat":[13],"product_tag":[],"class_list":{"0":"post-322","1":"product","2":"type-product","3":"status-publish","4":"has-post-thumbnail","6":"product_cat-agronomia","8":"first","9":"outofstock","10":"sale","11":"shipping-taxable","12":"purchasable","13":"product-type-simple"},"acf":[],"_links":{"self":[{"href":"https:\/\/editora.ufrrj.br\/portal\/wp-json\/wp\/v2\/product\/322","targetHints":{"allow":["GET"]}}],"collection":[{"href":"https:\/\/editora.ufrrj.br\/portal\/wp-json\/wp\/v2\/product"}],"about":[{"href":"https:\/\/editora.ufrrj.br\/portal\/wp-json\/wp\/v2\/types\/product"}],"wp:featuredmedia":[{"embeddable":true,"href":"https:\/\/editora.ufrrj.br\/portal\/wp-json\/wp\/v2\/media\/668"}],"wp:attachment":[{"href":"https:\/\/editora.ufrrj.br\/portal\/wp-json\/wp\/v2\/media?parent=322"}],"wp:term":[{"taxonomy":"product_brand","embeddable":true,"href":"https:\/\/editora.ufrrj.br\/portal\/wp-json\/wp\/v2\/product_brand?post=322"},{"taxonomy":"product_cat","embeddable":true,"href":"https:\/\/editora.ufrrj.br\/portal\/wp-json\/wp\/v2\/product_cat?post=322"},{"taxonomy":"product_tag","embeddable":true,"href":"https:\/\/editora.ufrrj.br\/portal\/wp-json\/wp\/v2\/product_tag?post=322"}],"curies":[{"name":"wp","href":"https:\/\/api.w.org\/{rel}","templated":true}]}}