{"id":316,"date":"2016-08-10T18:35:31","date_gmt":"2016-08-10T18:35:31","guid":{"rendered":"http:\/\/editora.ufrrj.br\/?post_type=product&#038;p=316"},"modified":"2023-05-23T16:12:42","modified_gmt":"2023-05-23T19:12:42","slug":"receituario-agronomico-pragas-e-praguicidas-prescricao-tecnica","status":"publish","type":"product","link":"https:\/\/editora.ufrrj.br\/portal\/produto\/receituario-agronomico-pragas-e-praguicidas-prescricao-tecnica\/","title":{"rendered":"Receitu\u00e1rio Agron\u00f4mico: pragas e praguicidas, prescri\u00e7\u00e3o t\u00e9cnica"},"content":{"rendered":"<p>Autor: Aurino Flor\u00eancio de Lima<\/p>\n<p>2\u00aa Edi\u00e7\u00e3o<\/p>\n","protected":false},"excerpt":{"rendered":"<p>Autor: Aurino Flor\u00eancio de Lima 2\u00aa Edi\u00e7\u00e3o<\/p>\n","protected":false},"featured_media":317,"template":"","meta":{"_acf_changed":false},"product_brand":[],"product_cat":[13],"product_tag":[],"class_list":{"0":"post-316","1":"product","2":"type-product","3":"status-publish","4":"has-post-thumbnail","6":"product_cat-agronomia","8":"first","9":"outofstock","10":"shipping-taxable","11":"purchasable","12":"product-type-simple"},"acf":[],"_links":{"self":[{"href":"https:\/\/editora.ufrrj.br\/portal\/wp-json\/wp\/v2\/product\/316","targetHints":{"allow":["GET"]}}],"collection":[{"href":"https:\/\/editora.ufrrj.br\/portal\/wp-json\/wp\/v2\/product"}],"about":[{"href":"https:\/\/editora.ufrrj.br\/portal\/wp-json\/wp\/v2\/types\/product"}],"wp:featuredmedia":[{"embeddable":true,"href":"https:\/\/editora.ufrrj.br\/portal\/wp-json\/wp\/v2\/media\/317"}],"wp:attachment":[{"href":"https:\/\/editora.ufrrj.br\/portal\/wp-json\/wp\/v2\/media?parent=316"}],"wp:term":[{"taxonomy":"product_brand","embeddable":true,"href":"https:\/\/editora.ufrrj.br\/portal\/wp-json\/wp\/v2\/product_brand?post=316"},{"taxonomy":"product_cat","embeddable":true,"href":"https:\/\/editora.ufrrj.br\/portal\/wp-json\/wp\/v2\/product_cat?post=316"},{"taxonomy":"product_tag","embeddable":true,"href":"https:\/\/editora.ufrrj.br\/portal\/wp-json\/wp\/v2\/product_tag?post=316"}],"curies":[{"name":"wp","href":"https:\/\/api.w.org\/{rel}","templated":true}]}}