{"id":310,"date":"2016-08-10T17:45:46","date_gmt":"2016-08-10T17:45:46","guid":{"rendered":"http:\/\/editora.ufrrj.br\/?post_type=product&#038;p=310"},"modified":"2025-08-13T06:28:57","modified_gmt":"2025-08-13T09:28:57","slug":"religiao-e-linguagem-nos-mundos-ibericos-identidades-vinculos-sociais-e-instituicoes","status":"publish","type":"product","link":"https:\/\/editora.ufrrj.br\/portal\/produto\/religiao-e-linguagem-nos-mundos-ibericos-identidades-vinculos-sociais-e-instituicoes\/","title":{"rendered":"Religi\u00e3o e Linguagem nos Mundos Ib\u00e9ricos: identidades, v\u00ednculos sociais e institui\u00e7\u00f5es"},"content":{"rendered":"<p>A presente colet\u00e2nea re\u00fane artigos de especialistas brasileiros e portugueses de diferentes institui\u00e7\u00f5es. O livro prop\u00f5e uma reflex\u00e3o sobre religi\u00e3o e rela\u00e7\u00f5es sociais nos mundos da lusofonia. O conjunto de ensaios encontra-se distribu\u00eddo por tr\u00eas eixos de reflex\u00e3o: pr\u00e1ticas de escrita, linguagem e expans\u00e3o religiosa; religi\u00e3o e ordem social; poder, monarquia e religi\u00e3o. A organiza\u00e7\u00e3o da colet\u00e2nea \u00e9 uma iniciativa do Laborat\u00f3rio de Mundos Ib\u00e9ricos (LAMI), vinculado ao Programa de P\u00f3s-Gradua\u00e7\u00e3o em Hist\u00f3ria da Universidade Federal Rural do Rio de Janeiro.<\/p>\n<p style=\"text-align: left;\">Organizadores: Luciana Gandelman; Margareth de Almeida Gon\u00e7alves; Patr\u00edcia de Souza Faria<\/p>\n<p style=\"text-align: left;\">ISBN: 978-85-8067-069-1<\/p>\n<p style=\"text-align: left;\">Ano, p\u00e1ginas, peso: 2015, 252p, 500g<\/p>\n<p style=\"text-align: left;\">\n","protected":false},"excerpt":{"rendered":"<p>Organizadores: Luciana Gandelman; Margareth de Almeida Gon\u00e7alves; Patr\u00edcia de Souza Faria<\/p>\n","protected":false},"featured_media":311,"template":"","meta":{"_acf_changed":false},"product_brand":[],"product_cat":[23,22,19],"product_tag":[],"class_list":{"0":"post-310","1":"product","2":"type-product","3":"status-publish","4":"has-post-thumbnail","6":"product_cat-ciencias-sociais-e-politicas","7":"product_cat-educacao","8":"product_cat-historia","9":"product_shipping_class-retirar-no-local","11":"first","12":"instock","13":"sale","14":"shipping-taxable","15":"purchasable","16":"product-type-simple"},"acf":[],"_links":{"self":[{"href":"https:\/\/editora.ufrrj.br\/portal\/wp-json\/wp\/v2\/product\/310","targetHints":{"allow":["GET"]}}],"collection":[{"href":"https:\/\/editora.ufrrj.br\/portal\/wp-json\/wp\/v2\/product"}],"about":[{"href":"https:\/\/editora.ufrrj.br\/portal\/wp-json\/wp\/v2\/types\/product"}],"wp:featuredmedia":[{"embeddable":true,"href":"https:\/\/editora.ufrrj.br\/portal\/wp-json\/wp\/v2\/media\/311"}],"wp:attachment":[{"href":"https:\/\/editora.ufrrj.br\/portal\/wp-json\/wp\/v2\/media?parent=310"}],"wp:term":[{"taxonomy":"product_brand","embeddable":true,"href":"https:\/\/editora.ufrrj.br\/portal\/wp-json\/wp\/v2\/product_brand?post=310"},{"taxonomy":"product_cat","embeddable":true,"href":"https:\/\/editora.ufrrj.br\/portal\/wp-json\/wp\/v2\/product_cat?post=310"},{"taxonomy":"product_tag","embeddable":true,"href":"https:\/\/editora.ufrrj.br\/portal\/wp-json\/wp\/v2\/product_tag?post=310"}],"curies":[{"name":"wp","href":"https:\/\/api.w.org\/{rel}","templated":true}]}}