{"id":305,"date":"2016-08-10T17:34:13","date_gmt":"2016-08-10T17:34:13","guid":{"rendered":"http:\/\/editora.ufrrj.br\/?post_type=product&#038;p=305"},"modified":"2023-11-06T16:46:35","modified_gmt":"2023-11-06T19:46:35","slug":"segredos-da-boa-aparencia","status":"publish","type":"product","link":"https:\/\/editora.ufrrj.br\/portal\/produto\/segredos-da-boa-aparencia\/","title":{"rendered":"Segredos da Boa Apar\u00eancia: da &#8220;cor&#8221; \u00e0 &#8220;boa apar\u00eancia&#8221; no mundo do trabalho carioca (1930-1950)"},"content":{"rendered":"<p>Autor: Caetana Damasceno<\/p>\n<p>ISBN: 978-85-85720-86-5<\/p>\n<p>Ano, P\u00e1g., Peso: 2011, 262p., 450 gramas<\/p>\n<p><a href=\"http:\/\/institucional.ufrrj.br\/editora\/files\/2013\/02\/segredos-da-boa-aparencia2.pdf\" target=\"_blank\" rel=\"noopener\"><img decoding=\"async\" class=\"alignnone size-full wp-image-258\" src=\"https:\/\/editora.ufrrj.br\/portal\/wp-content\/uploads\/2016\/04\/pdf.gif\" alt=\"pdf\" width=\"40\" height=\"14\" \/>Apresenta\u00e7\u00e3o: Segredos da Boa Apar\u00eancia<\/a><\/p>\n","protected":false},"excerpt":{"rendered":"<p>Autor: Caetana Damasceno<\/p>\n","protected":false},"featured_media":306,"template":"","meta":{"_acf_changed":false},"product_brand":[],"product_cat":[19],"product_tag":[],"class_list":{"0":"post-305","1":"product","2":"type-product","3":"status-publish","4":"has-post-thumbnail","6":"product_cat-historia","8":"first","9":"instock","10":"sale","11":"shipping-taxable","12":"purchasable","13":"product-type-simple"},"acf":[],"_links":{"self":[{"href":"https:\/\/editora.ufrrj.br\/portal\/wp-json\/wp\/v2\/product\/305","targetHints":{"allow":["GET"]}}],"collection":[{"href":"https:\/\/editora.ufrrj.br\/portal\/wp-json\/wp\/v2\/product"}],"about":[{"href":"https:\/\/editora.ufrrj.br\/portal\/wp-json\/wp\/v2\/types\/product"}],"wp:featuredmedia":[{"embeddable":true,"href":"https:\/\/editora.ufrrj.br\/portal\/wp-json\/wp\/v2\/media\/306"}],"wp:attachment":[{"href":"https:\/\/editora.ufrrj.br\/portal\/wp-json\/wp\/v2\/media?parent=305"}],"wp:term":[{"taxonomy":"product_brand","embeddable":true,"href":"https:\/\/editora.ufrrj.br\/portal\/wp-json\/wp\/v2\/product_brand?post=305"},{"taxonomy":"product_cat","embeddable":true,"href":"https:\/\/editora.ufrrj.br\/portal\/wp-json\/wp\/v2\/product_cat?post=305"},{"taxonomy":"product_tag","embeddable":true,"href":"https:\/\/editora.ufrrj.br\/portal\/wp-json\/wp\/v2\/product_tag?post=305"}],"curies":[{"name":"wp","href":"https:\/\/api.w.org\/{rel}","templated":true}]}}