{"id":302,"date":"2016-08-10T17:20:37","date_gmt":"2016-08-10T20:20:37","guid":{"rendered":"http:\/\/editora.ufrrj.br\/?post_type=product&#038;p=302"},"modified":"2023-07-26T10:10:30","modified_gmt":"2023-07-26T13:10:30","slug":"sindicato-e-sindicalismo-bancario","status":"publish","type":"product","link":"https:\/\/editora.ufrrj.br\/portal\/produto\/sindicato-e-sindicalismo-bancario\/","title":{"rendered":"Sindicato e Sindicalismo Banc\u00e1rio"},"content":{"rendered":"<p>Autores: Ana L\u00facia Valen\u00e7a de Santa Cruz Oliveira<\/p>\n<p>ISBN: 85-85720-20-4<\/p>\n<p>Ano, P\u00e1g., Peso: 1998, 294p., 376 gramas<\/p>\n<p><a href=\"http:\/\/institucional.ufrrj.br\/editora\/files\/2013\/02\/sindicato2.pdf\" target=\"_blank\" rel=\"noopener\"><img decoding=\"async\" class=\"alignnone size-full wp-image-258\" src=\"https:\/\/editora.ufrrj.br\/portal\/wp-content\/uploads\/2016\/04\/pdf.gif\" alt=\"pdf\" width=\"40\" height=\"14\" \/>Apresenta\u00e7\u00e3o: Sindicato e Sindicalismo Banc\u00e1rio<\/a><\/p>\n","protected":false},"excerpt":{"rendered":"<p>Ana L\u00facia Valen\u00e7a de Santa Cruz Oliveira (Autora)<\/p>\n","protected":false},"featured_media":582,"template":"","meta":{"_acf_changed":false},"product_brand":[],"product_cat":[23],"product_tag":[],"class_list":{"0":"post-302","1":"product","2":"type-product","3":"status-publish","4":"has-post-thumbnail","6":"product_cat-ciencias-sociais-e-politicas","8":"first","9":"instock","10":"sale","11":"shipping-taxable","12":"purchasable","13":"product-type-simple"},"acf":[],"_links":{"self":[{"href":"https:\/\/editora.ufrrj.br\/portal\/wp-json\/wp\/v2\/product\/302","targetHints":{"allow":["GET"]}}],"collection":[{"href":"https:\/\/editora.ufrrj.br\/portal\/wp-json\/wp\/v2\/product"}],"about":[{"href":"https:\/\/editora.ufrrj.br\/portal\/wp-json\/wp\/v2\/types\/product"}],"wp:featuredmedia":[{"embeddable":true,"href":"https:\/\/editora.ufrrj.br\/portal\/wp-json\/wp\/v2\/media\/582"}],"wp:attachment":[{"href":"https:\/\/editora.ufrrj.br\/portal\/wp-json\/wp\/v2\/media?parent=302"}],"wp:term":[{"taxonomy":"product_brand","embeddable":true,"href":"https:\/\/editora.ufrrj.br\/portal\/wp-json\/wp\/v2\/product_brand?post=302"},{"taxonomy":"product_cat","embeddable":true,"href":"https:\/\/editora.ufrrj.br\/portal\/wp-json\/wp\/v2\/product_cat?post=302"},{"taxonomy":"product_tag","embeddable":true,"href":"https:\/\/editora.ufrrj.br\/portal\/wp-json\/wp\/v2\/product_tag?post=302"}],"curies":[{"name":"wp","href":"https:\/\/api.w.org\/{rel}","templated":true}]}}