{"id":299,"date":"2016-08-10T14:35:29","date_gmt":"2016-08-10T17:35:29","guid":{"rendered":"http:\/\/editora.ufrrj.br\/?post_type=product&#038;p=299"},"modified":"2023-07-26T10:10:10","modified_gmt":"2023-07-26T13:10:10","slug":"sistema-de-irrigacao-aspersao-convencional-microaspersao-e-gotejamento","status":"publish","type":"product","link":"https:\/\/editora.ufrrj.br\/portal\/produto\/sistema-de-irrigacao-aspersao-convencional-microaspersao-e-gotejamento\/","title":{"rendered":"Sistemas de Irriga\u00e7\u00e3o &#8211; Aspers\u00e3o Convencional, Microaspers\u00e3o e Gotejamento"},"content":{"rendered":"<p>Autor:\u00a0Alu\u00edzio Teixeira da Silva<\/p>\n<p>ISBN:\u00a0978-85-8067-071-4<\/p>\n<p>Ano, P\u00e1g., Peso: 2015, 388p., 600 gramas<\/p>\n<p><img decoding=\"async\" class=\"alignnone size-full wp-image-258\" src=\"https:\/\/editora.ufrrj.br\/portal\/wp-content\/uploads\/2016\/04\/pdf.gif\" alt=\"pdf\" width=\"40\" height=\"14\" \/>Apresenta\u00e7\u00e3o: <a href=\"http:\/\/institucional.ufrrj.br\/editora\/files\/2016\/06\/sistema-de-irriga\u00e7\u00e3o.pdf\" target=\"_blank\" rel=\"noopener\">Sistema de Irriga\u00e7\u00e3o<\/a><\/p>\n","protected":false},"excerpt":{"rendered":"<p>Autor:\u00a0Alu\u00edzio Teixeira da Silva ISBN:\u00a0978-85-8067-071-4 Ano, P\u00e1g., Peso: 2015, 388p., 600 gramas Apresenta\u00e7\u00e3o: Sistema de Irriga\u00e7\u00e3o<\/p>\n","protected":false},"featured_media":581,"template":"","meta":{"_acf_changed":false},"product_brand":[],"product_cat":[13,22,20],"product_tag":[],"class_list":{"0":"post-299","1":"product","2":"type-product","3":"status-publish","4":"has-post-thumbnail","6":"product_cat-agronomia","7":"product_cat-educacao","8":"product_cat-recursos-florestais","9":"product_shipping_class-correios","11":"first","12":"instock","13":"sale","14":"shipping-taxable","15":"purchasable","16":"product-type-simple"},"acf":[],"_links":{"self":[{"href":"https:\/\/editora.ufrrj.br\/portal\/wp-json\/wp\/v2\/product\/299","targetHints":{"allow":["GET"]}}],"collection":[{"href":"https:\/\/editora.ufrrj.br\/portal\/wp-json\/wp\/v2\/product"}],"about":[{"href":"https:\/\/editora.ufrrj.br\/portal\/wp-json\/wp\/v2\/types\/product"}],"wp:featuredmedia":[{"embeddable":true,"href":"https:\/\/editora.ufrrj.br\/portal\/wp-json\/wp\/v2\/media\/581"}],"wp:attachment":[{"href":"https:\/\/editora.ufrrj.br\/portal\/wp-json\/wp\/v2\/media?parent=299"}],"wp:term":[{"taxonomy":"product_brand","embeddable":true,"href":"https:\/\/editora.ufrrj.br\/portal\/wp-json\/wp\/v2\/product_brand?post=299"},{"taxonomy":"product_cat","embeddable":true,"href":"https:\/\/editora.ufrrj.br\/portal\/wp-json\/wp\/v2\/product_cat?post=299"},{"taxonomy":"product_tag","embeddable":true,"href":"https:\/\/editora.ufrrj.br\/portal\/wp-json\/wp\/v2\/product_tag?post=299"}],"curies":[{"name":"wp","href":"https:\/\/api.w.org\/{rel}","templated":true}]}}