{"id":297,"date":"2016-08-10T14:31:06","date_gmt":"2016-08-10T17:31:06","guid":{"rendered":"http:\/\/editora.ufrrj.br\/?post_type=product&#038;p=297"},"modified":"2024-01-04T23:37:14","modified_gmt":"2024-01-05T02:37:14","slug":"sua-excelencia-o-excedente-a-historia-da-criacao-de-uma-faculdade-brasileira","status":"publish","type":"product","link":"https:\/\/editora.ufrrj.br\/portal\/produto\/sua-excelencia-o-excedente-a-historia-da-criacao-de-uma-faculdade-brasileira\/","title":{"rendered":"Sua Excel\u00eancia o Excedente, a hist\u00f3ria da cria\u00e7\u00e3o de uma faculdade brasileira"},"content":{"rendered":"<p>Em 1966 mais de 800 jovens prestaram vestibular na Escola Nacional de Qu\u00edmica. A \u00e1rea era apreciada por aqueles que tinham vis\u00e3o de futuro, com o objetivo de trabalhar na cria\u00e7\u00e3o de uma ind\u00fastria de base forte, na busca de melhores condi\u00e7\u00f5es de vida para a popula\u00e7\u00e3o e da afirma\u00e7\u00e3o tecnol\u00f3gica do pa\u00eds. A ENQ tinha 100 vagas dispon\u00edveis. Os aprovados al\u00e9m dos 100 primeiros classificado foram considerados excedentes, excediam a quantidade de vagas existentes e n\u00e3o podiam frequentar a faculdade. O sonho tornou-se pesadelo. Os jovens vestibulandos contestaram a exclus\u00e3o, n\u00e3o se conformando com a discrimina\u00e7\u00e3o. Desencadearam um movimento pelos seus direitos: tinham passado no vestibular e queriam vagas para estudar.<\/p>\n<p>Autores: Antonio de P\u00e1dua Gomes Barbosa, Jos\u00e9 Maria de Mesquita Jr. e Paulo Cesar Xavier da Silveira<\/p>\n<p>ISBN: 978-85-85720-94-0<\/p>\n<p>Ano, P\u00e1g., Peso: 2010, 226p., 350 gramas<\/p>\n<p>&nbsp;<\/p>\n","protected":false},"excerpt":{"rendered":"<p>Autores: Antonio de P\u00e1dua Gomes Barbosa, Jos\u00e9 Maria de Mesquita Jr. e Paulo Cesar Xavier da Silveira<\/p>\n","protected":false},"featured_media":580,"template":"","meta":{"_acf_changed":false},"product_brand":[],"product_cat":[19],"product_tag":[],"class_list":{"0":"post-297","1":"product","2":"type-product","3":"status-publish","4":"has-post-thumbnail","6":"product_cat-historia","8":"first","9":"instock","10":"sale","11":"shipping-taxable","12":"purchasable","13":"product-type-simple"},"acf":[],"_links":{"self":[{"href":"https:\/\/editora.ufrrj.br\/portal\/wp-json\/wp\/v2\/product\/297","targetHints":{"allow":["GET"]}}],"collection":[{"href":"https:\/\/editora.ufrrj.br\/portal\/wp-json\/wp\/v2\/product"}],"about":[{"href":"https:\/\/editora.ufrrj.br\/portal\/wp-json\/wp\/v2\/types\/product"}],"wp:featuredmedia":[{"embeddable":true,"href":"https:\/\/editora.ufrrj.br\/portal\/wp-json\/wp\/v2\/media\/580"}],"wp:attachment":[{"href":"https:\/\/editora.ufrrj.br\/portal\/wp-json\/wp\/v2\/media?parent=297"}],"wp:term":[{"taxonomy":"product_brand","embeddable":true,"href":"https:\/\/editora.ufrrj.br\/portal\/wp-json\/wp\/v2\/product_brand?post=297"},{"taxonomy":"product_cat","embeddable":true,"href":"https:\/\/editora.ufrrj.br\/portal\/wp-json\/wp\/v2\/product_cat?post=297"},{"taxonomy":"product_tag","embeddable":true,"href":"https:\/\/editora.ufrrj.br\/portal\/wp-json\/wp\/v2\/product_tag?post=297"}],"curies":[{"name":"wp","href":"https:\/\/api.w.org\/{rel}","templated":true}]}}