{"id":295,"date":"2016-08-10T14:27:10","date_gmt":"2016-08-10T17:27:10","guid":{"rendered":"http:\/\/editora.ufrrj.br\/?post_type=product&#038;p=295"},"modified":"2025-08-14T13:23:01","modified_gmt":"2025-08-14T16:23:01","slug":"subjetividade-ciencias-moderna-e-psicologia-junguiana","status":"publish","type":"product","link":"https:\/\/editora.ufrrj.br\/portal\/produto\/subjetividade-ciencias-moderna-e-psicologia-junguiana\/","title":{"rendered":"Subjetividade, Ci\u00eancias Moderna e Psicologia Junguiana"},"content":{"rendered":"<p>O pr\u00f3prio texto traduz j\u00e1, com propriedade incisiva, a trajet\u00f3ria que o autor tra\u00e7a para a no\u00e7\u00e3o de sujeito: de relatos mitol\u00f3gicos e de textos pr\u00e9-sociocr\u00e1ticos \u00e0 insurrei\u00e7\u00e3o de Nicolau Cop\u00e9rnico; e da\u00ed ao protagonismo do sujeito na ci\u00eancia moderna. Ele o faz com maestria, endossada por minuciosas notas de rodap\u00e9 e cr\u00edtico repert\u00f3rio bibliogr\u00e1fico. E mais: sua interpreta\u00e7\u00e3o da Teoria das Estranhezas, em termos de \u00eanfase no sujeito para identifica\u00e7\u00e3o de particulares mosaicos de isomorfos (sujeito-depend\u00eancia) nos arqu\u00e9tipos da psicologia junguiana, vem atestar a contemporaneidade de sua obra. O que se refor\u00e7a por artigo recente, na ci\u00eancia f\u00edsica atual, a fazer o coro a esse resgate seu sujeito: &#8220;a realidade n\u00e3o existe, se n\u00f3s n\u00e3o a estivermos observando&#8221; (News &#8211; PsysicsWeb, 26 de abril 2007). E, para resumir, diria que o autor foi em busca das origens (etymologiae) do sujeito moderno&#8230; e as encontrou.<\/p>\n<p>Autor:\u00a0Nilton Sousa da Silva<\/p>\n<p>ISBN: 978-85-85720-78-0<\/p>\n<p>Ano, P\u00e1g., Peso: 2010, 175p., 300 gramas<\/p>\n<p>&nbsp;<\/p>\n","protected":false},"excerpt":{"rendered":"<p>Autor:\u00a0Nilton Sousa da Silva<\/p>\n","protected":false},"featured_media":579,"template":"","meta":{"_acf_changed":false},"product_brand":[],"product_cat":[17],"product_tag":[],"class_list":{"0":"post-295","1":"product","2":"type-product","3":"status-publish","4":"has-post-thumbnail","6":"product_cat-psicologia","8":"first","9":"instock","10":"sale","11":"shipping-taxable","12":"purchasable","13":"product-type-simple"},"acf":[],"_links":{"self":[{"href":"https:\/\/editora.ufrrj.br\/portal\/wp-json\/wp\/v2\/product\/295","targetHints":{"allow":["GET"]}}],"collection":[{"href":"https:\/\/editora.ufrrj.br\/portal\/wp-json\/wp\/v2\/product"}],"about":[{"href":"https:\/\/editora.ufrrj.br\/portal\/wp-json\/wp\/v2\/types\/product"}],"wp:featuredmedia":[{"embeddable":true,"href":"https:\/\/editora.ufrrj.br\/portal\/wp-json\/wp\/v2\/media\/579"}],"wp:attachment":[{"href":"https:\/\/editora.ufrrj.br\/portal\/wp-json\/wp\/v2\/media?parent=295"}],"wp:term":[{"taxonomy":"product_brand","embeddable":true,"href":"https:\/\/editora.ufrrj.br\/portal\/wp-json\/wp\/v2\/product_brand?post=295"},{"taxonomy":"product_cat","embeddable":true,"href":"https:\/\/editora.ufrrj.br\/portal\/wp-json\/wp\/v2\/product_cat?post=295"},{"taxonomy":"product_tag","embeddable":true,"href":"https:\/\/editora.ufrrj.br\/portal\/wp-json\/wp\/v2\/product_tag?post=295"}],"curies":[{"name":"wp","href":"https:\/\/api.w.org\/{rel}","templated":true}]}}