{"id":292,"date":"2016-08-09T18:40:22","date_gmt":"2016-08-09T21:40:22","guid":{"rendered":"http:\/\/editora.ufrrj.br\/?post_type=product&#038;p=292"},"modified":"2023-07-26T10:18:20","modified_gmt":"2023-07-26T13:18:20","slug":"tecnologia-da-informacao-e-comunicacao-na-formacao-e-educacao-matematica","status":"publish","type":"product","link":"https:\/\/editora.ufrrj.br\/portal\/produto\/tecnologia-da-informacao-e-comunicacao-na-formacao-e-educacao-matematica\/","title":{"rendered":"Tecnologias da Informa\u00e7\u00e3o e Comunica\u00e7\u00e3o na Forma\u00e7\u00e3o e Educa\u00e7\u00e3o Matem\u00e1tica"},"content":{"rendered":"<p>Esta \u00e9 uma obra dirigida a educadores interessados no ensino e na aprendizagem de matem\u00e1tica tendo as TIC como mediadoras. \u00c9, tamb\u00e9m, um livro direcionado a licenciaturas em Matem\u00e1tica, Pedagogia e cursos de forma\u00e7\u00e3o de professores de \u00e1reas especificas como F\u00edsica e Qu\u00edmica, pois brevemente chegaremos a um tempo onde a inform\u00e1tica deixar\u00e1 de ser uma disciplina espec\u00edfica do curr\u00edculo para se constituir em uma habilidade comum no conhecimento dos profissionais das diferentes \u00e1reas do saber. Estudiosos do campo do Curr\u00edculo, da Psicologia, da Comunica\u00e7\u00e3o e da Inform\u00e1tica Educativa tamb\u00e9m podem se interessar pela obra. Enfim, trata-se de uma fonte inspiradora a leitores criativos, cr\u00edticos, aut\u00f4nomos e que acreditam que aprender \u00e9 uma atividade constante.<\/p>\n<p>Autor: Marcelo Almeida Bairral<\/p>\n<p>ISBN: 978-85-8067-019-6<\/p>\n<p>S\u00e9rie InovaComTic &#8211; Volume I &#8211; 2\u00aa Edi\u00e7\u00e3o<\/p>\n<p>Ano, P\u00e1g., Peso: 2009, 110p., 190 gramas<\/p>\n<p>&nbsp;<\/p>\n","protected":false},"excerpt":{"rendered":"<p>Autor: Marcelo Almeida Bairral<\/p>\n","protected":false},"featured_media":578,"template":"","meta":{"_acf_changed":false},"product_brand":[],"product_cat":[22],"product_tag":[],"class_list":{"0":"post-292","1":"product","2":"type-product","3":"status-publish","4":"has-post-thumbnail","6":"product_cat-educacao","8":"first","9":"instock","10":"sale","11":"shipping-taxable","12":"purchasable","13":"product-type-simple"},"acf":[],"_links":{"self":[{"href":"https:\/\/editora.ufrrj.br\/portal\/wp-json\/wp\/v2\/product\/292","targetHints":{"allow":["GET"]}}],"collection":[{"href":"https:\/\/editora.ufrrj.br\/portal\/wp-json\/wp\/v2\/product"}],"about":[{"href":"https:\/\/editora.ufrrj.br\/portal\/wp-json\/wp\/v2\/types\/product"}],"wp:featuredmedia":[{"embeddable":true,"href":"https:\/\/editora.ufrrj.br\/portal\/wp-json\/wp\/v2\/media\/578"}],"wp:attachment":[{"href":"https:\/\/editora.ufrrj.br\/portal\/wp-json\/wp\/v2\/media?parent=292"}],"wp:term":[{"taxonomy":"product_brand","embeddable":true,"href":"https:\/\/editora.ufrrj.br\/portal\/wp-json\/wp\/v2\/product_brand?post=292"},{"taxonomy":"product_cat","embeddable":true,"href":"https:\/\/editora.ufrrj.br\/portal\/wp-json\/wp\/v2\/product_cat?post=292"},{"taxonomy":"product_tag","embeddable":true,"href":"https:\/\/editora.ufrrj.br\/portal\/wp-json\/wp\/v2\/product_tag?post=292"}],"curies":[{"name":"wp","href":"https:\/\/api.w.org\/{rel}","templated":true}]}}