{"id":286,"date":"2016-08-09T18:32:57","date_gmt":"2016-08-09T21:32:57","guid":{"rendered":"http:\/\/editora.ufrrj.br\/?post_type=product&#038;p=286"},"modified":"2023-07-26T10:09:44","modified_gmt":"2023-07-26T13:09:44","slug":"um-brasil-ambivalente-agronegocio-ruralismo-relacoes-de-poder","status":"publish","type":"product","link":"https:\/\/editora.ufrrj.br\/portal\/produto\/um-brasil-ambivalente-agronegocio-ruralismo-relacoes-de-poder\/","title":{"rendered":"Um Brasil Ambivalente: agroneg\u00f3cio, ruralismo e rela\u00e7\u00f5es de poder"},"content":{"rendered":"<p>Ambival\u00eancia. Esta \u00e9 uma das chaves principais para interpretar o Brasil do agroneg\u00f3cio e do ruralismo, caracterizado pelo entrela\u00e7amento de valentias (ou for\u00e7as) aparentemente inconcili\u00e1veis, mas reveladas como constitutivas de um mesmo ser. Um Brasil ambivalente mostra, assim, tradi\u00e7\u00e3o e modernidade, antiga e nova ordem, discursos e a\u00e7\u00f5es contradit\u00f3rios, com foco nas quest\u00f5es agr\u00e1rias e nas rela\u00e7\u00f5es de poder. Nesse sentido, duas preocupa\u00e7\u00f5es norteiam as reflex\u00f5es deste livro. Por um lado, o desafio de compreender a ambival\u00eancia presente na pr\u00e1tica e no discurso patronal rural, e, por outro, chamar a aten\u00e7\u00e3o para o fato de que grandes propriet\u00e1rios de terra e empres\u00e1rios rurais fazem parte de uma imensa intrincada rede de rela\u00e7\u00f5es sociais, configurando, desse modo, tens\u00f5es, acordos, diverg\u00eancias, identidades, advers\u00e1rios e aliados. Com proposi\u00e7\u00f5es te\u00f3rico-metodol\u00f3gicas e, ao mesmo tempo, estudos de caso, Um Brasil ambivalente exp\u00f5e um modo pr\u00f3prio de \u201cser\u201d e \u201cfazer\u201d desses grupos e de seus porta-vozes. E \u00e9 instigante, ao debater a\u00e7\u00f5es e representa\u00e7\u00f5es que n\u00e3o se orientam t\u00e3o somente pela raz\u00e3o econ\u00f4mica, nem se regem exclusivamente pela raz\u00e3o \u201cafetiva\u201d.<\/p>\n<p>Autor: Regina Bruno<\/p>\n<p>ISBN: 978-85-7478-314-7<\/p>\n<p>Ano, P\u00e1g., Peso: 2010, 284p., 480 gramas<\/p>\n<p>&nbsp;<\/p>\n","protected":false},"excerpt":{"rendered":"<p>Autor: Regina Bruno<\/p>\n","protected":false},"featured_media":576,"template":"","meta":{"_acf_changed":false},"product_brand":[],"product_cat":[23],"product_tag":[],"class_list":{"0":"post-286","1":"product","2":"type-product","3":"status-publish","4":"has-post-thumbnail","6":"product_cat-ciencias-sociais-e-politicas","8":"first","9":"instock","10":"sale","11":"shipping-taxable","12":"purchasable","13":"product-type-simple"},"acf":[],"_links":{"self":[{"href":"https:\/\/editora.ufrrj.br\/portal\/wp-json\/wp\/v2\/product\/286","targetHints":{"allow":["GET"]}}],"collection":[{"href":"https:\/\/editora.ufrrj.br\/portal\/wp-json\/wp\/v2\/product"}],"about":[{"href":"https:\/\/editora.ufrrj.br\/portal\/wp-json\/wp\/v2\/types\/product"}],"wp:featuredmedia":[{"embeddable":true,"href":"https:\/\/editora.ufrrj.br\/portal\/wp-json\/wp\/v2\/media\/576"}],"wp:attachment":[{"href":"https:\/\/editora.ufrrj.br\/portal\/wp-json\/wp\/v2\/media?parent=286"}],"wp:term":[{"taxonomy":"product_brand","embeddable":true,"href":"https:\/\/editora.ufrrj.br\/portal\/wp-json\/wp\/v2\/product_brand?post=286"},{"taxonomy":"product_cat","embeddable":true,"href":"https:\/\/editora.ufrrj.br\/portal\/wp-json\/wp\/v2\/product_cat?post=286"},{"taxonomy":"product_tag","embeddable":true,"href":"https:\/\/editora.ufrrj.br\/portal\/wp-json\/wp\/v2\/product_tag?post=286"}],"curies":[{"name":"wp","href":"https:\/\/api.w.org\/{rel}","templated":true}]}}