{"id":282,"date":"2016-08-09T18:26:24","date_gmt":"2016-08-09T21:26:24","guid":{"rendered":"http:\/\/editora.ufrrj.br\/?post_type=product&#038;p=282"},"modified":"2025-06-24T09:58:32","modified_gmt":"2025-06-24T12:58:32","slug":"uma-viagem-ao-tunel-do-tempo-a-ditadura-vista-de-dentro-da-universidade","status":"publish","type":"product","link":"https:\/\/editora.ufrrj.br\/portal\/produto\/uma-viagem-ao-tunel-do-tempo-a-ditadura-vista-de-dentro-da-universidade\/","title":{"rendered":"Uma Viagem ao T\u00fanel do Tempo, a ditadura vista de dentro da universidade"},"content":{"rendered":"<p>Autor: C\u00e9lia Regina Otranto<\/p>\n<p>ISBN: 978-85-85720-93-3<\/p>\n<p>Ano, P\u00e1g., Peso: 2010, 223p., 330 gramas<\/p>\n<p>&nbsp;<\/p>\n","protected":false},"excerpt":{"rendered":"<p>Obra\u00a0fundamentada, principalmente, em fontes prim\u00e1rias documentais, que foram complementadas, agora, pela hist\u00f3ria oral daqueles que vivenciaram o interior da Institui\u00e7\u00e3o no per\u00edodo em an\u00e1lise. A hist\u00f3ria oral foi a ferramenta utilizada para complementar as lacunas hist\u00f3ricas decorrentes da falta de informa\u00e7\u00e3o impressa. O espa\u00e7o temporal foi selecionado em virtude de representar um per\u00edodo especialmente relevante na hist\u00f3ria da Universidade. Na d\u00e9cada de 1960, a Institui\u00e7\u00e3o mudou tr\u00eas vezes de denomina\u00e7\u00e3o e foi transferida do Minist\u00e9rio da Agricultura, ao qual estava vinculada desde 1910, para o Minist\u00e9rio da Educa\u00e7\u00e3o. Na d\u00e9cada de 1970, foi obrigada a criar cursos na \u00e1rea de Ci\u00eancias Humanas, deixando assim de oferecer forma\u00e7\u00e3o exclusivamente agr\u00e1ria, para se adaptar \u00e0s diretrizes da Reforma Universit\u00e1ria de 1968. Al\u00e9m disso, viu ressurgir no final da d\u00e9cada de 1970, o movimento estudantil, com a cria\u00e7\u00e3o do DCE-Livre e o movimento docente, com a cria\u00e7\u00e3o da ADUR-RJ. Tudo isso em pleno per\u00edodo de opress\u00e3o e autoritarismo ocasionado pelo golpe militar de 1964, quando o reitor foi \u201ccassado\u201d e professores, estudantes e t\u00e9cnicos foram perseguidos pela ditadura. As lacunas temporais com lapsos de informa\u00e7\u00f5es, em virtude da destrui\u00e7\u00e3o de documentos ordenada pelos governos militares, motivou a presente pesquisa. Foram selecionados quatro docentes, quatro discentes e tr\u00eas t\u00e9cnicos administrativos, que vivenciaram a hist\u00f3ria da Institui\u00e7\u00e3o no per\u00edodo em an\u00e1lise, aceitaram ser entrevistados e autorizaram a utiliza\u00e7\u00e3o do teor das entrevistas. Os depoimentos enriqueceram o relato hist\u00f3rico e complementaram quantitativa e qualitativamente as informa\u00e7\u00f5es obtidas anteriormente. Durante todo o percurso investigativo as informa\u00e7\u00f5es orais foram sempre comparadas com aquelas obtidas das fontes impressas a fim de que se procurasse manter a linha hist\u00f3rica e se pudesse constatar a veracidade dos fatos.<\/p>\n","protected":false},"featured_media":575,"template":"","meta":{"_acf_changed":false},"product_brand":[],"product_cat":[19],"product_tag":[],"class_list":{"0":"post-282","1":"product","2":"type-product","3":"status-publish","4":"has-post-thumbnail","6":"product_cat-historia","8":"first","9":"instock","10":"sale","11":"shipping-taxable","12":"purchasable","13":"product-type-simple"},"acf":[],"_links":{"self":[{"href":"https:\/\/editora.ufrrj.br\/portal\/wp-json\/wp\/v2\/product\/282","targetHints":{"allow":["GET"]}}],"collection":[{"href":"https:\/\/editora.ufrrj.br\/portal\/wp-json\/wp\/v2\/product"}],"about":[{"href":"https:\/\/editora.ufrrj.br\/portal\/wp-json\/wp\/v2\/types\/product"}],"wp:featuredmedia":[{"embeddable":true,"href":"https:\/\/editora.ufrrj.br\/portal\/wp-json\/wp\/v2\/media\/575"}],"wp:attachment":[{"href":"https:\/\/editora.ufrrj.br\/portal\/wp-json\/wp\/v2\/media?parent=282"}],"wp:term":[{"taxonomy":"product_brand","embeddable":true,"href":"https:\/\/editora.ufrrj.br\/portal\/wp-json\/wp\/v2\/product_brand?post=282"},{"taxonomy":"product_cat","embeddable":true,"href":"https:\/\/editora.ufrrj.br\/portal\/wp-json\/wp\/v2\/product_cat?post=282"},{"taxonomy":"product_tag","embeddable":true,"href":"https:\/\/editora.ufrrj.br\/portal\/wp-json\/wp\/v2\/product_tag?post=282"}],"curies":[{"name":"wp","href":"https:\/\/api.w.org\/{rel}","templated":true}]}}