{"id":267,"date":"2016-04-07T19:50:44","date_gmt":"2016-04-07T22:50:44","guid":{"rendered":"http:\/\/editora.ufrrj.br\/?post_type=product&#038;p=267"},"modified":"2023-07-26T10:09:21","modified_gmt":"2023-07-26T13:09:21","slug":"universidade-rural-verdureiros-capagatos-e-patiobas-cinquenta-anos-atras","status":"publish","type":"product","link":"https:\/\/editora.ufrrj.br\/portal\/produto\/universidade-rural-verdureiros-capagatos-e-patiobas-cinquenta-anos-atras\/","title":{"rendered":"Universidade Rural: verdureiros, capagatos e patiobas, cinquenta anos atr\u00e1s"},"content":{"rendered":"<p>Descreve o status educacional do campus, com \u00eanfase na infraestrutura operacional, na grade curricular seriada e na forma\u00e7\u00e3o de profissionais comprometidos com o meio rural. Adicionalmente, tece coment\u00e1rios sobre os cursos e a interatividade entre eles, Agronomia, Veterin\u00e1ria e Economia Rural Dom\u00e9stica, expondo as diverg\u00eancias sadias dos alcunhados, respectivamente, verdureiros, capagatos e patiobas. Analisa, sucintamente, as disciplinas dos quatro anos, incluindo a performance do corpo docente, de modo a dar uma ideia do n\u00edvel de ensino facultado aos futuros Engenheiros-Agr\u00f4nomos. Em adendo, inseriu-se uma s\u00e9rie de depoimentos de ex-alunos, enfocando o mote: o que a Rural foi importante na minha vida?<\/p>\n<p>Autor: Luiz Ferreira da Silva<\/p>\n<p>ISBN: 978-85-8067-026-4<\/p>\n<p>Ano, P\u00e1g., Peso: 2012, 117p., 180 gramas<\/p>\n<p>&nbsp;<\/p>\n","protected":false},"excerpt":{"rendered":"<p>Autor: Luiz Ferreira da Silva<\/p>\n","protected":false},"featured_media":574,"template":"","meta":{"_acf_changed":false},"product_brand":[],"product_cat":[19],"product_tag":[],"class_list":{"0":"post-267","1":"product","2":"type-product","3":"status-publish","4":"has-post-thumbnail","6":"product_cat-historia","8":"first","9":"instock","10":"sale","11":"shipping-taxable","12":"purchasable","13":"product-type-simple"},"acf":[],"_links":{"self":[{"href":"https:\/\/editora.ufrrj.br\/portal\/wp-json\/wp\/v2\/product\/267","targetHints":{"allow":["GET"]}}],"collection":[{"href":"https:\/\/editora.ufrrj.br\/portal\/wp-json\/wp\/v2\/product"}],"about":[{"href":"https:\/\/editora.ufrrj.br\/portal\/wp-json\/wp\/v2\/types\/product"}],"wp:featuredmedia":[{"embeddable":true,"href":"https:\/\/editora.ufrrj.br\/portal\/wp-json\/wp\/v2\/media\/574"}],"wp:attachment":[{"href":"https:\/\/editora.ufrrj.br\/portal\/wp-json\/wp\/v2\/media?parent=267"}],"wp:term":[{"taxonomy":"product_brand","embeddable":true,"href":"https:\/\/editora.ufrrj.br\/portal\/wp-json\/wp\/v2\/product_brand?post=267"},{"taxonomy":"product_cat","embeddable":true,"href":"https:\/\/editora.ufrrj.br\/portal\/wp-json\/wp\/v2\/product_cat?post=267"},{"taxonomy":"product_tag","embeddable":true,"href":"https:\/\/editora.ufrrj.br\/portal\/wp-json\/wp\/v2\/product_tag?post=267"}],"curies":[{"name":"wp","href":"https:\/\/api.w.org\/{rel}","templated":true}]}}