{"id":262,"date":"2016-04-07T13:10:00","date_gmt":"2016-04-07T16:10:00","guid":{"rendered":"http:\/\/editora.ufrrj.br\/?post_type=product&#038;p=262"},"modified":"2024-01-04T23:37:14","modified_gmt":"2024-01-05T02:37:14","slug":"universidades-federais-brasileiras-na-berlinda","status":"publish","type":"product","link":"https:\/\/editora.ufrrj.br\/portal\/produto\/universidades-federais-brasileiras-na-berlinda\/","title":{"rendered":"Universidades Federais Brasileiras na Berlinda"},"content":{"rendered":"<p>Este livro apresenta uma profunda an\u00e1lise da situa\u00e7\u00e3o de crise e de mudan\u00e7as das Universidades Federais Brasileiras \u00e0 luz do pensamento dos dirigentes das Universidades Federais situadas no Estado do Rio de Janeiro. De forma pragm\u00e1tica e objetiva sintetiza as percep\u00e7\u00f5es e perspectivas de quem faz a gest\u00e3o universit\u00e1ria, tornando-se uma substancial contribui\u00e7\u00e3o ao dom\u00ednio do tema.<\/p>\n<p>Organizadora: Maria Helena S. Costa Sleutjes<\/p>\n<p>ISBN: 85-90067-1-1<\/p>\n<p>Ano, P\u00e1g., Peso: 1999, 127p., 177 gramas<\/p>\n<p>&nbsp;<\/p>\n","protected":false},"excerpt":{"rendered":"<p>Maria Helena S. Costa Sleutjes (Autora)<\/p>\n","protected":false},"featured_media":572,"template":"","meta":{"_acf_changed":false},"product_brand":[],"product_cat":[23],"product_tag":[],"class_list":{"0":"post-262","1":"product","2":"type-product","3":"status-publish","4":"has-post-thumbnail","6":"product_cat-ciencias-sociais-e-politicas","7":"product_shipping_class-correios","9":"first","10":"instock","11":"sale","12":"shipping-taxable","13":"purchasable","14":"product-type-simple"},"acf":[],"_links":{"self":[{"href":"https:\/\/editora.ufrrj.br\/portal\/wp-json\/wp\/v2\/product\/262","targetHints":{"allow":["GET"]}}],"collection":[{"href":"https:\/\/editora.ufrrj.br\/portal\/wp-json\/wp\/v2\/product"}],"about":[{"href":"https:\/\/editora.ufrrj.br\/portal\/wp-json\/wp\/v2\/types\/product"}],"wp:featuredmedia":[{"embeddable":true,"href":"https:\/\/editora.ufrrj.br\/portal\/wp-json\/wp\/v2\/media\/572"}],"wp:attachment":[{"href":"https:\/\/editora.ufrrj.br\/portal\/wp-json\/wp\/v2\/media?parent=262"}],"wp:term":[{"taxonomy":"product_brand","embeddable":true,"href":"https:\/\/editora.ufrrj.br\/portal\/wp-json\/wp\/v2\/product_brand?post=262"},{"taxonomy":"product_cat","embeddable":true,"href":"https:\/\/editora.ufrrj.br\/portal\/wp-json\/wp\/v2\/product_cat?post=262"},{"taxonomy":"product_tag","embeddable":true,"href":"https:\/\/editora.ufrrj.br\/portal\/wp-json\/wp\/v2\/product_tag?post=262"}],"curies":[{"name":"wp","href":"https:\/\/api.w.org\/{rel}","templated":true}]}}