{"id":2373,"date":"2020-07-24T14:12:59","date_gmt":"2020-07-24T17:12:59","guid":{"rendered":"http:\/\/editora.ufrrj.br\/?post_type=product&#038;p=2373"},"modified":"2023-08-14T11:10:32","modified_gmt":"2023-08-14T14:10:32","slug":"praticas-de-morfologia-e-fisica-do-solo","status":"publish","type":"product","link":"https:\/\/editora.ufrrj.br\/portal\/produto\/praticas-de-morfologia-e-fisica-do-solo\/","title":{"rendered":"Pr\u00e1ticas de Morfologia e F\u00edsica do Solo"},"content":{"rendered":"<p>O livro \u201cPr\u00e1ticas de Morfologia e F\u00edsica do Solo\u201d \u00e9 um produto da experi\u00eancia de leciona\u00e7\u00e3o dos professores da disciplina F\u00edsica do Solo, do Departamento de Solos da Universidade Federal Rural do Rio de Janeiro. A obra \u00e9 composta por cap\u00edtulos nos quais professores, pesquisadores, acad\u00eamicos e pessoas ligadas \u00e0 \u00e1rea das ci\u00eancias agr\u00e1rias encontrar\u00e3o conceitos fundamentais sobre esse ramo da ci\u00eancia do solo, bem como a realiza\u00e7\u00e3o de uma s\u00e9rie de pr\u00e1ticas que envolvem os aspectos da morfologia e f\u00edsica do solo. Esperamos que a publica\u00e7\u00e3o possa contribuir para a forma\u00e7\u00e3o de uma nova gera\u00e7\u00e3o de profissionais das \u00e1reas das ci\u00eancias agr\u00e1rias, dentre outras, que pretendem adquirir uma maior compreens\u00e3o dos processos envolvidos nesse campo da ci\u00eancia do solo.<\/p>\n<p>Autores: Marcos Gervasio Pereira; Alexandre Ravelli Neto; Lucia Helena Cunha dos Anjos; Marcos Bacis Ceddia; Nivaldo Schultz.<\/p>\n<p>ISBN: 978-65-86859-05-8<\/p>\n<p>Ano: 2020<\/p>\n<p>1\u00aa Edi\u00e7\u00e3o<\/p>\n","protected":false},"excerpt":{"rendered":"<p>Autores: Marcos Gervasio Pereira; Alexandre Ravelli Neto; Lucia Helena Cunha dos Anjos; Marcos Bacis Ceddia; Nivaldo Schultz.<\/p>\n","protected":false},"featured_media":2376,"template":"","meta":{"_acf_changed":false},"product_brand":[],"product_cat":[13,59,10,20,103],"product_tag":[100,99],"class_list":{"0":"post-2373","1":"product","2":"type-product","3":"status-publish","4":"has-post-thumbnail","6":"product_cat-agronomia","7":"product_cat-ebooks","8":"product_cat-lancamento","9":"product_cat-recursos-florestais","10":"product_cat-serie-ementas","11":"product_tag-ciencias-agrarias","12":"product_tag-fisica-do-solo","14":"first","15":"instock","16":"featured","17":"shipping-taxable","18":"purchasable","19":"product-type-variable"},"acf":[],"_links":{"self":[{"href":"https:\/\/editora.ufrrj.br\/portal\/wp-json\/wp\/v2\/product\/2373","targetHints":{"allow":["GET"]}}],"collection":[{"href":"https:\/\/editora.ufrrj.br\/portal\/wp-json\/wp\/v2\/product"}],"about":[{"href":"https:\/\/editora.ufrrj.br\/portal\/wp-json\/wp\/v2\/types\/product"}],"wp:featuredmedia":[{"embeddable":true,"href":"https:\/\/editora.ufrrj.br\/portal\/wp-json\/wp\/v2\/media\/2376"}],"wp:attachment":[{"href":"https:\/\/editora.ufrrj.br\/portal\/wp-json\/wp\/v2\/media?parent=2373"}],"wp:term":[{"taxonomy":"product_brand","embeddable":true,"href":"https:\/\/editora.ufrrj.br\/portal\/wp-json\/wp\/v2\/product_brand?post=2373"},{"taxonomy":"product_cat","embeddable":true,"href":"https:\/\/editora.ufrrj.br\/portal\/wp-json\/wp\/v2\/product_cat?post=2373"},{"taxonomy":"product_tag","embeddable":true,"href":"https:\/\/editora.ufrrj.br\/portal\/wp-json\/wp\/v2\/product_tag?post=2373"}],"curies":[{"name":"wp","href":"https:\/\/api.w.org\/{rel}","templated":true}]}}