{"id":1690,"date":"2019-12-12T16:43:13","date_gmt":"2019-12-12T19:43:13","guid":{"rendered":"http:\/\/editora.ufrrj.br\/?post_type=product&#038;p=1690"},"modified":"2023-07-14T10:52:13","modified_gmt":"2023-07-14T13:52:13","slug":"dois-mundos-entrelacados-produtividade-do-trabalho-e-valorizacao-financeira","status":"publish","type":"product","link":"https:\/\/editora.ufrrj.br\/portal\/produto\/dois-mundos-entrelacados-produtividade-do-trabalho-e-valorizacao-financeira\/","title":{"rendered":"Dois mundos entrela\u00e7ados &#8211; produtividade do trabalho e valoriza\u00e7\u00e3o financeira"},"content":{"rendered":"<p>Autor: Sebasti\u00e3o Ferreira da Cunha<\/p>\n<p>ISBN:\u00a0978-85-8067-105-6<\/p>\n<p>Ano: 2019<\/p>\n<p>1\u00aa Edi\u00e7\u00e3o<\/p>\n","protected":false},"excerpt":{"rendered":"<p>Autor: Sebasti\u00e3o Ferreira da Cunha<\/p>\n","protected":false},"featured_media":1693,"template":"","meta":{"_acf_changed":false},"product_brand":[],"product_cat":[23,59,93,106],"product_tag":[],"class_list":{"0":"post-1690","1":"product","2":"type-product","3":"status-publish","4":"has-post-thumbnail","6":"product_cat-ciencias-sociais-e-politicas","7":"product_cat-ebooks","8":"product_cat-economia","9":"product_cat-serie-teses","11":"first","12":"instock","13":"shipping-taxable","14":"purchasable","15":"product-type-variable"},"acf":[],"_links":{"self":[{"href":"https:\/\/editora.ufrrj.br\/portal\/wp-json\/wp\/v2\/product\/1690","targetHints":{"allow":["GET"]}}],"collection":[{"href":"https:\/\/editora.ufrrj.br\/portal\/wp-json\/wp\/v2\/product"}],"about":[{"href":"https:\/\/editora.ufrrj.br\/portal\/wp-json\/wp\/v2\/types\/product"}],"wp:featuredmedia":[{"embeddable":true,"href":"https:\/\/editora.ufrrj.br\/portal\/wp-json\/wp\/v2\/media\/1693"}],"wp:attachment":[{"href":"https:\/\/editora.ufrrj.br\/portal\/wp-json\/wp\/v2\/media?parent=1690"}],"wp:term":[{"taxonomy":"product_brand","embeddable":true,"href":"https:\/\/editora.ufrrj.br\/portal\/wp-json\/wp\/v2\/product_brand?post=1690"},{"taxonomy":"product_cat","embeddable":true,"href":"https:\/\/editora.ufrrj.br\/portal\/wp-json\/wp\/v2\/product_cat?post=1690"},{"taxonomy":"product_tag","embeddable":true,"href":"https:\/\/editora.ufrrj.br\/portal\/wp-json\/wp\/v2\/product_tag?post=1690"}],"curies":[{"name":"wp","href":"https:\/\/api.w.org\/{rel}","templated":true}]}}