{"id":1686,"date":"2019-12-12T16:43:29","date_gmt":"2019-12-12T19:43:29","guid":{"rendered":"http:\/\/editora.ufrrj.br\/?post_type=product&#038;p=1686"},"modified":"2023-07-14T10:50:43","modified_gmt":"2023-07-14T13:50:43","slug":"dicionario-de-quimica-ingles-portugues","status":"publish","type":"product","link":"https:\/\/editora.ufrrj.br\/portal\/produto\/dicionario-de-quimica-ingles-portugues\/","title":{"rendered":"Dicion\u00e1rio de Qu\u00edmica: Ingl\u00eas &#8211; Portugu\u00eas"},"content":{"rendered":"<p>Autor:\u00a0Fernando Jos\u00e9 Luna<\/p>\n<p>ISBN:\u00a0978-85-8067-112-4<\/p>\n<p>Ano: 2019<\/p>\n<p>1\u00aa Edi\u00e7\u00e3o<\/p>\n","protected":false},"excerpt":{"rendered":"<p>Autor:\u00a0Fernando Jos\u00e9 Luna<\/p>\n","protected":false},"featured_media":1689,"template":"","meta":{"_acf_changed":false},"product_brand":[],"product_cat":[59,84,92],"product_tag":[],"class_list":{"0":"post-1686","1":"product","2":"type-product","3":"status-publish","4":"has-post-thumbnail","6":"product_cat-ebooks","7":"product_cat-lingua-inglesa","8":"product_cat-quimica","10":"first","11":"instock","12":"featured","13":"shipping-taxable","14":"purchasable","15":"product-type-variable"},"acf":[],"_links":{"self":[{"href":"https:\/\/editora.ufrrj.br\/portal\/wp-json\/wp\/v2\/product\/1686","targetHints":{"allow":["GET"]}}],"collection":[{"href":"https:\/\/editora.ufrrj.br\/portal\/wp-json\/wp\/v2\/product"}],"about":[{"href":"https:\/\/editora.ufrrj.br\/portal\/wp-json\/wp\/v2\/types\/product"}],"wp:featuredmedia":[{"embeddable":true,"href":"https:\/\/editora.ufrrj.br\/portal\/wp-json\/wp\/v2\/media\/1689"}],"wp:attachment":[{"href":"https:\/\/editora.ufrrj.br\/portal\/wp-json\/wp\/v2\/media?parent=1686"}],"wp:term":[{"taxonomy":"product_brand","embeddable":true,"href":"https:\/\/editora.ufrrj.br\/portal\/wp-json\/wp\/v2\/product_brand?post=1686"},{"taxonomy":"product_cat","embeddable":true,"href":"https:\/\/editora.ufrrj.br\/portal\/wp-json\/wp\/v2\/product_cat?post=1686"},{"taxonomy":"product_tag","embeddable":true,"href":"https:\/\/editora.ufrrj.br\/portal\/wp-json\/wp\/v2\/product_tag?post=1686"}],"curies":[{"name":"wp","href":"https:\/\/api.w.org\/{rel}","templated":true}]}}