{"id":1372,"date":"2018-12-27T14:51:09","date_gmt":"2018-12-27T16:51:09","guid":{"rendered":"http:\/\/editora.ufrrj.br\/?post_type=product&#038;p=1372"},"modified":"2025-10-30T11:10:23","modified_gmt":"2025-10-30T14:10:23","slug":"modernismo-brasileiro-90-anos-outras-vanguardas-e-pos-vanguardas-avaliacoes-criticas-contemporaneas","status":"publish","type":"product","link":"https:\/\/editora.ufrrj.br\/portal\/produto\/modernismo-brasileiro-90-anos-outras-vanguardas-e-pos-vanguardas-avaliacoes-criticas-contemporaneas\/","title":{"rendered":"Modernismo Brasileiro 90 anos, outras vanguardas e p\u00f3s-vanguardas: avalia\u00e7\u00f5es cr\u00edticas contempor\u00e2neas"},"content":{"rendered":"<p>Este livro \u00e9 o resultado do desejo de se observar criticamente o impacto do movimento modernista de 1922 no contexto cultural brasileiro do in\u00edcio do s\u00e9culo XX e, prospectivamente, discutir seu legado para as gera\u00e7\u00f5es futuras, colocando em pauta o di\u00e1logo dos contempor\u00e2neos com os mestres do passado. Os onze ensaios te\u00f3rico-cr\u00edticos que o comp\u00f5em foram originalmente apresentados no semin\u00e1rio Modernismo brasileiro 90 anos, outras vanguardas, neovanguardas e p\u00f3s-vanguardas, realizado em setembro de 2012 na Universidade Rural do Rio de Janeiro, campus Serop\u00e9dica. Conforme o projeto norteador do semin\u00e1rio, pretendia-se tamb\u00e9m lan\u00e7ar um olhar, de modo dial\u00f3gico, sobre os movimentos de vanguarda em geral, contemplando diferentes produ\u00e7\u00f5es art\u00edsticas.<\/p>\n<p>Organizadora: Regina L\u00facia de Faria<\/p>\n<p>ISBN: 978-85-8067-099-8<\/p>\n<p>Ano: 2018<\/p>\n","protected":false},"excerpt":{"rendered":"<p>Organizadora: Regina L\u00facia de Faria<\/p>\n","protected":false},"featured_media":1376,"template":"","meta":{"_acf_changed":false},"product_brand":[],"product_cat":[78,23,59,19,102],"product_tag":[],"class_list":{"0":"post-1372","1":"product","2":"type-product","3":"status-publish","4":"has-post-thumbnail","6":"product_cat-artes","7":"product_cat-ciencias-sociais-e-politicas","8":"product_cat-ebooks","9":"product_cat-historia","10":"product_cat-serie-instituto-rural","12":"first","13":"instock","14":"shipping-taxable","15":"purchasable","16":"product-type-variable"},"acf":[],"_links":{"self":[{"href":"https:\/\/editora.ufrrj.br\/portal\/wp-json\/wp\/v2\/product\/1372","targetHints":{"allow":["GET"]}}],"collection":[{"href":"https:\/\/editora.ufrrj.br\/portal\/wp-json\/wp\/v2\/product"}],"about":[{"href":"https:\/\/editora.ufrrj.br\/portal\/wp-json\/wp\/v2\/types\/product"}],"wp:featuredmedia":[{"embeddable":true,"href":"https:\/\/editora.ufrrj.br\/portal\/wp-json\/wp\/v2\/media\/1376"}],"wp:attachment":[{"href":"https:\/\/editora.ufrrj.br\/portal\/wp-json\/wp\/v2\/media?parent=1372"}],"wp:term":[{"taxonomy":"product_brand","embeddable":true,"href":"https:\/\/editora.ufrrj.br\/portal\/wp-json\/wp\/v2\/product_brand?post=1372"},{"taxonomy":"product_cat","embeddable":true,"href":"https:\/\/editora.ufrrj.br\/portal\/wp-json\/wp\/v2\/product_cat?post=1372"},{"taxonomy":"product_tag","embeddable":true,"href":"https:\/\/editora.ufrrj.br\/portal\/wp-json\/wp\/v2\/product_tag?post=1372"}],"curies":[{"name":"wp","href":"https:\/\/api.w.org\/{rel}","templated":true}]}}